{"id":364,"date":"2015-01-04T16:25:39","date_gmt":"2015-01-04T15:25:39","guid":{"rendered":"https:\/\/seoceuta.es\/wordpress\/grupo-local-seoceuta\/"},"modified":"2025-01-24T23:10:41","modified_gmt":"2025-01-24T22:10:41","slug":"grupo-local-seoceuta","status":"publish","type":"page","link":"https:\/\/www.seoceuta.es\/wordpress\/grupo-local-seoceuta\/","title":{"rendered":"Grupo local Seo\/Ceuta"},"content":{"rendered":"<p><span style=\"color: #000000;\"><span style=\"font-family: arial,helvetica,sans-serif; font-size: 14px;\"><img fetchpriority=\"high\" decoding=\"async\" class=\" size-full wp-image-363\" style=\"border-style: solid; border-width: 0px; float: left; height: 171px; margin: 5px; width: 250px;\" src=\"https:\/\/seoceuta.es\/wordpress\/wp-content\/uploads\/2015\/01\/LOGO70color.png\" alt=\"\" width=\"1612\" height=\"1101\" srcset=\"https:\/\/www.seoceuta.es\/wordpress\/wp-content\/uploads\/2015\/01\/LOGO70color.png 1612w, https:\/\/www.seoceuta.es\/wordpress\/wp-content\/uploads\/2015\/01\/LOGO70color-300x205.png 300w, https:\/\/www.seoceuta.es\/wordpress\/wp-content\/uploads\/2015\/01\/LOGO70color-1024x699.png 1024w, https:\/\/www.seoceuta.es\/wordpress\/wp-content\/uploads\/2015\/01\/LOGO70color-768x525.png 768w, https:\/\/www.seoceuta.es\/wordpress\/wp-content\/uploads\/2015\/01\/LOGO70color-1536x1049.png 1536w\" sizes=\"(max-width: 1612px) 100vw, 1612px\" \/><\/span><\/span>El grupo local de la Sociedad Espa\u00f1ola de Ornitolog\u00eda en Ceuta (SEO-CEUTA) nace en 1992, teniendo como objetivo principal la conservaci\u00f3n y defensa de la avifauna de nuestra ciudad, esta compuesto por un modesto numero de socios de la Sociedad Espa\u00f1ola de Ornitolog\u00eda\/Birdlife que d\u00eda a d\u00eda sigue manteniendo la ilusi\u00f3n por el estudio y defensa de las aves, siendo uno de los principales objetivos la protecci\u00f3n y conservaci\u00f3n de algunas especies y subespecies unicas de la avifauna espa\u00f1ola, como son el Bulbul naranjero, Chagra del Senegal, Ratonero moro, Herrerillo africano y las subespecies norteafricanas del Pinz\u00f3n com\u00fan, Cuervo y Carabo.<\/p>\n<p>Desde sus inicios, sus miembros han desarrollado activamente multitud de actividades y programas:<\/p>\n<p>&#8211; Miembro del Consejo de Caza desde 1992. (Prohibici\u00f3n de la media veda (Codorniz y T\u00f3rtola), prohibici\u00f3n de captura de fring\u00edlidos en migraci\u00f3n prenupcial, etc.)<\/p>\n<div>&#8211; Solicitud de Reserva de Caza del Arroyo de Calamocarro (1992). (Aprobada en 2007)<\/div>\n<p>&#8211; Solicitud de realizaci\u00f3n del Cat\u00e1logo de Especies Protegidas de la Ciudad (1999).<\/p>\n<p>&#8211; Participaci\u00f3n en la Agenda Local 21 (a partir de 2005).<\/p>\n<div>&#8211; Colaboraci\u00f3n para la declaraci\u00f3n del territorio de Ceuta como IBA n\u00ba 247 (1998). Posteriormente da lugar a la designaci\u00f3n de la ZEPA de Calamocarro-Benz\u00fa y la de los acantilados del Monte Hacho (2000).<\/div>\n<div><\/div>\n<div>&#8211; Desde 1999, se celebra el D\u00eda Mundial de las Aves, en un principio\u00a0en el Parque del Mediterr\u00e1neo, por su c\u00e9ntrica situaci\u00f3n para facilitar la presencia del p\u00fablico interesado, posteriormente\u00a0en la Estaci\u00f3n Ornitol\u00f3gica de Punta Blanca, para poder combinar el anillamiento con la observaci\u00f3n de aves.<\/div>\n<p>&#8211; Inclusi\u00f3n de las especies de Ceuta en la \u201cLista de las Aves de Espa\u00f1a\u201d (2005).<\/p>\n<div>&#8211; Colaboraci\u00f3n para la integraci\u00f3n de las aguas costeras de Ceuta en la IBA Marina\u00a0 ES 404. Estrecho de Gibraltar (2009).<\/div>\n<div><\/div>\n<div>&#8211; Colaboraci\u00f3n P.O.R.N. de la ZEPA Benz\u00fa-Calamocarro. (Desde 2009).<\/div>\n<div><\/div>\n<div>&#8211; Colaboraci\u00f3n en las \u201c100 medidas para la conservaci\u00f3n de\u00a0 la Biodiversidad\u201d(2009).<\/div>\n<div><\/div>\n<div>&#8211; Propuesta de utilizaci\u00f3n de uno de los fuertes neomedievales como Centro de Interpretaci\u00f3n de la ZEPA de Benz\u00fa-Calamocarro (2009).<\/div>\n<div><\/div>\n<div>&#8211; Diversas denuncias por agresiones contra el medio ambiente.<\/div>\n<div><\/div>\n<div>&#8211; Charlas divulgativas en colegios y centros culturales.<\/div>\n<div><\/div>\n<div>&#8211; Publicaci\u00f3n de contenidos en la Revista Alcud\u00f3n.<\/div>\n<div class=\"pvc_clear\"><\/div>\n<p id=\"pvc_stats_364\" class=\"pvc_stats all  \" data-element-id=\"364\" style=\"\"><i class=\"pvc-stats-icon medium\" aria-hidden=\"true\"><svg aria-hidden=\"true\" focusable=\"false\" data-prefix=\"far\" data-icon=\"chart-bar\" role=\"img\" xmlns=\"http:\/\/www.w3.org\/2000\/svg\" viewBox=\"0 0 512 512\" class=\"svg-inline--fa fa-chart-bar fa-w-16 fa-2x\"><path fill=\"currentColor\" d=\"M396.8 352h22.4c6.4 0 12.8-6.4 12.8-12.8V108.8c0-6.4-6.4-12.8-12.8-12.8h-22.4c-6.4 0-12.8 6.4-12.8 12.8v230.4c0 6.4 6.4 12.8 12.8 12.8zm-192 0h22.4c6.4 0 12.8-6.4 12.8-12.8V140.8c0-6.4-6.4-12.8-12.8-12.8h-22.4c-6.4 0-12.8 6.4-12.8 12.8v198.4c0 6.4 6.4 12.8 12.8 12.8zm96 0h22.4c6.4 0 12.8-6.4 12.8-12.8V204.8c0-6.4-6.4-12.8-12.8-12.8h-22.4c-6.4 0-12.8 6.4-12.8 12.8v134.4c0 6.4 6.4 12.8 12.8 12.8zM496 400H48V80c0-8.84-7.16-16-16-16H16C7.16 64 0 71.16 0 80v336c0 17.67 14.33 32 32 32h464c8.84 0 16-7.16 16-16v-16c0-8.84-7.16-16-16-16zm-387.2-48h22.4c6.4 0 12.8-6.4 12.8-12.8v-70.4c0-6.4-6.4-12.8-12.8-12.8h-22.4c-6.4 0-12.8 6.4-12.8 12.8v70.4c0 6.4 6.4 12.8 12.8 12.8z\" class=\"\"><\/path><\/svg><\/i> <img decoding=\"async\" width=\"16\" height=\"16\" alt=\"Loading\" src=\"https:\/\/www.seoceuta.es\/wordpress\/wp-content\/plugins\/page-views-count\/ajax-loader-2x.gif\" border=0 \/><\/p>\n<div class=\"pvc_clear\"><\/div>\n","protected":false},"excerpt":{"rendered":"<p>El grupo local de la Sociedad Espa\u00f1ola de Ornitolog\u00eda en<\/p>\n<div class=\"pvc_clear\"><\/div>\n<p id=\"pvc_stats_364\" class=\"pvc_stats all  \" data-element-id=\"364\" style=\"\"><i class=\"pvc-stats-icon medium\" aria-hidden=\"true\"><svg aria-hidden=\"true\" focusable=\"false\" data-prefix=\"far\" data-icon=\"chart-bar\" role=\"img\" xmlns=\"http:\/\/www.w3.org\/2000\/svg\" viewBox=\"0 0 512 512\" class=\"svg-inline--fa fa-chart-bar fa-w-16 fa-2x\"><path fill=\"currentColor\" d=\"M396.8 352h22.4c6.4 0 12.8-6.4 12.8-12.8V108.8c0-6.4-6.4-12.8-12.8-12.8h-22.4c-6.4 0-12.8 6.4-12.8 12.8v230.4c0 6.4 6.4 12.8 12.8 12.8zm-192 0h22.4c6.4 0 12.8-6.4 12.8-12.8V140.8c0-6.4-6.4-12.8-12.8-12.8h-22.4c-6.4 0-12.8 6.4-12.8 12.8v198.4c0 6.4 6.4 12.8 12.8 12.8zm96 0h22.4c6.4 0 12.8-6.4 12.8-12.8V204.8c0-6.4-6.4-12.8-12.8-12.8h-22.4c-6.4 0-12.8 6.4-12.8 12.8v134.4c0 6.4 6.4 12.8 12.8 12.8zM496 400H48V80c0-8.84-7.16-16-16-16H16C7.16 64 0 71.16 0 80v336c0 17.67 14.33 32 32 32h464c8.84 0 16-7.16 16-16v-16c0-8.84-7.16-16-16-16zm-387.2-48h22.4c6.4 0 12.8-6.4 12.8-12.8v-70.4c0-6.4-6.4-12.8-12.8-12.8h-22.4c-6.4 0-12.8 6.4-12.8 12.8v70.4c0 6.4 6.4 12.8 12.8 12.8z\" class=\"\"><\/path><\/svg><\/i> <img decoding=\"async\" width=\"16\" height=\"16\" alt=\"Loading\" src=\"https:\/\/www.seoceuta.es\/wordpress\/wp-content\/plugins\/page-views-count\/ajax-loader-2x.gif\" border=0 \/><\/p>\n<div class=\"pvc_clear\"><\/div>\n","protected":false},"author":1,"featured_media":0,"parent":0,"menu_order":0,"comment_status":"closed","ping_status":"closed","template":"","meta":{"advgb_blocks_editor_width":"","advgb_blocks_columns_visual_guide":"","ngg_post_thumbnail":0,"footnotes":""},"class_list":["post-364","page","type-page","status-publish","hentry"],"a3_pvc":{"activated":true,"total_views":1,"today_views":1},"coauthors":[],"author_meta":{"author_link":"https:\/\/www.seoceuta.es\/wordpress\/author\/ajcambelo\/","display_name":"SeoCeuta"},"relative_dates":{"created":"Publicado 11 a\u00f1os hace","modified":"Actualizado 1 a\u00f1o hace"},"absolute_dates":{"created":"Publicado el 4 de enero de 2015","modified":"Actualizado el 24 de enero de 2025"},"absolute_dates_time":{"created":"Publicado el 4 de enero de 2015 16:25","modified":"Actualizado el 24 de enero de 2025 23:10"},"featured_img_caption":"","featured_img":false,"series_order":"","_links":{"self":[{"href":"https:\/\/www.seoceuta.es\/wordpress\/wp-json\/wp\/v2\/pages\/364","targetHints":{"allow":["GET"]}}],"collection":[{"href":"https:\/\/www.seoceuta.es\/wordpress\/wp-json\/wp\/v2\/pages"}],"about":[{"href":"https:\/\/www.seoceuta.es\/wordpress\/wp-json\/wp\/v2\/types\/page"}],"author":[{"embeddable":true,"href":"https:\/\/www.seoceuta.es\/wordpress\/wp-json\/wp\/v2\/users\/1"}],"replies":[{"embeddable":true,"href":"https:\/\/www.seoceuta.es\/wordpress\/wp-json\/wp\/v2\/comments?post=364"}],"version-history":[{"count":4,"href":"https:\/\/www.seoceuta.es\/wordpress\/wp-json\/wp\/v2\/pages\/364\/revisions"}],"predecessor-version":[{"id":1053,"href":"https:\/\/www.seoceuta.es\/wordpress\/wp-json\/wp\/v2\/pages\/364\/revisions\/1053"}],"wp:attachment":[{"href":"https:\/\/www.seoceuta.es\/wordpress\/wp-json\/wp\/v2\/media?parent=364"}],"curies":[{"name":"wp","href":"https:\/\/api.w.org\/{rel}","templated":true}]}}