{"id":365,"date":"2015-01-04T17:30:42","date_gmt":"2015-01-04T16:30:42","guid":{"rendered":"https:\/\/seoceuta.es\/wordpress\/sociedad-estudios-ornitologicos-ceuta\/"},"modified":"2025-01-26T02:08:53","modified_gmt":"2025-01-26T01:08:53","slug":"sociedad-estudios-ornitologicos-ceuta","status":"publish","type":"page","link":"https:\/\/www.seoceuta.es\/wordpress\/sociedad-estudios-ornitologicos-ceuta\/","title":{"rendered":"Sociedad de Estudios Ornitol\u00f3gicos de Ceuta"},"content":{"rendered":"<p><img fetchpriority=\"high\" decoding=\"async\" class=\"size-medium wp-image-1060 alignleft\" src=\"https:\/\/www.seoceuta.es\/wordpress\/wp-content\/uploads\/2025\/01\/Logo-SeoCe-fondo-transparente-300x242.png\" alt=\"Logo Sociedad\" width=\"300\" height=\"242\" srcset=\"https:\/\/www.seoceuta.es\/wordpress\/wp-content\/uploads\/2025\/01\/Logo-SeoCe-fondo-transparente-300x242.png 300w, https:\/\/www.seoceuta.es\/wordpress\/wp-content\/uploads\/2025\/01\/Logo-SeoCe-fondo-transparente-1024x828.png 1024w, https:\/\/www.seoceuta.es\/wordpress\/wp-content\/uploads\/2025\/01\/Logo-SeoCe-fondo-transparente-768x621.png 768w, https:\/\/www.seoceuta.es\/wordpress\/wp-content\/uploads\/2025\/01\/Logo-SeoCe-fondo-transparente-1536x1241.png 1536w, https:\/\/www.seoceuta.es\/wordpress\/wp-content\/uploads\/2025\/01\/Logo-SeoCe-fondo-transparente.png 1600w\" sizes=\"(max-width: 300px) 100vw, 300px\" \/>La Sociedad de Estudios Ornitol\u00f3gicos de Ceuta, tiene su origen en la inquietud de varios aficionados a la ornitolog\u00eda de Ceuta, ante la falta de asociaciones conservacionistas que lucharan por la protecci\u00f3n de las aves y la conservaci\u00f3n de el vapuleado medio natural ceut\u00ed. Nuestra asociaci\u00f3n fue inscrita en el registro de asociaciones de la Delegaci\u00f3n del Gobierno de Ceuta, el 15 de Julio de 1994 y en el registro de asociaciones de la Ciudad Aut\u00f3noma de Ceuta, el\u00a030 de Septiembre del mismo a\u00f1o, con el n\u00famero de orden 76.<\/p>\n<p>Entre los\u00a0principales objetivos se encuentra la lucha por la protecci\u00f3n de las aves y la conservaci\u00f3n del vapuleado medio natural ceut\u00ed, de un modo m\u00e1s detallado y cercano. En 2024 ha cumplido\u00a0su 30\u00ba aniversario. A lo largo de esas tres d\u00e9cadas, sus presidentes han sido: Jos\u00e9 Jim\u00e9nez Mart\u00ednez (1993-2017) y Joaqu\u00edn M. L\u00f3pez Rodr\u00edguez (desde 2018). A continuaci\u00f3n se condensan las acciones, reivindicaciones, actividades y estudios que, por separado o en estrecha colaboraci\u00f3n, han llevado a cabo los\u00a0colectivos: grupo local de SEO\/BirdLife en Ceuta, grupo de anillamiento Chagra y Sociedad de Estudios Ornitol\u00f3gicos de Ceuta:<\/p>\n<p><strong>ALGUNAS DE LAS ACTIVIDADES\u00a0EN LOS \u00daLTIMOS A\u00d1OS\u00a0DE LA SOCIEDAD DE ESTUDIOS ORNITOL\u00d3GICOS DE CEUTA SON:<\/strong><\/p>\n<p><strong>\u2022\u00a0Publicaci\u00f3n del \u201cManual de Iniciaci\u00f3n a la Observaci\u00f3n de Aves, Ciudad de Ceuta\u201d, Instituto de Estudios Ceut\u00edes (2004).<\/strong><\/p>\n<p><strong>\u2022\u00a0Participaci\u00f3n en la Agenda Local 21.<\/strong><\/p>\n<p><strong>\u2022\u00a0Coordinaci\u00f3n y participaci\u00f3n en el proyecto \u201cSeguimiento de la Migraci\u00f3n Postnupcial de Aves Marinas desde la playa del Desnarigado\u201d, durante los a\u00f1os 2006-2010, encuadrado en el Programa de Voluntariado Medioambiental de OBIMASA, con la Colaboraci\u00f3n de la Consejer\u00eda de Medio Ambiente de Ceuta y asesoramiento de la Fundaci\u00f3n Migres.<\/strong><\/p>\n<p><strong>\u2022\u00a0 Presentaci\u00f3n de alegaciones ante la Consejer\u00eda de Medio Ambiente de Ceuta al proyecto de construcci\u00f3n de un parque e\u00f3lico en la Loma de las Piedras.<\/strong><\/p>\n<p><strong>\u2022\u00a0 Tramitaci\u00f3n de denuncias por tr\u00e1fico ilegal de Aves pertenecientes a especies protegidas.<\/strong><\/p>\n<p><strong>\u2022\u00a0 Tramitaci\u00f3n de denuncias por caza ilegal o furtivismo.<\/strong><\/p>\n<p><strong>\u2022 \u00a0Participaci\u00f3n en la Plataforma Anti-Incineradora.<\/strong><\/p>\n<p><strong>TRADICIONALMENTE HA EXISTIDO UNA ESTRECHA COLABORACI\u00d3N CON LOS MIEMBROS DEL GRUPO LOCAL SEO-\/BIRDLIFE EN CEUTA Y DEL GRUPO DE ANILLAMIENTO CHAGRA EN LA REALIZACION DE TODO TIPO DE TRABAJOS, ACTIVIDADES, EDUCACI\u00d3N AMBIENTAL, REIVINDICACIONES CONSERVACIONISTAS, ETC&#8230;&#8230;&#8230;.<\/strong><\/p>\n<p>Todas estas actividades han redundado en el mejor conocimiento de nuestras aves, tanto a nivel nacional, como de Ceuta en particular, donde se realiza un seguimiento pormenorizado de todas nuestras especies. Asimismo se est\u00e1 realizando una divulgaci\u00f3n de la importancia ornitol\u00f3gica de la Ciudad que redunda en otras actividades (como el turismo).<\/p>\n<p>Esta labor de investigaci\u00f3n, educaci\u00f3n ambiental y divulgaci\u00f3n de nuestros valores ornitol\u00f3gicos, ha sido reconocida por la Ciudad, al haber sido galardonados dos de nuestros miembros con el premio \u201cEncina\u201d de Medio Ambiente de la ciudad de Ceuta, en el a\u00f1o 2001.<\/p>\n\n\n<p><\/p>\n<div class=\"pvc_clear\"><\/div><p id=\"pvc_stats_365\" class=\"pvc_stats all  \" data-element-id=\"365\" style=\"\"><i class=\"pvc-stats-icon medium\" aria-hidden=\"true\"><svg aria-hidden=\"true\" focusable=\"false\" data-prefix=\"far\" data-icon=\"chart-bar\" role=\"img\" xmlns=\"http:\/\/www.w3.org\/2000\/svg\" viewBox=\"0 0 512 512\" class=\"svg-inline--fa fa-chart-bar fa-w-16 fa-2x\"><path fill=\"currentColor\" d=\"M396.8 352h22.4c6.4 0 12.8-6.4 12.8-12.8V108.8c0-6.4-6.4-12.8-12.8-12.8h-22.4c-6.4 0-12.8 6.4-12.8 12.8v230.4c0 6.4 6.4 12.8 12.8 12.8zm-192 0h22.4c6.4 0 12.8-6.4 12.8-12.8V140.8c0-6.4-6.4-12.8-12.8-12.8h-22.4c-6.4 0-12.8 6.4-12.8 12.8v198.4c0 6.4 6.4 12.8 12.8 12.8zm96 0h22.4c6.4 0 12.8-6.4 12.8-12.8V204.8c0-6.4-6.4-12.8-12.8-12.8h-22.4c-6.4 0-12.8 6.4-12.8 12.8v134.4c0 6.4 6.4 12.8 12.8 12.8zM496 400H48V80c0-8.84-7.16-16-16-16H16C7.16 64 0 71.16 0 80v336c0 17.67 14.33 32 32 32h464c8.84 0 16-7.16 16-16v-16c0-8.84-7.16-16-16-16zm-387.2-48h22.4c6.4 0 12.8-6.4 12.8-12.8v-70.4c0-6.4-6.4-12.8-12.8-12.8h-22.4c-6.4 0-12.8 6.4-12.8 12.8v70.4c0 6.4 6.4 12.8 12.8 12.8z\" class=\"\"><\/path><\/svg><\/i> <img decoding=\"async\" width=\"16\" height=\"16\" alt=\"Loading\" src=\"https:\/\/www.seoceuta.es\/wordpress\/wp-content\/plugins\/page-views-count\/ajax-loader-2x.gif\" border=0 \/><\/p><div class=\"pvc_clear\"><\/div>","protected":false},"excerpt":{"rendered":"<p>La Sociedad de Estudios Ornitol\u00f3gicos de Ceuta, tiene su origen<\/p>\n<div class=\"pvc_clear\"><\/div>\n<p id=\"pvc_stats_365\" class=\"pvc_stats all  \" data-element-id=\"365\" style=\"\"><i class=\"pvc-stats-icon medium\" aria-hidden=\"true\"><svg aria-hidden=\"true\" focusable=\"false\" data-prefix=\"far\" data-icon=\"chart-bar\" role=\"img\" xmlns=\"http:\/\/www.w3.org\/2000\/svg\" viewBox=\"0 0 512 512\" class=\"svg-inline--fa fa-chart-bar fa-w-16 fa-2x\"><path fill=\"currentColor\" d=\"M396.8 352h22.4c6.4 0 12.8-6.4 12.8-12.8V108.8c0-6.4-6.4-12.8-12.8-12.8h-22.4c-6.4 0-12.8 6.4-12.8 12.8v230.4c0 6.4 6.4 12.8 12.8 12.8zm-192 0h22.4c6.4 0 12.8-6.4 12.8-12.8V140.8c0-6.4-6.4-12.8-12.8-12.8h-22.4c-6.4 0-12.8 6.4-12.8 12.8v198.4c0 6.4 6.4 12.8 12.8 12.8zm96 0h22.4c6.4 0 12.8-6.4 12.8-12.8V204.8c0-6.4-6.4-12.8-12.8-12.8h-22.4c-6.4 0-12.8 6.4-12.8 12.8v134.4c0 6.4 6.4 12.8 12.8 12.8zM496 400H48V80c0-8.84-7.16-16-16-16H16C7.16 64 0 71.16 0 80v336c0 17.67 14.33 32 32 32h464c8.84 0 16-7.16 16-16v-16c0-8.84-7.16-16-16-16zm-387.2-48h22.4c6.4 0 12.8-6.4 12.8-12.8v-70.4c0-6.4-6.4-12.8-12.8-12.8h-22.4c-6.4 0-12.8 6.4-12.8 12.8v70.4c0 6.4 6.4 12.8 12.8 12.8z\" class=\"\"><\/path><\/svg><\/i> <img decoding=\"async\" width=\"16\" height=\"16\" alt=\"Loading\" src=\"https:\/\/www.seoceuta.es\/wordpress\/wp-content\/plugins\/page-views-count\/ajax-loader-2x.gif\" border=0 \/><\/p>\n<div class=\"pvc_clear\"><\/div>\n","protected":false},"author":1,"featured_media":0,"parent":0,"menu_order":0,"comment_status":"closed","ping_status":"closed","template":"","meta":{"advgb_blocks_editor_width":"","advgb_blocks_columns_visual_guide":"","ngg_post_thumbnail":0,"footnotes":""},"class_list":["post-365","page","type-page","status-publish","hentry"],"a3_pvc":{"activated":true,"total_views":1,"today_views":1},"coauthors":[],"author_meta":{"author_link":"https:\/\/www.seoceuta.es\/wordpress\/author\/ajcambelo\/","display_name":"SeoCeuta"},"relative_dates":{"created":"Publicado 11 a\u00f1os hace","modified":"Actualizado 1 a\u00f1o hace"},"absolute_dates":{"created":"Publicado el 4 de enero de 2015","modified":"Actualizado el 26 de enero de 2025"},"absolute_dates_time":{"created":"Publicado el 4 de enero de 2015 17:30","modified":"Actualizado el 26 de enero de 2025 02:08"},"featured_img_caption":"","featured_img":false,"series_order":"","_links":{"self":[{"href":"https:\/\/www.seoceuta.es\/wordpress\/wp-json\/wp\/v2\/pages\/365","targetHints":{"allow":["GET"]}}],"collection":[{"href":"https:\/\/www.seoceuta.es\/wordpress\/wp-json\/wp\/v2\/pages"}],"about":[{"href":"https:\/\/www.seoceuta.es\/wordpress\/wp-json\/wp\/v2\/types\/page"}],"author":[{"embeddable":true,"href":"https:\/\/www.seoceuta.es\/wordpress\/wp-json\/wp\/v2\/users\/1"}],"replies":[{"embeddable":true,"href":"https:\/\/www.seoceuta.es\/wordpress\/wp-json\/wp\/v2\/comments?post=365"}],"version-history":[{"count":4,"href":"https:\/\/www.seoceuta.es\/wordpress\/wp-json\/wp\/v2\/pages\/365\/revisions"}],"predecessor-version":[{"id":1065,"href":"https:\/\/www.seoceuta.es\/wordpress\/wp-json\/wp\/v2\/pages\/365\/revisions\/1065"}],"wp:attachment":[{"href":"https:\/\/www.seoceuta.es\/wordpress\/wp-json\/wp\/v2\/media?parent=365"}],"curies":[{"name":"wp","href":"https:\/\/api.w.org\/{rel}","templated":true}]}}