{"id":382,"date":"2015-01-06T00:54:22","date_gmt":"2015-01-05T23:54:22","guid":{"rendered":"https:\/\/seoceuta.es\/wordpress\/habitat-entorno\/"},"modified":"2025-01-27T23:51:40","modified_gmt":"2025-01-27T22:51:40","slug":"habitat-entorno","status":"publish","type":"page","link":"https:\/\/www.seoceuta.es\/wordpress\/habitat-entorno\/","title":{"rendered":"H\u00c1BITAT Y ENTORNO"},"content":{"rendered":"<p><img decoding=\"async\" style=\"border: 0px solid #c7c7c7; float: right; font-family: arial,helvetica,sans-serif; height: 373px; line-height: 20.7999992370605px; margin: 5px; text-align: justify; width: 250px;\" src=\"http:\/\/seoceuta.es\/imagenes\/vista%201.jpg\" alt=\"imagen arroyo de calamocarro\" \/><\/p>\n<p><span style=\"font-family: arial,helvetica,sans-serif;\"><strong>ARROYO DE CALAMOCARRO,\u00a0DESCRIPCION DE LA ZONA<\/strong><\/span><\/p>\n<p class=\"rtejustify\"><span style=\"font-family: arial,helvetica,sans-serif;\">Ubicado en la costa norte del campo exterior del territorio de Ceuta y dentro de la ZEPA (Zona de Especial Importancia para las Aves) de Calamocarro-Benz\u00fa, el Arroyo de Calamocarro, es un curso de agua temporal que solo dispone caudal en todo su recorrido en los meses de invierno y primavera,\u00a0quedando reducido durante los meses estivales a peque\u00f1os charcos y pozas. El relieve de las laderas es accidentado, dominando las pendientes muy fuertes (30-50 %), particularmente en las \u00e1reas m\u00e1s elevadas. A medida que disminuye la altitud, pasan a predominar las pendientes de tipo fuerte (20-30 %).<\/span><\/p>\n<p class=\"rtejustify\"><strong><span style=\"font-family: arial,helvetica,sans-serif;\">DISTRIBUCI\u00d3N DE LA VEGETACI\u00d3N<\/span><\/strong><\/p>\n<p class=\"rtejustify\"><strong><span style=\"font-family: arial,helvetica,sans-serif;\">NORTE<\/span><\/strong><\/p>\n<p class=\"rtejustify\"><span style=\"font-family: arial,helvetica,sans-serif;\"><strong>ADELFAL CON ZARZALES<\/strong>\u00a0(<em>Rubo ulmifolii &#8211; Nerietum oleandri<\/em>)<br \/><strong>SAUCEDAS<\/strong>\u00a0(<em>Equiceto telmateiae &#8211; Salicetum pedicellatae<\/em>)<\/span><\/p>\n<p class=\"rtejustify\"><strong><span style=\"font-family: arial,helvetica,sans-serif;\">NOROESTE<\/span><\/strong><\/p>\n<p class=\"rtejustify\"><span style=\"font-family: arial,helvetica,sans-serif;\"><strong>JERGUENAL TERMOMEDITERRANEO<\/strong>\u00a0(<em>Asparrago aphillys &#8211; Calicotometum villosae<\/em>)<br \/>Repoblaciones de\u00a0<em>EUCALIPTUS CAMALDULENSIS<\/em><br \/>Agrupaciones vegetales realcionadas a la especie\u00a0<em>LIMONIETUN EMARGINATI<\/em><\/span><\/p>\n<p class=\"rtejustify\"><strong><span style=\"font-family: arial,helvetica,sans-serif;\">NORDESTE<\/span><\/strong><\/p>\n<p class=\"rtejustify\"><span style=\"font-family: arial,helvetica,sans-serif;\"><strong>JERGUENAL TERMOMEDITERRANEO<\/strong>\u00a0(<em>Asparrago aphillys &#8211; Calicotometum villosae<\/em>)<br \/>Repoblaciones mixtas de\u00a0<em>PINUS HALEPENSIS &#8211; PINEA<\/em>\u00a0<br \/>Comunidades vegetales relacionadas con\u00a0<em>ARUNDO DONAX<\/em><\/span><\/p>\n<p class=\"rtejustify\"><strong><span style=\"font-family: arial,helvetica,sans-serif;\">OESTE<\/span><\/strong><\/p>\n<p class=\"rtejustify\"><span style=\"font-family: arial,helvetica,sans-serif;\">Bosquetes de\u00a0<strong>ALCORNOCAL TERMOMEDITERRANEO<\/strong>\u00a0(<em>Mirto communis &#8211; Quercetum suberis<\/em>)<br \/>JERGUENAL TERMOMEDITERRANEO (<em>Asparrago aphillys &#8211; Calicotometum villosae<\/em>)<\/span><\/p>\n<p class=\"rtejustify\"><u><strong><span style=\"font-family: arial,helvetica,sans-serif;\">CENTRO ( ESTACI\u00d3N DE ANILLAMIENTO PASSER)<\/span><\/strong><\/u><\/p>\n<p class=\"rtejustify\"><span style=\"font-family: arial,helvetica,sans-serif;\"><strong>ADELFAL CON ZARZALES<\/strong>\u00a0(<em>Rubo ulmifolii &#8211; Nerietum oleandri<\/em>)<br \/><strong>SAUCEDAS<\/strong>\u00a0(<em>Equiceto telmateiae &#8211; Salicetum pedicellatae<\/em>)<\/span><\/p>\n<p class=\"rtejustify\"><strong><span style=\"font-family: arial,helvetica,sans-serif;\">ESTE<\/span><\/strong><\/p>\n<p class=\"rtejustify\"><span style=\"font-family: arial,helvetica,sans-serif;\"><strong>JERGUENAL TERMOMEDITERRANEO<\/strong>\u00a0(<em>Asparrago aphillys &#8211; Calicotometum villosae<\/em>)<br \/>Repoblaciones de\u00a0<em>EUCALIPTUS CAMALDULENSIS<\/em><\/span><\/p>\n<p class=\"rtejustify\"><strong><span style=\"font-family: arial,helvetica,sans-serif;\">SUROESTE<\/span><\/strong><\/p>\n<p class=\"rtejustify\"><span style=\"font-family: arial,helvetica,sans-serif;\"><strong>JERGUENAL TERMOMEDITERRANEO<\/strong>\u00a0(<em>Asparrago aphillys &#8211; Calicotometum villosae<\/em>)<br \/>Repoblaciones de\u00a0<em>EUCALIPTUS CAMALDULENSIS<\/em><\/span><\/p>\n<p class=\"rtejustify\"><strong><span style=\"font-family: arial,helvetica,sans-serif;\">SUR<\/span><\/strong><\/p>\n<p class=\"rtejustify\"><span style=\"font-family: arial,helvetica,sans-serif;\"><strong>ADELFAL CON ZARZALES<\/strong>\u00a0(<em>Rubo ulmifolii &#8211; Nerietum oleandri<\/em>)<br \/><strong>SAUCEDAS<\/strong>\u00a0(<em>Equiceto telmateiae &#8211; Salicetum pedicellatae<\/em>)<br \/>Repoblaciones mixtas de\u00a0<em>PINUS HALEPENSIS &#8211; PINEA<\/em><br \/>Repoblaciones de\u00a0<em>EUCALIPTUS CAMALDULENSIS<\/em><\/span><\/p>\n<p class=\"rtejustify\"><strong><span style=\"font-family: arial,helvetica,sans-serif;\">SURESTE<\/span><\/strong><\/p>\n<p class=\"rtejustify\"><span style=\"font-family: arial,helvetica,sans-serif;\">Asociaciones vegetales relacionadas con\u00a0<em>Fisto &#8211; Lavanduletea con Drosophylletum lusitanifi<\/em><br \/>Repoblaciones mixtas de\u00a0<em>PINUS HALEPENSIS &#8211; PINEA<\/em><\/span><\/p>\n<p class=\"rtejustify\"><span style=\"font-family: arial,helvetica,sans-serif;\">Desde un punto de vista funcional, puede calificarse como un paisaje rural, aunque en progresi\u00f3n por la recuperaci\u00f3n espont\u00e1nea de la vegetaci\u00f3n natural debida al abandono casi total de la agricultura. Debe precisarse que del 48% indicado como monocultivos forestales, una tercera parte est\u00e1 integrada por pinares (Pinus sp.), formaciones que permiten cierto grado de desarrollo de las comunidades arbustivas aut\u00f3ctonas. Adem\u00e1s, en determinadas zonas ocupadas por matorral puede constatarse la presencia de alcornoques (Quercus suber) dispersos, alrededor de los cuales existe una regeneraci\u00f3n natural del alcornocal.<\/span><\/p>\n<p><img decoding=\"async\" class=\"alignleft\" style=\"border: 0px solid #c7c7c7; float: left; font-family: arial,helvetica,sans-serif; height: 187px; line-height: 20.7999992370605px; margin: 5px; text-align: justify; width: 250px;\" src=\"http:\/\/seoceuta.es\/imagenes\/vista%202.JPG\" alt=\"imagen del arroyo de calamocarro\" width=\"250\" height=\"187\" \/><\/p>\n<p class=\"rtejustify\"><span style=\"font-family: arial,helvetica,sans-serif;\">El atractivo paisaj\u00edstico del lugar es muy elevado, lo que obedece a la orograf\u00eda de la zona, con grandes variaciones en las pendientes, a la enorme variedad del paisaje vegetal con numerosas formaciones distintas y a la presencia inmediata de masas de agua marina. Tanto la calidad visual intr\u00ednseca como la del entorno inmediato del lugar son especialmente relevantes en los puntos m\u00e1s elevados, que poseen una gran profundidad visual.<\/span><\/p>\n<p class=\"rtejustify\"><span style=\"font-family: arial,helvetica,sans-serif;\">La importancia ornitol\u00f3gica de la zona se concreta en el fen\u00f3meno migratorio a trav\u00e9s del Estrecho de Gibraltar, sin parang\u00f3n en el contexto geogr\u00e1fico de Europa occidental. As\u00ed, la localidad constituye un \u00abcuello de botella\u00bb o embudo en la que convergen y se canalizan los flujos migratorios de aves procedenters del oeste y centro de Europa, tanto en periodo prenupcial (migraci\u00f3n primaveral) como postnupcial (migraci\u00f3n oto\u00f1al).<\/span><\/p>\n<p class=\"rtejustify\"><span style=\"font-family: arial,helvetica,sans-serif;\">Si bien la importancia ornitol\u00f3gica de la zona es consecuencia directa del fen\u00f3meno migratorio, tambi\u00e9n es destacable la presencia de ciertos taxones orn\u00edticos (a nivel espec\u00edfico y subespec\u00edfico) exclusivamente norteafricanos, imprimi\u00e9ndole singularidad y car\u00e1cter al lugar. Entre las especies de aves sedentarias representadas por subespecies norteafricanas (no presentes en la Pen\u00ednsula Ib\u00e9rica) que alberga el lugar se encuentran:\u00a0<em>Fringilla coelebs africana, Parus teneriffae, Strix aluco mauritanicus<\/em>\u00a0y\u00a0<em>Corvus corax tingitanus<\/em>, esta \u00faltima incluida en el \u00abLibro Rojo de los Vertebrados de Espa\u00f1a\u00bb con la categor\u00eda de \u00abrara\u00bb en nuestro pa\u00eds.<\/span><\/p>\n<p class=\"rtejustify\"><span style=\"font-family: arial,helvetica,sans-serif;\">Por \u00faltimo, y en lo referente al grupo de las aves, el \u00e1rea alberga peque\u00f1as poblaciones de dos taxones espec\u00edficos exclusivamente africanos (no presentes en el resto de la Uni\u00f3n Europea) y que caracterizan biogeogr\u00e1ficamente el lugar: el Bulbul Naranjero (<em>Pycnonotus barbatus<\/em>) y el Chagra del Senegal (<em>Tchagra senegalus<\/em>).<\/span><\/p>\n\n<div class=\"taxonomy-post_tag wp-block-post-terms has-medium-font-size\"><a href=\"https:\/\/www.seoceuta.es\/wordpress\/tag\/arroyodecalamocarro\/\" rel=\"tag\">Arroyo de Calamocarro<\/a><span class=\"wp-block-post-terms__separator\">, <\/span><a href=\"https:\/\/www.seoceuta.es\/wordpress\/tag\/vegetacindelarroyodecalamocarro\/\" rel=\"tag\">Vegetaci\u00f3n del Arroyo de Calamocarro<\/a><\/div>\n\n\n<p><\/p>\n<div class=\"pvc_clear\"><\/div><p id=\"pvc_stats_382\" class=\"pvc_stats all  \" data-element-id=\"382\" style=\"\"><i class=\"pvc-stats-icon medium\" aria-hidden=\"true\"><svg aria-hidden=\"true\" focusable=\"false\" data-prefix=\"far\" data-icon=\"chart-bar\" role=\"img\" xmlns=\"http:\/\/www.w3.org\/2000\/svg\" viewBox=\"0 0 512 512\" class=\"svg-inline--fa fa-chart-bar fa-w-16 fa-2x\"><path fill=\"currentColor\" d=\"M396.8 352h22.4c6.4 0 12.8-6.4 12.8-12.8V108.8c0-6.4-6.4-12.8-12.8-12.8h-22.4c-6.4 0-12.8 6.4-12.8 12.8v230.4c0 6.4 6.4 12.8 12.8 12.8zm-192 0h22.4c6.4 0 12.8-6.4 12.8-12.8V140.8c0-6.4-6.4-12.8-12.8-12.8h-22.4c-6.4 0-12.8 6.4-12.8 12.8v198.4c0 6.4 6.4 12.8 12.8 12.8zm96 0h22.4c6.4 0 12.8-6.4 12.8-12.8V204.8c0-6.4-6.4-12.8-12.8-12.8h-22.4c-6.4 0-12.8 6.4-12.8 12.8v134.4c0 6.4 6.4 12.8 12.8 12.8zM496 400H48V80c0-8.84-7.16-16-16-16H16C7.16 64 0 71.16 0 80v336c0 17.67 14.33 32 32 32h464c8.84 0 16-7.16 16-16v-16c0-8.84-7.16-16-16-16zm-387.2-48h22.4c6.4 0 12.8-6.4 12.8-12.8v-70.4c0-6.4-6.4-12.8-12.8-12.8h-22.4c-6.4 0-12.8 6.4-12.8 12.8v70.4c0 6.4 6.4 12.8 12.8 12.8z\" class=\"\"><\/path><\/svg><\/i> <img decoding=\"async\" width=\"16\" height=\"16\" alt=\"Loading\" src=\"https:\/\/www.seoceuta.es\/wordpress\/wp-content\/plugins\/page-views-count\/ajax-loader-2x.gif\" border=0 \/><\/p><div class=\"pvc_clear\"><\/div>","protected":false},"excerpt":{"rendered":"<p>ARROYO DE CALAMOCARRO,\u00a0DESCRIPCION DE LA ZONA Ubicado en la costa<\/p>\n<div class=\"pvc_clear\"><\/div>\n<p id=\"pvc_stats_382\" class=\"pvc_stats all  \" data-element-id=\"382\" style=\"\"><i class=\"pvc-stats-icon medium\" aria-hidden=\"true\"><svg aria-hidden=\"true\" focusable=\"false\" data-prefix=\"far\" data-icon=\"chart-bar\" role=\"img\" xmlns=\"http:\/\/www.w3.org\/2000\/svg\" viewBox=\"0 0 512 512\" class=\"svg-inline--fa fa-chart-bar fa-w-16 fa-2x\"><path fill=\"currentColor\" d=\"M396.8 352h22.4c6.4 0 12.8-6.4 12.8-12.8V108.8c0-6.4-6.4-12.8-12.8-12.8h-22.4c-6.4 0-12.8 6.4-12.8 12.8v230.4c0 6.4 6.4 12.8 12.8 12.8zm-192 0h22.4c6.4 0 12.8-6.4 12.8-12.8V140.8c0-6.4-6.4-12.8-12.8-12.8h-22.4c-6.4 0-12.8 6.4-12.8 12.8v198.4c0 6.4 6.4 12.8 12.8 12.8zm96 0h22.4c6.4 0 12.8-6.4 12.8-12.8V204.8c0-6.4-6.4-12.8-12.8-12.8h-22.4c-6.4 0-12.8 6.4-12.8 12.8v134.4c0 6.4 6.4 12.8 12.8 12.8zM496 400H48V80c0-8.84-7.16-16-16-16H16C7.16 64 0 71.16 0 80v336c0 17.67 14.33 32 32 32h464c8.84 0 16-7.16 16-16v-16c0-8.84-7.16-16-16-16zm-387.2-48h22.4c6.4 0 12.8-6.4 12.8-12.8v-70.4c0-6.4-6.4-12.8-12.8-12.8h-22.4c-6.4 0-12.8 6.4-12.8 12.8v70.4c0 6.4 6.4 12.8 12.8 12.8z\" class=\"\"><\/path><\/svg><\/i> <img decoding=\"async\" width=\"16\" height=\"16\" alt=\"Loading\" src=\"https:\/\/www.seoceuta.es\/wordpress\/wp-content\/plugins\/page-views-count\/ajax-loader-2x.gif\" border=0 \/><\/p>\n<div class=\"pvc_clear\"><\/div>\n","protected":false},"author":1,"featured_media":0,"parent":0,"menu_order":0,"comment_status":"closed","ping_status":"closed","template":"","meta":{"advgb_blocks_editor_width":"","advgb_blocks_columns_visual_guide":"","ngg_post_thumbnail":0,"footnotes":""},"class_list":["post-382","page","type-page","status-publish","hentry"],"a3_pvc":{"activated":true,"total_views":1,"today_views":1},"coauthors":[],"author_meta":{"author_link":"https:\/\/www.seoceuta.es\/wordpress\/author\/ajcambelo\/","display_name":"SeoCeuta"},"relative_dates":{"created":"Publicado 11 a\u00f1os hace","modified":"Actualizado 1 a\u00f1o hace"},"absolute_dates":{"created":"Publicado el 6 de enero de 2015","modified":"Actualizado el 27 de enero de 2025"},"absolute_dates_time":{"created":"Publicado el 6 de enero de 2015 00:54","modified":"Actualizado el 27 de enero de 2025 23:51"},"featured_img_caption":"","featured_img":false,"series_order":"","_links":{"self":[{"href":"https:\/\/www.seoceuta.es\/wordpress\/wp-json\/wp\/v2\/pages\/382","targetHints":{"allow":["GET"]}}],"collection":[{"href":"https:\/\/www.seoceuta.es\/wordpress\/wp-json\/wp\/v2\/pages"}],"about":[{"href":"https:\/\/www.seoceuta.es\/wordpress\/wp-json\/wp\/v2\/types\/page"}],"author":[{"embeddable":true,"href":"https:\/\/www.seoceuta.es\/wordpress\/wp-json\/wp\/v2\/users\/1"}],"replies":[{"embeddable":true,"href":"https:\/\/www.seoceuta.es\/wordpress\/wp-json\/wp\/v2\/comments?post=382"}],"version-history":[{"count":3,"href":"https:\/\/www.seoceuta.es\/wordpress\/wp-json\/wp\/v2\/pages\/382\/revisions"}],"predecessor-version":[{"id":1207,"href":"https:\/\/www.seoceuta.es\/wordpress\/wp-json\/wp\/v2\/pages\/382\/revisions\/1207"}],"wp:attachment":[{"href":"https:\/\/www.seoceuta.es\/wordpress\/wp-json\/wp\/v2\/media?parent=382"}],"curies":[{"name":"wp","href":"https:\/\/api.w.org\/{rel}","templated":true}]}}