{"id":383,"date":"2015-01-06T23:26:56","date_gmt":"2015-01-06T22:26:56","guid":{"rendered":"https:\/\/seoceuta.es\/wordpress\/seguimiento-migracion-postnupcial-aves-marinas\/"},"modified":"2025-01-24T23:17:18","modified_gmt":"2025-01-24T22:17:18","slug":"seguimiento-migracion-postnupcial-aves-marinas","status":"publish","type":"page","link":"https:\/\/www.seoceuta.es\/wordpress\/seguimiento-migracion-postnupcial-aves-marinas\/","title":{"rendered":"SEGUIMIENTO DE LA MIGRACION POSTNUPCIAL AVES MARINAS"},"content":{"rendered":"<p class=\"rtecenter\"><span style=\"font-family: arial,helvetica,sans-serif;\"><span style=\"font-size: 14px;\"><img decoding=\"async\" class=\"\" style=\"height: 218px; margin: 5px; width: 736px;\" src=\"http:\/\/seoceuta.es\/imagenes\/cabecera%20programa%20migres.jpg\" alt=\"imagen cabecera\" \/><\/span><\/span><\/p>\n<p style=\"text-align: center;\">La migraci\u00f3n de las aves marinas es uno de los fen\u00f3menos menos conocidos en el campo de la ornitolog\u00eda. El Estrecho de Gibraltar ofrece unas posibilidades excepcionales para el estudio de este fen\u00f3meno, ya que constituye la principal v\u00eda de migraci\u00f3n para las aves marinas que se desplazan entre el Mar Mediterr\u00e1neo y el Oc\u00e9ano Atl\u00e1ntico. Cada a\u00f1o millones de aves marinas, que generalmente viven en zonas pel\u00e1gicas alejadas de la costa, se concentran en este estrecho canal de s\u00f3lo 14 Km en su punto m\u00e1s cercano, lo que las hace visibles y localizables desde la costa. Las poblaciones de algunas de estas especies, como la Pardela Balear\u00a0(<em>Puffinus mauretanicus<\/em>)\u00a0, la Pardela Cenicienta\u00a0(<em>Calonectris diomedea<\/em>)\u00a0o el Fumarel Com\u00fan\u00a0(<em>Chlidonias niger<\/em>)\u00a0presentan un importante grado de amenaza a nivel global.<\/p>\n<p><img decoding=\"async\" class=\"aligncenter\" src=\"http:\/\/seoceuta.es\/imagenes\/desnarigado.jpg\" alt=\"imagen del Desnarigado\" \/><\/p>\n<p style=\"text-align: center;\">El seguimiento de la Migraci\u00f3n de las Aves Marinas en el Estrecho de Gibraltar ofrece una oportunidad excepcional para ornit\u00f3logos y aficionados de introducirse en el apasionante mundo de las aves marinas, las cuales generalmente resultan poco accesibles y dif\u00edciles de observar. La <a href=\"http:\/\/www.fundacionmigres.org\/\" target=\"_blank\" rel=\"noopener\">Fundaci\u00f3n MigreS<\/a>,\u00a0entre otras actividades, mantiene un observatorio permanente durante la migraci\u00f3n postnupcial en la Isla de Tarifa.<\/p>\n<p style=\"text-align: center;\">Mediante el presente proyecto se ha podido realizar una observaci\u00f3n simult\u00e1nea desde Ceuta, concretamente desde la playa del Desnarigado. Ambos observatorios act\u00faan como complementarios, aportando informaci\u00f3n que no pueden obtenerse desde Tarifa.<\/p>\n<p><a href=\"http:\/\/seoceuta.es\/imagenes\/ARTICULOS%20ALCUDON%203\/RA3_migraci%C3%B3n%20aves%20marinas.pdf\" target=\"_blank\" rel=\"noopener\">INFORME A\u00d1O 2005<\/a><\/p>\n<p><a href=\"http:\/\/seoceuta.es\/imagenes\/ARTICULOS%20ALCUDON%204\/RA4_migres_2006.pdf\" target=\"_blank\" rel=\"noopener\">INFORME A\u00d1O 2006<\/a><\/p>\n<p><a href=\"http:\/\/seoceuta.es\/imagenes\/ARTICULOS%20ALCUDON%205\/RA5_migres2007.pdf\" target=\"_blank\" rel=\"noopener\">INFORME A\u00d1O 2007<\/a><\/p>\n<p><a href=\"http:\/\/seoceuta.es\/imagenes\/ARTICULOS%20ALCUDON%206\/RA6_migracion%20aves%20marinas.pdf\" target=\"_blank\" rel=\"noopener\">INFORME A\u00d1O 2008<\/a><\/p>\n<p>INFORME A\u00d1O 2009<\/p>\n<p><a href=\"http:\/\/seoceuta.es\/imagenes\/ARTICULOS%20ALCUDON%208\/RA8_Migracion_post_marinas.pdf\" target=\"_blank\" rel=\"noopener\">INFORME A\u00d1O 2010<\/a><\/p>\n<p><a href=\"http:\/\/seoceuta.es\/imagenes\/ARTICULOS%20ALCUD%C3%93N%2011\/RA11_Migraci%C3%B3n%20Pardela.pdf\" target=\"_blank\" rel=\"noopener\">INFORME A\u00d1O 2013<\/a><\/p>\n<p><a href=\"https:\/\/seoceuta.es\/wordpress\/wp-content\/uploads\/2019\/07\/Censo-Pardela-Cenicienta.pdf\" target=\"_blank\" rel=\"noopener\">INFORMES A\u00d1OS 2017-2018<\/a><\/p>\n\n\n<p><\/p>\n<div class=\"pvc_clear\"><\/div><p id=\"pvc_stats_383\" class=\"pvc_stats all  \" data-element-id=\"383\" style=\"\"><i class=\"pvc-stats-icon medium\" aria-hidden=\"true\"><svg aria-hidden=\"true\" focusable=\"false\" data-prefix=\"far\" data-icon=\"chart-bar\" role=\"img\" xmlns=\"http:\/\/www.w3.org\/2000\/svg\" viewBox=\"0 0 512 512\" class=\"svg-inline--fa fa-chart-bar fa-w-16 fa-2x\"><path fill=\"currentColor\" d=\"M396.8 352h22.4c6.4 0 12.8-6.4 12.8-12.8V108.8c0-6.4-6.4-12.8-12.8-12.8h-22.4c-6.4 0-12.8 6.4-12.8 12.8v230.4c0 6.4 6.4 12.8 12.8 12.8zm-192 0h22.4c6.4 0 12.8-6.4 12.8-12.8V140.8c0-6.4-6.4-12.8-12.8-12.8h-22.4c-6.4 0-12.8 6.4-12.8 12.8v198.4c0 6.4 6.4 12.8 12.8 12.8zm96 0h22.4c6.4 0 12.8-6.4 12.8-12.8V204.8c0-6.4-6.4-12.8-12.8-12.8h-22.4c-6.4 0-12.8 6.4-12.8 12.8v134.4c0 6.4 6.4 12.8 12.8 12.8zM496 400H48V80c0-8.84-7.16-16-16-16H16C7.16 64 0 71.16 0 80v336c0 17.67 14.33 32 32 32h464c8.84 0 16-7.16 16-16v-16c0-8.84-7.16-16-16-16zm-387.2-48h22.4c6.4 0 12.8-6.4 12.8-12.8v-70.4c0-6.4-6.4-12.8-12.8-12.8h-22.4c-6.4 0-12.8 6.4-12.8 12.8v70.4c0 6.4 6.4 12.8 12.8 12.8z\" class=\"\"><\/path><\/svg><\/i> <img decoding=\"async\" width=\"16\" height=\"16\" alt=\"Loading\" src=\"https:\/\/www.seoceuta.es\/wordpress\/wp-content\/plugins\/page-views-count\/ajax-loader-2x.gif\" border=0 \/><\/p><div class=\"pvc_clear\"><\/div>","protected":false},"excerpt":{"rendered":"<p>La migraci\u00f3n de las aves marinas es uno de los<\/p>\n<div class=\"pvc_clear\"><\/div>\n<p id=\"pvc_stats_383\" class=\"pvc_stats all  \" data-element-id=\"383\" style=\"\"><i class=\"pvc-stats-icon medium\" aria-hidden=\"true\"><svg aria-hidden=\"true\" focusable=\"false\" data-prefix=\"far\" data-icon=\"chart-bar\" role=\"img\" xmlns=\"http:\/\/www.w3.org\/2000\/svg\" viewBox=\"0 0 512 512\" class=\"svg-inline--fa fa-chart-bar fa-w-16 fa-2x\"><path fill=\"currentColor\" d=\"M396.8 352h22.4c6.4 0 12.8-6.4 12.8-12.8V108.8c0-6.4-6.4-12.8-12.8-12.8h-22.4c-6.4 0-12.8 6.4-12.8 12.8v230.4c0 6.4 6.4 12.8 12.8 12.8zm-192 0h22.4c6.4 0 12.8-6.4 12.8-12.8V140.8c0-6.4-6.4-12.8-12.8-12.8h-22.4c-6.4 0-12.8 6.4-12.8 12.8v198.4c0 6.4 6.4 12.8 12.8 12.8zm96 0h22.4c6.4 0 12.8-6.4 12.8-12.8V204.8c0-6.4-6.4-12.8-12.8-12.8h-22.4c-6.4 0-12.8 6.4-12.8 12.8v134.4c0 6.4 6.4 12.8 12.8 12.8zM496 400H48V80c0-8.84-7.16-16-16-16H16C7.16 64 0 71.16 0 80v336c0 17.67 14.33 32 32 32h464c8.84 0 16-7.16 16-16v-16c0-8.84-7.16-16-16-16zm-387.2-48h22.4c6.4 0 12.8-6.4 12.8-12.8v-70.4c0-6.4-6.4-12.8-12.8-12.8h-22.4c-6.4 0-12.8 6.4-12.8 12.8v70.4c0 6.4 6.4 12.8 12.8 12.8z\" class=\"\"><\/path><\/svg><\/i> <img decoding=\"async\" width=\"16\" height=\"16\" alt=\"Loading\" src=\"https:\/\/www.seoceuta.es\/wordpress\/wp-content\/plugins\/page-views-count\/ajax-loader-2x.gif\" border=0 \/><\/p>\n<div class=\"pvc_clear\"><\/div>\n","protected":false},"author":1,"featured_media":0,"parent":0,"menu_order":0,"comment_status":"closed","ping_status":"closed","template":"","meta":{"advgb_blocks_editor_width":"","advgb_blocks_columns_visual_guide":"","ngg_post_thumbnail":0,"footnotes":""},"class_list":["post-383","page","type-page","status-publish","hentry"],"a3_pvc":{"activated":true,"total_views":1,"today_views":1},"coauthors":[],"author_meta":{"author_link":"https:\/\/www.seoceuta.es\/wordpress\/author\/ajcambelo\/","display_name":"SeoCeuta"},"relative_dates":{"created":"Publicado 11 a\u00f1os hace","modified":"Actualizado 1 a\u00f1o hace"},"absolute_dates":{"created":"Publicado el 6 de enero de 2015","modified":"Actualizado el 24 de enero de 2025"},"absolute_dates_time":{"created":"Publicado el 6 de enero de 2015 23:26","modified":"Actualizado el 24 de enero de 2025 23:17"},"featured_img_caption":"","featured_img":false,"series_order":"","_links":{"self":[{"href":"https:\/\/www.seoceuta.es\/wordpress\/wp-json\/wp\/v2\/pages\/383","targetHints":{"allow":["GET"]}}],"collection":[{"href":"https:\/\/www.seoceuta.es\/wordpress\/wp-json\/wp\/v2\/pages"}],"about":[{"href":"https:\/\/www.seoceuta.es\/wordpress\/wp-json\/wp\/v2\/types\/page"}],"author":[{"embeddable":true,"href":"https:\/\/www.seoceuta.es\/wordpress\/wp-json\/wp\/v2\/users\/1"}],"replies":[{"embeddable":true,"href":"https:\/\/www.seoceuta.es\/wordpress\/wp-json\/wp\/v2\/comments?post=383"}],"version-history":[{"count":3,"href":"https:\/\/www.seoceuta.es\/wordpress\/wp-json\/wp\/v2\/pages\/383\/revisions"}],"predecessor-version":[{"id":1057,"href":"https:\/\/www.seoceuta.es\/wordpress\/wp-json\/wp\/v2\/pages\/383\/revisions\/1057"}],"wp:attachment":[{"href":"https:\/\/www.seoceuta.es\/wordpress\/wp-json\/wp\/v2\/media?parent=383"}],"curies":[{"name":"wp","href":"https:\/\/api.w.org\/{rel}","templated":true}]}}