{"id":406,"date":"2015-11-19T13:49:08","date_gmt":"2015-11-19T12:49:08","guid":{"rendered":"https:\/\/seoceuta.es\/wordpress\/programa-paser-campanas-2002-2003\/"},"modified":"2025-02-02T01:40:08","modified_gmt":"2025-02-02T00:40:08","slug":"programa-paser-campanas-2002-2003","status":"publish","type":"page","link":"https:\/\/www.seoceuta.es\/wordpress\/programa-paser-campanas-2002-2003\/","title":{"rendered":"PROGRAMA PASER. CAMPA\u00d1AS 2002 Y 2003."},"content":{"rendered":"<p class=\"rtejustify\">El grupo de anillamiento CHAGRA, de SEO-CEUTA, entre el 10 de Abril y el 20 de Julio de los a\u00f1os 2002 y 2003, ha realizado las jornadas de anillamiento correspondientes al Programa PASER (Plan de Anillamiento para el Seguimiento de Especies Reproductoras).<\/p>\n<p class=\"rtejustify\">El objetivo fundamental del Programa PASER\u00a0 es obtener, mediante datos de anillamiento, informaci\u00f3n sobre las tendencias poblacionales de las aves nidificantes en nuestro pa\u00eds. Este proyecto, que viene siendo desarrollado desde 1995 por anilladores del Centro de migraci\u00f3n de Aves de SEO\/BirdLife, y al que se incorpor\u00f3 el grupo CHAGRA en el a\u00f1o 1998, trata de establecer a nivel estatal una red de estaciones de anillamiento con metodolog\u00eda estandarizada en la que se obtengan datos comparables entre ellas y entre los distintos a\u00f1os de funcionamiento.<\/p>\n<p class=\"rtejustify\">La estaci\u00f3n PASER de Ceuta est\u00e1 situada en el Arroyo de Calamocarro, en la\u00a0 ZEPA (Zona de Especial Protecci\u00f3n para las Aves) denominada Benz\u00fa-Calamocarro, realiz\u00e1ndose un seguimiento de la evoluci\u00f3n de la avifauna nidificante en esta important\u00edsima zona.<\/p>\n<p class=\"rtecenter\"><\/p>\n<p class=\"rtejustify\">La permanencia de aves nidificantes en la zona mantiene una tendencia negativa (fig. 1), ya que, desde el a\u00f1o 99 se ha observado la alarmante reducci\u00f3n del 70%, es decir, en el a\u00f1o 99 se capturaron 264 adultos reproductores, que se han reducido a 80 en el a\u00f1o 2003.<\/p>\n<p class=\"rtejustify\">Entre las especies m\u00e1s afectadas se encuentran el verdecillo, que\u00a0 ha pasado de 104 adultos en el a\u00f1o 99 a tan solo 11, el pinz\u00f3n vulgar de 68\u00a0 a 20, el ruise\u00f1or com\u00fan de 6 a 1, la curruca cabecinegra de 15 a 5 , el verderon com\u00fan de 16 a 3, el jilguero de 14 a ninguno,&#8230;.<\/p>\n<p class=\"rtecenter\"><\/p>\n<p class=\"rtejustify\">La productividad (porcentaje de aves j\u00f3venes nacido en el a\u00f1o\u00a0 con respecto a los adultos, fig. 2) se mantiene estable, sin embargo no redunda en un aumento de adultos reproductores al a\u00f1o siguiente.<\/p>\n<p class=\"rtecenter\"><\/p>\n<p>En la tasa de recuperaci\u00f3n de aves adultos se observa una tendencia negativa, habiendo pasado del 26% en el a\u00f1o 99, al 12% en el actual (fig.3).<\/p>\n<p><strong>CONCLUSIONES<\/strong><\/p>\n<p class=\"rtejustify\">Todos estos indicadores negativos inciden en confirmar la alarmante disminuci\u00f3n de adultos reproductores de un a\u00f1o para otro, tendencia que, de continuar en este sentido y no adoptarse las medidas necesarias, podr\u00eda hacer que aves tan abundantes en la zona tan solo hace tres a\u00f1os, lleguen a ser meramente testimoniales, y otras, que eran escasas, lleguen a desaparecer.<\/p>\n<p class=\"rtejustify\">Por \u00faltimo,\u00a0 resaltar la importancia de la supervivencia de la poblaci\u00f3n del Pinz\u00f3n vulgar, ssp. <em>africana<\/em>, y del Herrerillo com\u00fan, ssp. <em>ultramarinus<\/em>, cuya principal zona de distribuci\u00f3n en Espa\u00f1a se encuentra en Ceuta, toda vez que en la Pen\u00ednsula no existe y en Melilla es escaso. As\u00edmismo, especies como el Ratonero moro <em>Buteo<\/em> <em>rufinus<\/em> (1 pareja), y el Chagra <em>Tchagra<\/em> <em>senegalesa <\/em>(1 pareja confirmada) ven como peligra su \u00fanico h\u00e1bitat de distribuci\u00f3n en toda Espa\u00f1a.<\/p>\n<p class=\"rtejustify\">Entre los factores negativos observados se encuentran el tr\u00e1nsito de motoristas, ganado suelto y actividad cineg\u00e9tica dentro de la zona ZEPA, principalmente en la cuenca del Arroyo de Calamocarro.<\/p>\n\n<div class=\"taxonomy-post_tag wp-block-post-terms has-medium-font-size\"><a href=\"https:\/\/www.seoceuta.es\/wordpress\/tag\/programapaser\/\" rel=\"tag\">Programa Paser<\/a><\/div>\n\n\n<p><\/p>\n<div class=\"pvc_clear\"><\/div><p id=\"pvc_stats_406\" class=\"pvc_stats all  \" data-element-id=\"406\" style=\"\"><i class=\"pvc-stats-icon medium\" aria-hidden=\"true\"><svg aria-hidden=\"true\" focusable=\"false\" data-prefix=\"far\" data-icon=\"chart-bar\" role=\"img\" xmlns=\"http:\/\/www.w3.org\/2000\/svg\" viewBox=\"0 0 512 512\" class=\"svg-inline--fa fa-chart-bar fa-w-16 fa-2x\"><path fill=\"currentColor\" d=\"M396.8 352h22.4c6.4 0 12.8-6.4 12.8-12.8V108.8c0-6.4-6.4-12.8-12.8-12.8h-22.4c-6.4 0-12.8 6.4-12.8 12.8v230.4c0 6.4 6.4 12.8 12.8 12.8zm-192 0h22.4c6.4 0 12.8-6.4 12.8-12.8V140.8c0-6.4-6.4-12.8-12.8-12.8h-22.4c-6.4 0-12.8 6.4-12.8 12.8v198.4c0 6.4 6.4 12.8 12.8 12.8zm96 0h22.4c6.4 0 12.8-6.4 12.8-12.8V204.8c0-6.4-6.4-12.8-12.8-12.8h-22.4c-6.4 0-12.8 6.4-12.8 12.8v134.4c0 6.4 6.4 12.8 12.8 12.8zM496 400H48V80c0-8.84-7.16-16-16-16H16C7.16 64 0 71.16 0 80v336c0 17.67 14.33 32 32 32h464c8.84 0 16-7.16 16-16v-16c0-8.84-7.16-16-16-16zm-387.2-48h22.4c6.4 0 12.8-6.4 12.8-12.8v-70.4c0-6.4-6.4-12.8-12.8-12.8h-22.4c-6.4 0-12.8 6.4-12.8 12.8v70.4c0 6.4 6.4 12.8 12.8 12.8z\" class=\"\"><\/path><\/svg><\/i> <img decoding=\"async\" width=\"16\" height=\"16\" alt=\"Loading\" src=\"https:\/\/www.seoceuta.es\/wordpress\/wp-content\/plugins\/page-views-count\/ajax-loader-2x.gif\" border=0 \/><\/p><div class=\"pvc_clear\"><\/div>","protected":false},"excerpt":{"rendered":"<p>El grupo de anillamiento CHAGRA, de SEO-CEUTA, entre el 10<\/p>\n<div class=\"pvc_clear\"><\/div>\n<p id=\"pvc_stats_406\" class=\"pvc_stats all  \" data-element-id=\"406\" style=\"\"><i class=\"pvc-stats-icon medium\" aria-hidden=\"true\"><svg aria-hidden=\"true\" focusable=\"false\" data-prefix=\"far\" data-icon=\"chart-bar\" role=\"img\" xmlns=\"http:\/\/www.w3.org\/2000\/svg\" viewBox=\"0 0 512 512\" class=\"svg-inline--fa fa-chart-bar fa-w-16 fa-2x\"><path fill=\"currentColor\" d=\"M396.8 352h22.4c6.4 0 12.8-6.4 12.8-12.8V108.8c0-6.4-6.4-12.8-12.8-12.8h-22.4c-6.4 0-12.8 6.4-12.8 12.8v230.4c0 6.4 6.4 12.8 12.8 12.8zm-192 0h22.4c6.4 0 12.8-6.4 12.8-12.8V140.8c0-6.4-6.4-12.8-12.8-12.8h-22.4c-6.4 0-12.8 6.4-12.8 12.8v198.4c0 6.4 6.4 12.8 12.8 12.8zm96 0h22.4c6.4 0 12.8-6.4 12.8-12.8V204.8c0-6.4-6.4-12.8-12.8-12.8h-22.4c-6.4 0-12.8 6.4-12.8 12.8v134.4c0 6.4 6.4 12.8 12.8 12.8zM496 400H48V80c0-8.84-7.16-16-16-16H16C7.16 64 0 71.16 0 80v336c0 17.67 14.33 32 32 32h464c8.84 0 16-7.16 16-16v-16c0-8.84-7.16-16-16-16zm-387.2-48h22.4c6.4 0 12.8-6.4 12.8-12.8v-70.4c0-6.4-6.4-12.8-12.8-12.8h-22.4c-6.4 0-12.8 6.4-12.8 12.8v70.4c0 6.4 6.4 12.8 12.8 12.8z\" class=\"\"><\/path><\/svg><\/i> <img decoding=\"async\" width=\"16\" height=\"16\" alt=\"Loading\" src=\"https:\/\/www.seoceuta.es\/wordpress\/wp-content\/plugins\/page-views-count\/ajax-loader-2x.gif\" border=0 \/><\/p>\n<div class=\"pvc_clear\"><\/div>\n","protected":false},"author":1,"featured_media":0,"parent":0,"menu_order":0,"comment_status":"closed","ping_status":"closed","template":"","meta":{"advgb_blocks_editor_width":"","advgb_blocks_columns_visual_guide":"","ngg_post_thumbnail":0,"footnotes":""},"class_list":["post-406","page","type-page","status-publish","hentry"],"a3_pvc":{"activated":true,"total_views":0,"today_views":0},"coauthors":[],"author_meta":{"author_link":"https:\/\/www.seoceuta.es\/wordpress\/author\/ajcambelo\/","display_name":"SeoCeuta"},"relative_dates":{"created":"Publicado 10 a\u00f1os hace","modified":"Actualizado 1 a\u00f1o hace"},"absolute_dates":{"created":"Publicado el 19 de noviembre de 2015","modified":"Actualizado el 2 de febrero de 2025"},"absolute_dates_time":{"created":"Publicado el 19 de noviembre de 2015 13:49","modified":"Actualizado el 2 de febrero de 2025 01:40"},"featured_img_caption":"","featured_img":false,"series_order":"","_links":{"self":[{"href":"https:\/\/www.seoceuta.es\/wordpress\/wp-json\/wp\/v2\/pages\/406","targetHints":{"allow":["GET"]}}],"collection":[{"href":"https:\/\/www.seoceuta.es\/wordpress\/wp-json\/wp\/v2\/pages"}],"about":[{"href":"https:\/\/www.seoceuta.es\/wordpress\/wp-json\/wp\/v2\/types\/page"}],"author":[{"embeddable":true,"href":"https:\/\/www.seoceuta.es\/wordpress\/wp-json\/wp\/v2\/users\/1"}],"replies":[{"embeddable":true,"href":"https:\/\/www.seoceuta.es\/wordpress\/wp-json\/wp\/v2\/comments?post=406"}],"version-history":[{"count":6,"href":"https:\/\/www.seoceuta.es\/wordpress\/wp-json\/wp\/v2\/pages\/406\/revisions"}],"predecessor-version":[{"id":1329,"href":"https:\/\/www.seoceuta.es\/wordpress\/wp-json\/wp\/v2\/pages\/406\/revisions\/1329"}],"wp:attachment":[{"href":"https:\/\/www.seoceuta.es\/wordpress\/wp-json\/wp\/v2\/media?parent=406"}],"curies":[{"name":"wp","href":"https:\/\/api.w.org\/{rel}","templated":true}]}}