{"id":417,"date":"2015-11-20T09:04:22","date_gmt":"2015-11-20T08:04:22","guid":{"rendered":"https:\/\/seoceuta.es\/wordpress\/programa-paser-campana-2006\/"},"modified":"2025-02-02T01:40:08","modified_gmt":"2025-02-02T00:40:08","slug":"programa-paser-campana-2006","status":"publish","type":"page","link":"https:\/\/www.seoceuta.es\/wordpress\/programa-paser-campana-2006\/","title":{"rendered":"PROGRAMA PASER. CAMPA\u00d1A 2006."},"content":{"rendered":"<p class=\"rtejustify\">El grupo de anillamiento CHAGRA, de SEO-CEUTA, entre el 10 de abril y el 20 de julio, ha realizado las jornadas de anillamiento correspondientes al programa PASER (Plan de Anillamiento para el Seguimiento de Especies Reproductoras).<\/p>\n<p class=\"rtejustify\">Con \u00e9ste son ya nueve las campa\u00f1as realizadas,&nbsp; ininterrumpidas.<\/p>\n<p class=\"rtejustify\">En esta ocasi\u00f3n, por diversos motivos,&nbsp; no se han podido realizar las diez jornadas de anillamiento, habi\u00e9ndose realizado tan s\u00f3lo cuatro, por lo que los resultados son estimatorios.<\/p>\n<p class=\"rtejustify\">La estaci\u00f3n PASER de Ceuta est\u00e1 situada en el Arroyo de Calamocarro, en la&nbsp; ZEPA (Zona de especial protecci\u00f3n para las aves) denominada Benz\u00fa-Calamocarro, realiz\u00e1ndose un seguimiento de la evoluci\u00f3n de la avifauna nidificante en esta important\u00edsima zona<\/p>\n<p class=\"rtejustify\"><strong>RESULTADOS&nbsp;&nbsp;&nbsp;&nbsp;&nbsp;&nbsp;&nbsp;&nbsp;&nbsp;&nbsp;&nbsp;&nbsp;&nbsp;&nbsp;&nbsp;&nbsp;&nbsp;&nbsp;&nbsp;&nbsp;&nbsp;&nbsp;&nbsp;&nbsp;&nbsp;&nbsp;&nbsp;&nbsp;&nbsp;&nbsp;&nbsp;&nbsp;&nbsp;&nbsp;&nbsp;&nbsp;&nbsp;&nbsp;&nbsp;&nbsp;&nbsp;&nbsp;&nbsp;&nbsp;&nbsp;&nbsp;&nbsp;&nbsp;&nbsp;&nbsp;&nbsp;&nbsp;&nbsp;&nbsp;&nbsp;&nbsp;&nbsp;&nbsp;&nbsp;&nbsp; <\/strong><\/p>\n<p class=\"rtejustify\">Durante la presente edici\u00f3n se estima un total de 113 aves adultas y 173 j\u00f3venes (nacidos durante el presente a\u00f1o), correspondientes a 14 especies diferentes (fig. n\u00ba 1).<\/p>\n<p class=\"rtecenter\">\n<p class=\"rtejustify\">Los adultos reproductores han disminuido sus efectivos un 13% con respecto al a\u00f1o anterior (fig. n\u00ba 1).<\/p>\n<p class=\"rtejustify\">La poblaci\u00f3n reproductora sufri\u00f3 una alarmante y continua disminuci\u00f3n desde el a\u00f1o 1999, quedando reducida al 30% en el a\u00f1o 2003. Durante los a\u00f1os 2004 y 2005 se increment\u00f3 ligeramente hasta alcanzar el 51%. La reducci\u00f3n observada en el a\u00f1o actual la sit\u00faa en el <strong>46%<\/strong>, teniendo como referencia de partida la media de los a\u00f1os 1998\/2000 (fig. n\u00ba 1).<\/p>\n<p class=\"rtejustify\">Las especies m\u00e1s perjudicadas han sido el Ruise\u00f1or com\u00fan (sin capturas), el Carbonero com\u00fan (regresi\u00f3n al 41%), el Herrerillo africano (regresi\u00f3n al 22%) y el Verdecillo (regresi\u00f3n al 9%).<\/p>\n<p class=\"rtejustify\">La regresi\u00f3n observada en el Verdecillo es la causante, en gran medida,&nbsp; de la disminuci\u00f3n observada en el conjunto de la poblaci\u00f3n reproductora: en los primeros a\u00f1os los adultos reproductores de esta especie conformaban el 28% de total, mientras que en la actualidad tan solo son el 5,3 %.<\/p>\n<p class=\"rtejustify\">El Choch\u00edn, el Mirlo, el Escribano sote\u00f1o y el Pinz\u00f3n vulgar han aumentado su poblaci\u00f3n ligeramente, aunque este \u00faltimo a\u00fan se encuentra al 50 % de su poblaci\u00f3n originaria.<\/p>\n<p class=\"rtejustify\">La productividad (porcentaje de aves j\u00f3venes nacidos en el a\u00f1o&nbsp; con respecto a los adultos) se mantiene estable (fig. n\u00ba 2).<\/p>\n<p class=\"rtecenter\">\n<p class=\"rtejustify\">La tasa de recuperaci\u00f3n de aves adultas ha sido superior a la media (Fig. n\u00ba 3).<\/p>\n<p class=\"rtecenter\">\n<p class=\"rtejustify\"><strong>CONCLUSIONES <\/strong><\/p>\n<p class=\"rtejustify\">Esta ligera disminuci\u00f3n rompe la tendencia al alza observada en los a\u00f1os 2004 y 2005, tras el punto de inflexi\u00f3n en la inexorable tendencia negativa que se mantuvo desde el a\u00f1o 1999 al 2003.<\/p>\n<p class=\"rtejustify\">Habr\u00e1 que esperar a futuras campa\u00f1as para comprobar la evoluci\u00f3n de estas poblaciones reproductoras del Arroyo de Calamocarro, si se estacionan definitivamente&nbsp; en estos niveles, o si, por el contrario, contin\u00faan con la esperanzadora y tenue recuperaci\u00f3n observada los dos a\u00f1os anteriores.<\/p>\n<p class=\"rtejustify\">Apuntar que la actividad de motoristas incontrolados sigue produci\u00e9ndose en la zona y que de nuevo vuelve a observarse ganado suelto (borregos).<\/p>\n<div class=\"pvc_clear\"><\/div>\n<p id=\"pvc_stats_417\" class=\"pvc_stats all  \" data-element-id=\"417\" style=\"\"><i class=\"pvc-stats-icon medium\" aria-hidden=\"true\"><svg aria-hidden=\"true\" focusable=\"false\" data-prefix=\"far\" data-icon=\"chart-bar\" role=\"img\" xmlns=\"http:\/\/www.w3.org\/2000\/svg\" viewBox=\"0 0 512 512\" class=\"svg-inline--fa fa-chart-bar fa-w-16 fa-2x\"><path fill=\"currentColor\" d=\"M396.8 352h22.4c6.4 0 12.8-6.4 12.8-12.8V108.8c0-6.4-6.4-12.8-12.8-12.8h-22.4c-6.4 0-12.8 6.4-12.8 12.8v230.4c0 6.4 6.4 12.8 12.8 12.8zm-192 0h22.4c6.4 0 12.8-6.4 12.8-12.8V140.8c0-6.4-6.4-12.8-12.8-12.8h-22.4c-6.4 0-12.8 6.4-12.8 12.8v198.4c0 6.4 6.4 12.8 12.8 12.8zm96 0h22.4c6.4 0 12.8-6.4 12.8-12.8V204.8c0-6.4-6.4-12.8-12.8-12.8h-22.4c-6.4 0-12.8 6.4-12.8 12.8v134.4c0 6.4 6.4 12.8 12.8 12.8zM496 400H48V80c0-8.84-7.16-16-16-16H16C7.16 64 0 71.16 0 80v336c0 17.67 14.33 32 32 32h464c8.84 0 16-7.16 16-16v-16c0-8.84-7.16-16-16-16zm-387.2-48h22.4c6.4 0 12.8-6.4 12.8-12.8v-70.4c0-6.4-6.4-12.8-12.8-12.8h-22.4c-6.4 0-12.8 6.4-12.8 12.8v70.4c0 6.4 6.4 12.8 12.8 12.8z\" class=\"\"><\/path><\/svg><\/i> <img decoding=\"async\" width=\"16\" height=\"16\" alt=\"Loading\" src=\"https:\/\/www.seoceuta.es\/wordpress\/wp-content\/plugins\/page-views-count\/ajax-loader-2x.gif\" border=0 \/><\/p>\n<div class=\"pvc_clear\"><\/div>\n","protected":false},"excerpt":{"rendered":"<p>El grupo de anillamiento CHAGRA, de SEO-CEUTA, entre el 10<\/p>\n<div class=\"pvc_clear\"><\/div>\n<p id=\"pvc_stats_417\" class=\"pvc_stats all  \" data-element-id=\"417\" style=\"\"><i class=\"pvc-stats-icon medium\" aria-hidden=\"true\"><svg aria-hidden=\"true\" focusable=\"false\" data-prefix=\"far\" data-icon=\"chart-bar\" role=\"img\" xmlns=\"http:\/\/www.w3.org\/2000\/svg\" viewBox=\"0 0 512 512\" class=\"svg-inline--fa fa-chart-bar fa-w-16 fa-2x\"><path fill=\"currentColor\" d=\"M396.8 352h22.4c6.4 0 12.8-6.4 12.8-12.8V108.8c0-6.4-6.4-12.8-12.8-12.8h-22.4c-6.4 0-12.8 6.4-12.8 12.8v230.4c0 6.4 6.4 12.8 12.8 12.8zm-192 0h22.4c6.4 0 12.8-6.4 12.8-12.8V140.8c0-6.4-6.4-12.8-12.8-12.8h-22.4c-6.4 0-12.8 6.4-12.8 12.8v198.4c0 6.4 6.4 12.8 12.8 12.8zm96 0h22.4c6.4 0 12.8-6.4 12.8-12.8V204.8c0-6.4-6.4-12.8-12.8-12.8h-22.4c-6.4 0-12.8 6.4-12.8 12.8v134.4c0 6.4 6.4 12.8 12.8 12.8zM496 400H48V80c0-8.84-7.16-16-16-16H16C7.16 64 0 71.16 0 80v336c0 17.67 14.33 32 32 32h464c8.84 0 16-7.16 16-16v-16c0-8.84-7.16-16-16-16zm-387.2-48h22.4c6.4 0 12.8-6.4 12.8-12.8v-70.4c0-6.4-6.4-12.8-12.8-12.8h-22.4c-6.4 0-12.8 6.4-12.8 12.8v70.4c0 6.4 6.4 12.8 12.8 12.8z\" class=\"\"><\/path><\/svg><\/i> <img decoding=\"async\" width=\"16\" height=\"16\" alt=\"Loading\" src=\"https:\/\/www.seoceuta.es\/wordpress\/wp-content\/plugins\/page-views-count\/ajax-loader-2x.gif\" border=0 \/><\/p>\n<div class=\"pvc_clear\"><\/div>\n","protected":false},"author":1,"featured_media":0,"parent":0,"menu_order":0,"comment_status":"closed","ping_status":"closed","template":"","meta":{"advgb_blocks_editor_width":"","advgb_blocks_columns_visual_guide":"","ngg_post_thumbnail":0,"footnotes":""},"class_list":["post-417","page","type-page","status-publish","hentry"],"a3_pvc":{"activated":true,"total_views":0,"today_views":0},"coauthors":[],"author_meta":{"author_link":"https:\/\/www.seoceuta.es\/wordpress\/author\/ajcambelo\/","display_name":"SeoCeuta"},"relative_dates":{"created":"Publicado 10 a\u00f1os hace","modified":"Actualizado 1 a\u00f1o hace"},"absolute_dates":{"created":"Publicado el 20 de noviembre de 2015","modified":"Actualizado el 2 de febrero de 2025"},"absolute_dates_time":{"created":"Publicado el 20 de noviembre de 2015 09:04","modified":"Actualizado el 2 de febrero de 2025 01:40"},"featured_img_caption":"","featured_img":false,"series_order":"","_links":{"self":[{"href":"https:\/\/www.seoceuta.es\/wordpress\/wp-json\/wp\/v2\/pages\/417","targetHints":{"allow":["GET"]}}],"collection":[{"href":"https:\/\/www.seoceuta.es\/wordpress\/wp-json\/wp\/v2\/pages"}],"about":[{"href":"https:\/\/www.seoceuta.es\/wordpress\/wp-json\/wp\/v2\/types\/page"}],"author":[{"embeddable":true,"href":"https:\/\/www.seoceuta.es\/wordpress\/wp-json\/wp\/v2\/users\/1"}],"replies":[{"embeddable":true,"href":"https:\/\/www.seoceuta.es\/wordpress\/wp-json\/wp\/v2\/comments?post=417"}],"version-history":[{"count":4,"href":"https:\/\/www.seoceuta.es\/wordpress\/wp-json\/wp\/v2\/pages\/417\/revisions"}],"predecessor-version":[{"id":1333,"href":"https:\/\/www.seoceuta.es\/wordpress\/wp-json\/wp\/v2\/pages\/417\/revisions\/1333"}],"wp:attachment":[{"href":"https:\/\/www.seoceuta.es\/wordpress\/wp-json\/wp\/v2\/media?parent=417"}],"curies":[{"name":"wp","href":"https:\/\/api.w.org\/{rel}","templated":true}]}}