{"id":421,"date":"2015-11-20T09:17:34","date_gmt":"2015-11-20T08:17:34","guid":{"rendered":"https:\/\/seoceuta.es\/wordpress\/programa-paser-campana-2007\/"},"modified":"2025-02-02T01:40:08","modified_gmt":"2025-02-02T00:40:08","slug":"programa-paser-campana-2007","status":"publish","type":"page","link":"https:\/\/www.seoceuta.es\/wordpress\/programa-paser-campana-2007\/","title":{"rendered":"PROGRAMA PASER. CAMPA\u00d1A 2007."},"content":{"rendered":"<p class=\"rtejustify\">El grupo de anillamiento CHAGRA, entre el 10 de Abril y el 20 de Julio, ha realizado seis jornadas de anillamiento correspondientes al programa PASER (Plan de Anillamiento para el Seguimiento de Especies Reproductoras). Con \u00e9sta son ya diez las campa\u00f1as initerrumpidas realizadas.<\/p>\n<p class=\"rtejustify\">La estaci\u00f3n PASER de Ceuta est\u00e1 situada en el Arroyo de Calamocarro, en la\u00a0 ZEPA (Zona de especial protecci\u00f3n para las aves) denominada Benz\u00fa-Calamocarro, realiz\u00e1ndose un seguimiento de la evoluci\u00f3n de la avifauna nidificante en esta important\u00edsima zona.<\/p>\n<p class=\"rtejustify\"><strong>RESULTADOS<\/strong><\/p>\n<p class=\"rtejustify\">Durante la presente edici\u00f3n se estima un \u00edndice de 126 aves adultas y 236 j\u00f3venes (nacidos durante el presente a\u00f1o), correspondientes a 17 especies diferentes.<\/p>\n<p class=\"rtejustify\">Los adultos reproductores han aumentado sus efectivos un 8% con respecto al a\u00f1o 2006, situ\u00e1ndose\u00a0 en el 51 %\u00a0 de la poblaci\u00f3n estimada durante los primeros a\u00f1os de estudio (fig. n\u00ba 1).<\/p>\n<p class=\"rtecenter\">\n<p class=\"rtejustify\">Las especies m\u00e1s mermadas son el Choch\u00edn, la Curruca Cabecinegra, el Papamoscas Gris, el Pinz\u00f3n Vulgar, el Verdecillo, el Jilguero, y el Escribano Sote\u00f1o, que se encuentran entre el 20 y el 54 % de la poblaci\u00f3n original.<\/p>\n<p class=\"rtejustify\">El Petirrojo ha aumentado considerablemente su poblaci\u00f3n, aunque s\u00f3lo representa el 7% deLa regresi\u00f3n observada en el Verdecillo es la causante, en gran medida,\u00a0 de la disminuci\u00f3n observada en el conjunto de la poblaci\u00f3n reproductora: en los primeros a\u00f1os los adultos reproductores de esta especie conformaban el 28% de total, mientras que en la actualidad tan solo alcanzan el 2,4 %.<\/p>\n<p class=\"rtejustify\">La productividad (porcentaje de aves j\u00f3venes nacidos en el a\u00f1o\u00a0 con respecto a los adultos) ha sido superior a la media (fig. n\u00ba 2) y la tasa de recuperaci\u00f3n de adultos inferior a la media (fig. n\u00ba 3).<\/p>\n<p class=\"rtecenter\">\n<p class=\"rtecenter\">\n<p class=\"rtejustify\"><strong>CONCLUSIONES<\/strong><\/p>\n<p class=\"rtejustify\">La poblaci\u00f3n reproductora sufri\u00f3 una alarmante y continua disminuci\u00f3n desde el a\u00f1o 1999, quedando reducida al 30% en el a\u00f1o 2003. A partir del 2004, con alg\u00fan altibajo,\u00a0 se ha incrementado ligeramente hasta situarse en el 51,6 %, teniendo como referencia de partida la media de los a\u00f1os 1998\/2000.<\/p>\n<p class=\"rtejustify\">Este ligero incremento confirma la estabilizaci\u00f3n de la poblaci\u00f3n en estos niveles, observada a partir del 2004, tras el punto de inflexi\u00f3n en la inexorable tendencia negativa que se mantuvo desde el a\u00f1o 1999 al 2003.<\/p>\n<p class=\"rtejustify\">Habr\u00e1 que esperar a futuras campa\u00f1as para comprobar la evoluci\u00f3n de estas poblaciones reproductoras del Arroyo de Calamocarro, si se estacionan definitivamente, o si, por el contrario, contin\u00faan con la esperanzadora y tenue recuperaci\u00f3n observada estos \u00faltimos a\u00f1os.<\/p>\n<p class=\"rtejustify\">Apuntar que la actividad de motoristas incontrolados sigue produci\u00e9ndose y que de nuevo vuelve a observarse ganado suelto (borregos).<\/p>\n<p class=\"rtejustify\">Las especies para las que se siguen concediendo licencias de caza (Jilguero, Pardillo y Verder\u00f3n) apenas si son capturadas para su\u00a0 anillamiento y estudio durante la \u00e9poca\u00a0 reproductora.<\/p>\n<div class=\"pvc_clear\"><\/div>\n<p id=\"pvc_stats_421\" class=\"pvc_stats all  \" data-element-id=\"421\" style=\"\"><i class=\"pvc-stats-icon medium\" aria-hidden=\"true\"><svg aria-hidden=\"true\" focusable=\"false\" data-prefix=\"far\" data-icon=\"chart-bar\" role=\"img\" xmlns=\"http:\/\/www.w3.org\/2000\/svg\" viewBox=\"0 0 512 512\" class=\"svg-inline--fa fa-chart-bar fa-w-16 fa-2x\"><path fill=\"currentColor\" d=\"M396.8 352h22.4c6.4 0 12.8-6.4 12.8-12.8V108.8c0-6.4-6.4-12.8-12.8-12.8h-22.4c-6.4 0-12.8 6.4-12.8 12.8v230.4c0 6.4 6.4 12.8 12.8 12.8zm-192 0h22.4c6.4 0 12.8-6.4 12.8-12.8V140.8c0-6.4-6.4-12.8-12.8-12.8h-22.4c-6.4 0-12.8 6.4-12.8 12.8v198.4c0 6.4 6.4 12.8 12.8 12.8zm96 0h22.4c6.4 0 12.8-6.4 12.8-12.8V204.8c0-6.4-6.4-12.8-12.8-12.8h-22.4c-6.4 0-12.8 6.4-12.8 12.8v134.4c0 6.4 6.4 12.8 12.8 12.8zM496 400H48V80c0-8.84-7.16-16-16-16H16C7.16 64 0 71.16 0 80v336c0 17.67 14.33 32 32 32h464c8.84 0 16-7.16 16-16v-16c0-8.84-7.16-16-16-16zm-387.2-48h22.4c6.4 0 12.8-6.4 12.8-12.8v-70.4c0-6.4-6.4-12.8-12.8-12.8h-22.4c-6.4 0-12.8 6.4-12.8 12.8v70.4c0 6.4 6.4 12.8 12.8 12.8z\" class=\"\"><\/path><\/svg><\/i> <img decoding=\"async\" width=\"16\" height=\"16\" alt=\"Loading\" src=\"https:\/\/www.seoceuta.es\/wordpress\/wp-content\/plugins\/page-views-count\/ajax-loader-2x.gif\" border=0 \/><\/p>\n<div class=\"pvc_clear\"><\/div>\n","protected":false},"excerpt":{"rendered":"<p>El grupo de anillamiento CHAGRA, entre el 10 de Abril<\/p>\n<div class=\"pvc_clear\"><\/div>\n<p id=\"pvc_stats_421\" class=\"pvc_stats all  \" data-element-id=\"421\" style=\"\"><i class=\"pvc-stats-icon medium\" aria-hidden=\"true\"><svg aria-hidden=\"true\" focusable=\"false\" data-prefix=\"far\" data-icon=\"chart-bar\" role=\"img\" xmlns=\"http:\/\/www.w3.org\/2000\/svg\" viewBox=\"0 0 512 512\" class=\"svg-inline--fa fa-chart-bar fa-w-16 fa-2x\"><path fill=\"currentColor\" d=\"M396.8 352h22.4c6.4 0 12.8-6.4 12.8-12.8V108.8c0-6.4-6.4-12.8-12.8-12.8h-22.4c-6.4 0-12.8 6.4-12.8 12.8v230.4c0 6.4 6.4 12.8 12.8 12.8zm-192 0h22.4c6.4 0 12.8-6.4 12.8-12.8V140.8c0-6.4-6.4-12.8-12.8-12.8h-22.4c-6.4 0-12.8 6.4-12.8 12.8v198.4c0 6.4 6.4 12.8 12.8 12.8zm96 0h22.4c6.4 0 12.8-6.4 12.8-12.8V204.8c0-6.4-6.4-12.8-12.8-12.8h-22.4c-6.4 0-12.8 6.4-12.8 12.8v134.4c0 6.4 6.4 12.8 12.8 12.8zM496 400H48V80c0-8.84-7.16-16-16-16H16C7.16 64 0 71.16 0 80v336c0 17.67 14.33 32 32 32h464c8.84 0 16-7.16 16-16v-16c0-8.84-7.16-16-16-16zm-387.2-48h22.4c6.4 0 12.8-6.4 12.8-12.8v-70.4c0-6.4-6.4-12.8-12.8-12.8h-22.4c-6.4 0-12.8 6.4-12.8 12.8v70.4c0 6.4 6.4 12.8 12.8 12.8z\" class=\"\"><\/path><\/svg><\/i> <img decoding=\"async\" width=\"16\" height=\"16\" alt=\"Loading\" src=\"https:\/\/www.seoceuta.es\/wordpress\/wp-content\/plugins\/page-views-count\/ajax-loader-2x.gif\" border=0 \/><\/p>\n<div class=\"pvc_clear\"><\/div>\n","protected":false},"author":1,"featured_media":0,"parent":0,"menu_order":0,"comment_status":"closed","ping_status":"closed","template":"","meta":{"advgb_blocks_editor_width":"","advgb_blocks_columns_visual_guide":"","ngg_post_thumbnail":0,"footnotes":""},"class_list":["post-421","page","type-page","status-publish","hentry"],"a3_pvc":{"activated":true,"total_views":0,"today_views":0},"coauthors":[],"author_meta":{"author_link":"https:\/\/www.seoceuta.es\/wordpress\/author\/ajcambelo\/","display_name":"SeoCeuta"},"relative_dates":{"created":"Publicado 10 a\u00f1os hace","modified":"Actualizado 1 a\u00f1o hace"},"absolute_dates":{"created":"Publicado el 20 de noviembre de 2015","modified":"Actualizado el 2 de febrero de 2025"},"absolute_dates_time":{"created":"Publicado el 20 de noviembre de 2015 09:17","modified":"Actualizado el 2 de febrero de 2025 01:40"},"featured_img_caption":"","featured_img":false,"series_order":"","_links":{"self":[{"href":"https:\/\/www.seoceuta.es\/wordpress\/wp-json\/wp\/v2\/pages\/421","targetHints":{"allow":["GET"]}}],"collection":[{"href":"https:\/\/www.seoceuta.es\/wordpress\/wp-json\/wp\/v2\/pages"}],"about":[{"href":"https:\/\/www.seoceuta.es\/wordpress\/wp-json\/wp\/v2\/types\/page"}],"author":[{"embeddable":true,"href":"https:\/\/www.seoceuta.es\/wordpress\/wp-json\/wp\/v2\/users\/1"}],"replies":[{"embeddable":true,"href":"https:\/\/www.seoceuta.es\/wordpress\/wp-json\/wp\/v2\/comments?post=421"}],"version-history":[{"count":4,"href":"https:\/\/www.seoceuta.es\/wordpress\/wp-json\/wp\/v2\/pages\/421\/revisions"}],"predecessor-version":[{"id":1336,"href":"https:\/\/www.seoceuta.es\/wordpress\/wp-json\/wp\/v2\/pages\/421\/revisions\/1336"}],"wp:attachment":[{"href":"https:\/\/www.seoceuta.es\/wordpress\/wp-json\/wp\/v2\/media?parent=421"}],"curies":[{"name":"wp","href":"https:\/\/api.w.org\/{rel}","templated":true}]}}