{"id":424,"date":"2015-11-20T09:32:35","date_gmt":"2015-11-20T08:32:35","guid":{"rendered":"https:\/\/seoceuta.es\/wordpress\/programa-paser-campana-2008\/"},"modified":"2025-02-02T01:40:08","modified_gmt":"2025-02-02T00:40:08","slug":"programa-paser-campana-2008","status":"publish","type":"page","link":"https:\/\/www.seoceuta.es\/wordpress\/programa-paser-campana-2008\/","title":{"rendered":"PROGRAMA PASER. CAMPA\u00d1A 2008."},"content":{"rendered":"<p class=\"rtejustify\">El grupo de anillamiento CHAGRA, de SEO-CEUTA, entre el 10 de abril y el 20 de julio, ha realizado las jornadas de anillamiento correspondientes al programa PASER (Plan de Anillamiento para el Seguimiento de Especies Reproductoras).<\/p>\n<p class=\"rtejustify\">Con \u00e9sta son ya once las campa\u00f1as ininterrumpidas realizadas.<\/p>\n<p class=\"rtejustify\">El objetivo fundamental del programa PASER&nbsp; es obtener, mediante datos de anillamiento, informaci\u00f3n sobre las tendencias poblacionales de las aves nidificantes en nuestro pa\u00eds. Este proyecto, que viene siendo desarrollado desde 1995 por anilladores del Centro de migraci\u00f3n de Aves de SEO\/BirdLife, y al que se incorpor\u00f3 el grupo CHAGRA en el a\u00f1o 1998, ha establecido a nivel estatal una red de estaciones de anillamiento con metodolog\u00eda estandarizada en la que se obtienen datos comparables entre ellas y entre los distintos a\u00f1os de funcionamiento.<\/p>\n<p class=\"rtejustify\">Mediante los datos obtenidos de esta manera, es posible determinar:<\/p>\n<p class=\"rtejustify\">1\u00ba) Indices de <strong>CAMBIO POBLACIONAL<\/strong> por las variaciones interanuales en el total de adultos capturados.<\/p>\n<p class=\"rtejustify\">2\u00ba) Informaci\u00f3n sobre <strong>PRODUCTIVIDAD<\/strong>, por la relaci\u00f3n anual entre j\u00f3venes y adultos capturados.<\/p>\n<p class=\"rtejustify\">3\u00ba) Informaci\u00f3n sobre la <strong>SUPERVIVENCIA<\/strong> mediante las recapturas entre a\u00f1os.<\/p>\n<p class=\"rtejustify\">4\u00ba) <strong>RELACIONES ENTRE H\u00c1BITAT Y CAMBIOS POBLACIONES<\/strong>, puesto que cada estaci\u00f3n est\u00e1 asociada a un determinado h\u00e1bitat.<\/p>\n<p class=\"rtejustify\">La estaci\u00f3n PASER de Ceuta est\u00e1 situada en el arroyo de Calamocarro, en la&nbsp; ZEPA (Zona de especial protecci\u00f3n para las aves) denominada Benz\u00fa-Calamocarro, realiz\u00e1ndose un seguimiento de la evoluci\u00f3n de la avifauna nidificante en esta important\u00edsima zona.<\/p>\n<p class=\"rtejustify\"><strong>RESULTADOS&nbsp;&nbsp;&nbsp;&nbsp;&nbsp;&nbsp;&nbsp;&nbsp;&nbsp;&nbsp;&nbsp;&nbsp;&nbsp;&nbsp;&nbsp;&nbsp;&nbsp;&nbsp;&nbsp;&nbsp;&nbsp;&nbsp;&nbsp;&nbsp;&nbsp; &nbsp;&nbsp;&nbsp;&nbsp;&nbsp;&nbsp;&nbsp;&nbsp;&nbsp;&nbsp;&nbsp;&nbsp;&nbsp;&nbsp;&nbsp;&nbsp;&nbsp;&nbsp;&nbsp;&nbsp;&nbsp;&nbsp;&nbsp;&nbsp;&nbsp;&nbsp;&nbsp;&nbsp;&nbsp;&nbsp;&nbsp;&nbsp;&nbsp;&nbsp;&nbsp;&nbsp;&nbsp;&nbsp;&nbsp;&nbsp;&nbsp;&nbsp;&nbsp;&nbsp;&nbsp;&nbsp;<\/strong>&nbsp;&nbsp;&nbsp;&nbsp;&nbsp;&nbsp;&nbsp;&nbsp;&nbsp;&nbsp;&nbsp;&nbsp;&nbsp;&nbsp;&nbsp;&nbsp;&nbsp;&nbsp;&nbsp;&nbsp;&nbsp;&nbsp;&nbsp;<\/p>\n<p class=\"rtejustify\">Durante la presente edici\u00f3n se ha obtenido un \u00edndice de 94 aves adultas y 108 j\u00f3venes (nacidos durante el presente a\u00f1o), correspondientes a 16 especies diferentes.<\/p>\n<p class=\"rtejustify\">Los adultos reproductores han disminuido sus efectivos un 16% con respecto al a\u00f1o 2007, situ\u00e1ndose&nbsp; en el 38,5 %&nbsp; de la poblaci\u00f3n inicial de los primeros a\u00f1os de estudio (fig. n\u00ba 1). Entre las especies m\u00e1s afectadas, que han visto reducidos sus efectivos a menos de la mitad, se encuentran el Ruise\u00f1or Com\u00fan, Zarcero Com\u00fan, Curruca Cabecinegra, Papamoscas Gris, Pinz\u00f3n Vulgar, Verdecillo, Verder\u00f3n, Jilguero y Escribano Sote\u00f1o. El Petirrojo ha duplicado su poblaci\u00f3n y la Curruca Capirotada ha aumentado un 33 %, pero s\u00f3lo representan el 7,4 % y el 9,8 del total, respectivamente.<\/p>\n<p class=\"rtecenter\">\n<p class=\"rtejustify\">La regresi\u00f3n observada en el Verdecillo es la causante, en gran medida,&nbsp; de la disminuci\u00f3n observada en el conjunto de la poblaci\u00f3n reproductora: en los primeros a\u00f1os los adultos de esta especie conformaban el 28% de total, mientras que en la actualidad tan solo alcanzan el 6,4 %.<\/p>\n<p class=\"rtejustify\">La productividad (porcentaje de aves j\u00f3venes nacidos en el a\u00f1o&nbsp; con respecto a los adultos) se mantiene estable (fig. n\u00ba 2).<\/p>\n<p class=\"rtecenter\">\n<p class=\"rtejustify\"><span style=\"font-family:sans-serif,arial,verdana,trebuchet ms; font-size:13px\">La tasa de recuperaci\u00f3n de aves adultas es superior a la media (fig. 3).<\/span><\/p>\n<p class=\"rtecenter\">\n<p class=\"rtejustify\"><strong>CONCLUSIONES&nbsp;&nbsp;&nbsp;&nbsp;&nbsp;&nbsp;&nbsp;&nbsp;&nbsp;&nbsp; &nbsp;&nbsp;&nbsp;&nbsp;&nbsp;&nbsp;&nbsp;&nbsp;&nbsp;&nbsp;&nbsp;&nbsp;&nbsp;&nbsp;&nbsp;&nbsp;&nbsp;&nbsp;&nbsp;&nbsp;&nbsp;&nbsp;&nbsp;&nbsp;&nbsp;&nbsp;&nbsp;&nbsp;&nbsp;&nbsp;&nbsp;&nbsp;&nbsp;&nbsp;&nbsp;&nbsp;&nbsp;&nbsp;&nbsp;&nbsp;&nbsp;&nbsp;&nbsp;&nbsp;&nbsp;&nbsp;&nbsp;&nbsp;&nbsp;&nbsp;&nbsp;&nbsp;&nbsp;&nbsp;&nbsp;&nbsp;&nbsp;&nbsp;&nbsp;<\/strong>&nbsp;&nbsp;&nbsp;&nbsp;&nbsp;&nbsp;&nbsp;&nbsp;&nbsp;&nbsp;&nbsp;&nbsp;&nbsp;&nbsp;&nbsp;&nbsp;&nbsp;&nbsp;&nbsp;&nbsp;&nbsp;<\/p>\n<p class=\"rtejustify\">La poblaci\u00f3n reproductora sufri\u00f3 una alarmante y continua disminuci\u00f3n desde el a\u00f1o 1999, quedando reducida al 30% en el a\u00f1o 2003. A partir del 2004, con alg\u00fan altibajo,&nbsp; se increment\u00f3 ligeramente hasta situarse en el 51,6 %, habiendo disminuido de nuevo en el presente al 38,5%, teniendo como referencia de partida la media de los a\u00f1os 1998\/2000. Este descenso confirma la estabilizaci\u00f3n de la poblaci\u00f3n en estos bajos niveles.<\/p>\n<p class=\"rtejustify\">Apuntar que la actividad de motoristas incontrolados sigue produci\u00e9ndose, as\u00ed como ganado suelto (borregos).<\/p>\n<div class=\"pvc_clear\"><\/div>\n<p id=\"pvc_stats_424\" class=\"pvc_stats all  \" data-element-id=\"424\" style=\"\"><i class=\"pvc-stats-icon medium\" aria-hidden=\"true\"><svg aria-hidden=\"true\" focusable=\"false\" data-prefix=\"far\" data-icon=\"chart-bar\" role=\"img\" xmlns=\"http:\/\/www.w3.org\/2000\/svg\" viewBox=\"0 0 512 512\" class=\"svg-inline--fa fa-chart-bar fa-w-16 fa-2x\"><path fill=\"currentColor\" d=\"M396.8 352h22.4c6.4 0 12.8-6.4 12.8-12.8V108.8c0-6.4-6.4-12.8-12.8-12.8h-22.4c-6.4 0-12.8 6.4-12.8 12.8v230.4c0 6.4 6.4 12.8 12.8 12.8zm-192 0h22.4c6.4 0 12.8-6.4 12.8-12.8V140.8c0-6.4-6.4-12.8-12.8-12.8h-22.4c-6.4 0-12.8 6.4-12.8 12.8v198.4c0 6.4 6.4 12.8 12.8 12.8zm96 0h22.4c6.4 0 12.8-6.4 12.8-12.8V204.8c0-6.4-6.4-12.8-12.8-12.8h-22.4c-6.4 0-12.8 6.4-12.8 12.8v134.4c0 6.4 6.4 12.8 12.8 12.8zM496 400H48V80c0-8.84-7.16-16-16-16H16C7.16 64 0 71.16 0 80v336c0 17.67 14.33 32 32 32h464c8.84 0 16-7.16 16-16v-16c0-8.84-7.16-16-16-16zm-387.2-48h22.4c6.4 0 12.8-6.4 12.8-12.8v-70.4c0-6.4-6.4-12.8-12.8-12.8h-22.4c-6.4 0-12.8 6.4-12.8 12.8v70.4c0 6.4 6.4 12.8 12.8 12.8z\" class=\"\"><\/path><\/svg><\/i> <img decoding=\"async\" width=\"16\" height=\"16\" alt=\"Loading\" src=\"https:\/\/www.seoceuta.es\/wordpress\/wp-content\/plugins\/page-views-count\/ajax-loader-2x.gif\" border=0 \/><\/p>\n<div class=\"pvc_clear\"><\/div>\n","protected":false},"excerpt":{"rendered":"<p>El grupo de anillamiento CHAGRA, de SEO-CEUTA, entre el 10<\/p>\n<div class=\"pvc_clear\"><\/div>\n<p id=\"pvc_stats_424\" class=\"pvc_stats all  \" data-element-id=\"424\" style=\"\"><i class=\"pvc-stats-icon medium\" aria-hidden=\"true\"><svg aria-hidden=\"true\" focusable=\"false\" data-prefix=\"far\" data-icon=\"chart-bar\" role=\"img\" xmlns=\"http:\/\/www.w3.org\/2000\/svg\" viewBox=\"0 0 512 512\" class=\"svg-inline--fa fa-chart-bar fa-w-16 fa-2x\"><path fill=\"currentColor\" d=\"M396.8 352h22.4c6.4 0 12.8-6.4 12.8-12.8V108.8c0-6.4-6.4-12.8-12.8-12.8h-22.4c-6.4 0-12.8 6.4-12.8 12.8v230.4c0 6.4 6.4 12.8 12.8 12.8zm-192 0h22.4c6.4 0 12.8-6.4 12.8-12.8V140.8c0-6.4-6.4-12.8-12.8-12.8h-22.4c-6.4 0-12.8 6.4-12.8 12.8v198.4c0 6.4 6.4 12.8 12.8 12.8zm96 0h22.4c6.4 0 12.8-6.4 12.8-12.8V204.8c0-6.4-6.4-12.8-12.8-12.8h-22.4c-6.4 0-12.8 6.4-12.8 12.8v134.4c0 6.4 6.4 12.8 12.8 12.8zM496 400H48V80c0-8.84-7.16-16-16-16H16C7.16 64 0 71.16 0 80v336c0 17.67 14.33 32 32 32h464c8.84 0 16-7.16 16-16v-16c0-8.84-7.16-16-16-16zm-387.2-48h22.4c6.4 0 12.8-6.4 12.8-12.8v-70.4c0-6.4-6.4-12.8-12.8-12.8h-22.4c-6.4 0-12.8 6.4-12.8 12.8v70.4c0 6.4 6.4 12.8 12.8 12.8z\" class=\"\"><\/path><\/svg><\/i> <img decoding=\"async\" width=\"16\" height=\"16\" alt=\"Loading\" src=\"https:\/\/www.seoceuta.es\/wordpress\/wp-content\/plugins\/page-views-count\/ajax-loader-2x.gif\" border=0 \/><\/p>\n<div class=\"pvc_clear\"><\/div>\n","protected":false},"author":1,"featured_media":0,"parent":0,"menu_order":0,"comment_status":"closed","ping_status":"closed","template":"","meta":{"advgb_blocks_editor_width":"","advgb_blocks_columns_visual_guide":"","ngg_post_thumbnail":0,"footnotes":""},"class_list":["post-424","page","type-page","status-publish","hentry"],"a3_pvc":{"activated":true,"total_views":0,"today_views":0},"coauthors":[],"author_meta":{"author_link":"https:\/\/www.seoceuta.es\/wordpress\/author\/ajcambelo\/","display_name":"SeoCeuta"},"relative_dates":{"created":"Publicado 10 a\u00f1os hace","modified":"Actualizado 1 a\u00f1o hace"},"absolute_dates":{"created":"Publicado el 20 de noviembre de 2015","modified":"Actualizado el 2 de febrero de 2025"},"absolute_dates_time":{"created":"Publicado el 20 de noviembre de 2015 09:32","modified":"Actualizado el 2 de febrero de 2025 01:40"},"featured_img_caption":"","featured_img":false,"series_order":"","_links":{"self":[{"href":"https:\/\/www.seoceuta.es\/wordpress\/wp-json\/wp\/v2\/pages\/424","targetHints":{"allow":["GET"]}}],"collection":[{"href":"https:\/\/www.seoceuta.es\/wordpress\/wp-json\/wp\/v2\/pages"}],"about":[{"href":"https:\/\/www.seoceuta.es\/wordpress\/wp-json\/wp\/v2\/types\/page"}],"author":[{"embeddable":true,"href":"https:\/\/www.seoceuta.es\/wordpress\/wp-json\/wp\/v2\/users\/1"}],"replies":[{"embeddable":true,"href":"https:\/\/www.seoceuta.es\/wordpress\/wp-json\/wp\/v2\/comments?post=424"}],"version-history":[{"count":4,"href":"https:\/\/www.seoceuta.es\/wordpress\/wp-json\/wp\/v2\/pages\/424\/revisions"}],"predecessor-version":[{"id":1339,"href":"https:\/\/www.seoceuta.es\/wordpress\/wp-json\/wp\/v2\/pages\/424\/revisions\/1339"}],"wp:attachment":[{"href":"https:\/\/www.seoceuta.es\/wordpress\/wp-json\/wp\/v2\/media?parent=424"}],"curies":[{"name":"wp","href":"https:\/\/api.w.org\/{rel}","templated":true}]}}