{"id":427,"date":"2015-11-20T09:47:35","date_gmt":"2015-11-20T08:47:35","guid":{"rendered":"https:\/\/seoceuta.es\/wordpress\/programa-paser-campana-2009\/"},"modified":"2025-02-02T01:40:08","modified_gmt":"2025-02-02T00:40:08","slug":"programa-paser-campana-2009","status":"publish","type":"page","link":"https:\/\/www.seoceuta.es\/wordpress\/programa-paser-campana-2009\/","title":{"rendered":"PROGRAMA PASER. CAMPA\u00d1A 2009."},"content":{"rendered":"<p class=\"rtejustify\">El grupo de anillamiento CHAGRA, de SEO-CEUTA, entre el 10 de abril y el 20 de julio, ha realizado las jornadas de anillamiento correspondientes al programa PASER (Plan de Anillamiento para el Seguimiento de Especies Reproductoras).<\/p>\n<p class=\"rtejustify\">Con \u00e9sta son ya doce las campa\u00f1as realizadas, que se iniciaron en el a\u00f1o 1998.<\/p>\n<p class=\"rtejustify\">Los objetivos y la metodolog\u00eda de este programa se han expuesto en sendos art\u00edculos de esta Revista n\u00ba,s 1 al 6.<\/p>\n<p class=\"rtejustify\">La estaci\u00f3n PASER est\u00e1 situada en el arroyo de Calamocarro, en la&nbsp; ZEPA (Zona de especial protecci\u00f3n para las aves) denominada Benz\u00fa-Calamocarro, realiz\u00e1ndose un seguimiento de la evoluci\u00f3n de la avifauna nidificante en esta important\u00edsima zona.<\/p>\n<p class=\"rtejustify\"><strong>RESULTADOS<\/strong><\/p>\n<p class=\"rtejustify\">Durante la presente edici\u00f3n se ha obtenido un \u00edndice de 110 aves adultas y 235 j\u00f3venes (nacidos durante el presente a\u00f1o), correspondientes a 18 especies diferentes. No se han tenido en cuenta las especies consideradas&nbsp; en migraci\u00f3n en el momento de su captura.<\/p>\n<p class=\"rtejustify\">Los adultos reproductores han aumentado sus efectivos en 7 puntos con respecto al a\u00f1o 2007. Entre las especies m\u00e1s representativas que mejor han notado este incremento se encuentran el Choch\u00edn, el Petirrojo, el Mirlo, la Curruca Capirotada, el Pinz\u00f3n Vulgar y el Escribano Sote\u00f1o. Por el contrario el Herrerillo Africano, el Carbonero Com\u00fan y el Verdecillo han visto caer efectivos.<\/p>\n<p class=\"rtejustify\">La poblaci\u00f3n actual de adultos reproductores se sit\u00faa en el 45,1 %&nbsp; con respecto a la poblaci\u00f3n inicial observada en los a\u00f1os 1998\/2000, primeros a\u00f1os de estudio (Fig. n\u00ba 1).<\/p>\n<p class=\"rtecenter\">&nbsp;&nbsp;&nbsp;&nbsp;&nbsp;<\/p>\n<p class=\"rtejustify\">El \u00edndice de productividad se sit\u00faa en el 68 %, el segundo m\u00e1s alto despu\u00e9s del a\u00f1o 2002 (Fig. n\u00ba 2).<\/p>\n<p class=\"rtecenter\">\n<p class=\"rtejustify\">La tasa de recuperaci\u00f3n de aves adultas ha sido inferior a la media (Fig. n\u00ba 3).<\/p>\n<p class=\"rtecenter\">\n<p class=\"rtejustify\"><strong>CONCLUSIONES<\/strong><\/p>\n<p class=\"rtejustify\">La poblaci\u00f3n reproductora sufri\u00f3 una alarmante y continua disminuci\u00f3n desde el a\u00f1o 1999, quedando reducida al 30% en el a\u00f1o 2003. A partir del 2004, con altibajos,&nbsp; se incrementa ligeramente hasta situarse el a\u00f1o pasado en el 38,5 %. En el presente a\u00f1o se observa un esperanzador incremento para situarse en el 45 %, teniendo como referencia de partida la media de los a\u00f1os 1998\/2000.<\/p>\n<p class=\"rtejustify\">Este \u00edndice confirma la estabilizaci\u00f3n de la poblaci\u00f3n en bajos niveles, sin embargo, y coincidiendo con el primer a\u00f1o que el Arroyo de Calamocarro goza de la figura de <strong>Reserva de Caza<\/strong>, se observa un incremento importante de la poblaci\u00f3n reproductora de 7 puntos con respecto al a\u00f1o anterior, as\u00ed como una productividad de las m\u00e1s altas observadas desde el a\u00f1o 1998, estimando que la adopci\u00f3n de la medida de protecci\u00f3n, en principio y a la espera de obtener resultados en a\u00f1os venideros, es <strong>altamente favorable<\/strong> para las especies establecidas en la zona.<\/p>\n<p class=\"rtejustify\">Se observa asimismo un cambio en las especies m\u00e1s representativas, que en principio eran el Pinz\u00f3n Vulgar y el Verdecillo, y en la actualidad son el Choch\u00edn, el Mirlo, la Curruca Capirotada, el Pinz\u00f3n Vulgar y el Verdecillo, aunque estos \u00faltimos en un porcentaje mucho menor.<\/p>\n<p class=\"rtejustify\">Apuntar que se sigue practicando ilegalmente el motocross y el campeo ilegal de perros, actividad esta \u00faltima totalmente fuera de lugar por realizarse en la Reserva de Caza, porque en Ceuta existe una zona espec\u00edfica para ello, porque se realiza en una \u00e9poca en que est\u00e1 prohibido, porque en la ciudad hay una epidemia de rabia declarada y porque, intencionadamente o no, est\u00e1n levantando jabal\u00edes a plena luz del d\u00eda, jugando con la integridad f\u00edsica de senderistas, domingueros o paseantes y creando un peligro donde no lo hay.<\/p>\n<div class=\"pvc_clear\"><\/div>\n<p id=\"pvc_stats_427\" class=\"pvc_stats all  \" data-element-id=\"427\" style=\"\"><i class=\"pvc-stats-icon medium\" aria-hidden=\"true\"><svg aria-hidden=\"true\" focusable=\"false\" data-prefix=\"far\" data-icon=\"chart-bar\" role=\"img\" xmlns=\"http:\/\/www.w3.org\/2000\/svg\" viewBox=\"0 0 512 512\" class=\"svg-inline--fa fa-chart-bar fa-w-16 fa-2x\"><path fill=\"currentColor\" d=\"M396.8 352h22.4c6.4 0 12.8-6.4 12.8-12.8V108.8c0-6.4-6.4-12.8-12.8-12.8h-22.4c-6.4 0-12.8 6.4-12.8 12.8v230.4c0 6.4 6.4 12.8 12.8 12.8zm-192 0h22.4c6.4 0 12.8-6.4 12.8-12.8V140.8c0-6.4-6.4-12.8-12.8-12.8h-22.4c-6.4 0-12.8 6.4-12.8 12.8v198.4c0 6.4 6.4 12.8 12.8 12.8zm96 0h22.4c6.4 0 12.8-6.4 12.8-12.8V204.8c0-6.4-6.4-12.8-12.8-12.8h-22.4c-6.4 0-12.8 6.4-12.8 12.8v134.4c0 6.4 6.4 12.8 12.8 12.8zM496 400H48V80c0-8.84-7.16-16-16-16H16C7.16 64 0 71.16 0 80v336c0 17.67 14.33 32 32 32h464c8.84 0 16-7.16 16-16v-16c0-8.84-7.16-16-16-16zm-387.2-48h22.4c6.4 0 12.8-6.4 12.8-12.8v-70.4c0-6.4-6.4-12.8-12.8-12.8h-22.4c-6.4 0-12.8 6.4-12.8 12.8v70.4c0 6.4 6.4 12.8 12.8 12.8z\" class=\"\"><\/path><\/svg><\/i> <img decoding=\"async\" width=\"16\" height=\"16\" alt=\"Loading\" src=\"https:\/\/www.seoceuta.es\/wordpress\/wp-content\/plugins\/page-views-count\/ajax-loader-2x.gif\" border=0 \/><\/p>\n<div class=\"pvc_clear\"><\/div>\n","protected":false},"excerpt":{"rendered":"<p>El grupo de anillamiento CHAGRA, de SEO-CEUTA, entre el 10<\/p>\n<div class=\"pvc_clear\"><\/div>\n<p id=\"pvc_stats_427\" class=\"pvc_stats all  \" data-element-id=\"427\" style=\"\"><i class=\"pvc-stats-icon medium\" aria-hidden=\"true\"><svg aria-hidden=\"true\" focusable=\"false\" data-prefix=\"far\" data-icon=\"chart-bar\" role=\"img\" xmlns=\"http:\/\/www.w3.org\/2000\/svg\" viewBox=\"0 0 512 512\" class=\"svg-inline--fa fa-chart-bar fa-w-16 fa-2x\"><path fill=\"currentColor\" d=\"M396.8 352h22.4c6.4 0 12.8-6.4 12.8-12.8V108.8c0-6.4-6.4-12.8-12.8-12.8h-22.4c-6.4 0-12.8 6.4-12.8 12.8v230.4c0 6.4 6.4 12.8 12.8 12.8zm-192 0h22.4c6.4 0 12.8-6.4 12.8-12.8V140.8c0-6.4-6.4-12.8-12.8-12.8h-22.4c-6.4 0-12.8 6.4-12.8 12.8v198.4c0 6.4 6.4 12.8 12.8 12.8zm96 0h22.4c6.4 0 12.8-6.4 12.8-12.8V204.8c0-6.4-6.4-12.8-12.8-12.8h-22.4c-6.4 0-12.8 6.4-12.8 12.8v134.4c0 6.4 6.4 12.8 12.8 12.8zM496 400H48V80c0-8.84-7.16-16-16-16H16C7.16 64 0 71.16 0 80v336c0 17.67 14.33 32 32 32h464c8.84 0 16-7.16 16-16v-16c0-8.84-7.16-16-16-16zm-387.2-48h22.4c6.4 0 12.8-6.4 12.8-12.8v-70.4c0-6.4-6.4-12.8-12.8-12.8h-22.4c-6.4 0-12.8 6.4-12.8 12.8v70.4c0 6.4 6.4 12.8 12.8 12.8z\" class=\"\"><\/path><\/svg><\/i> <img decoding=\"async\" width=\"16\" height=\"16\" alt=\"Loading\" src=\"https:\/\/www.seoceuta.es\/wordpress\/wp-content\/plugins\/page-views-count\/ajax-loader-2x.gif\" border=0 \/><\/p>\n<div class=\"pvc_clear\"><\/div>\n","protected":false},"author":1,"featured_media":0,"parent":0,"menu_order":0,"comment_status":"closed","ping_status":"closed","template":"","meta":{"advgb_blocks_editor_width":"","advgb_blocks_columns_visual_guide":"","ngg_post_thumbnail":0,"footnotes":""},"class_list":["post-427","page","type-page","status-publish","hentry"],"a3_pvc":{"activated":true,"total_views":0,"today_views":0},"coauthors":[],"author_meta":{"author_link":"https:\/\/www.seoceuta.es\/wordpress\/author\/ajcambelo\/","display_name":"SeoCeuta"},"relative_dates":{"created":"Publicado 10 a\u00f1os hace","modified":"Actualizado 1 a\u00f1o hace"},"absolute_dates":{"created":"Publicado el 20 de noviembre de 2015","modified":"Actualizado el 2 de febrero de 2025"},"absolute_dates_time":{"created":"Publicado el 20 de noviembre de 2015 09:47","modified":"Actualizado el 2 de febrero de 2025 01:40"},"featured_img_caption":"","featured_img":false,"series_order":"","_links":{"self":[{"href":"https:\/\/www.seoceuta.es\/wordpress\/wp-json\/wp\/v2\/pages\/427","targetHints":{"allow":["GET"]}}],"collection":[{"href":"https:\/\/www.seoceuta.es\/wordpress\/wp-json\/wp\/v2\/pages"}],"about":[{"href":"https:\/\/www.seoceuta.es\/wordpress\/wp-json\/wp\/v2\/types\/page"}],"author":[{"embeddable":true,"href":"https:\/\/www.seoceuta.es\/wordpress\/wp-json\/wp\/v2\/users\/1"}],"replies":[{"embeddable":true,"href":"https:\/\/www.seoceuta.es\/wordpress\/wp-json\/wp\/v2\/comments?post=427"}],"version-history":[{"count":4,"href":"https:\/\/www.seoceuta.es\/wordpress\/wp-json\/wp\/v2\/pages\/427\/revisions"}],"predecessor-version":[{"id":1342,"href":"https:\/\/www.seoceuta.es\/wordpress\/wp-json\/wp\/v2\/pages\/427\/revisions\/1342"}],"wp:attachment":[{"href":"https:\/\/www.seoceuta.es\/wordpress\/wp-json\/wp\/v2\/media?parent=427"}],"curies":[{"name":"wp","href":"https:\/\/api.w.org\/{rel}","templated":true}]}}