{"id":430,"date":"2015-11-20T10:56:37","date_gmt":"2015-11-20T09:56:37","guid":{"rendered":"https:\/\/seoceuta.es\/wordpress\/programa-paser-campana-2010\/"},"modified":"2025-02-02T01:40:08","modified_gmt":"2025-02-02T00:40:08","slug":"programa-paser-campana-2010","status":"publish","type":"page","link":"https:\/\/www.seoceuta.es\/wordpress\/programa-paser-campana-2010\/","title":{"rendered":"PROGRAMA PASER. CAMPA\u00d1A 2010."},"content":{"rendered":"<p class=\"rtejustify\">El grupo de anillamiento CHAGRA, de SEO-CEUTA, entre el 10 de abril y el 20 de julio, ha realizado las jornadas de anillamiento correspondientes al programa PASER (Plan de Anillamiento para el Seguimiento de Especies Reproductoras).<\/p>\n<p class=\"rtejustify\">Con \u00e9sta son trece las campa\u00f1as realizadas, que se iniciaron en el a\u00f1o 1998 en la estaci\u00f3n 9801.<\/p>\n<p class=\"rtejustify\">Los objetivos y la metodolog\u00eda de este programa se han expuesto en sendos art\u00edculos de esta Revista n\u00ba,s 1 al 6.<\/p>\n<p class=\"rtejustify\">La estaci\u00f3n PASER 9801 est\u00e1 situada en el arroyo de Calamocarro, en la&nbsp; ZEPA (Zona de especial protecci\u00f3n para las aves) denominada Benz\u00fa-Calamocarro, realiz\u00e1ndose un seguimiento de la evoluci\u00f3n de la avifauna nidificante en esta important\u00edsima zona.<\/p>\n<p class=\"rtejustify\"><strong>RESULTADOS<\/strong><\/p>\n<p class=\"rtejustify\">Durante la presente edici\u00f3n se ha obtenido un \u00edndice de 109 aves adultas y 143 j\u00f3venes (nacidos durante el presente a\u00f1o), correspondientes a 17 especies diferentes. No se han tenido en cuenta las especies consideradas&nbsp; en migraci\u00f3n en el momento de su captura.<\/p>\n<p class=\"rtejustify\">En general los adultos reproductores mantienen la misma tasa de efectivos que en el a\u00f1o 2009. Entre las especies m\u00e1s representativas, algunas han visto aumentado su n\u00famero, como el Ruise\u00f1or Com\u00fan, la Curruca Capirotada, el Papamoscas Gris, el Herrerillo Africano, el Pinz\u00f3n Vulgar y el Verdecillo, mientras que otras se han visto ligeramente reducidas, como el Choch\u00edn, el Petirrojo, el Mirlo, la Curruca Cabecinegra y el Escribano Sote\u00f1o.<\/p>\n<p class=\"rtejustify\">La poblaci\u00f3n actual de adultos reproductores se sit\u00faa en el 44, 7 %&nbsp; con respecto a la poblaci\u00f3n inicial observada en los a\u00f1os 1998\/2000, primeros a\u00f1os de estudio (Fig. n\u00ba 1).<\/p>\n<p class=\"rtecenter\">&nbsp;&nbsp;<\/p>\n<p class=\"rtejustify\">El \u00edndice de productividad se sit\u00faa en el 56,7 %, igualando la media interanual (Fig. n\u00ba 2).<\/p>\n<p class=\"rtecenter\">\n<p class=\"rtejustify\">La tasa de recuperaci\u00f3n de adultos ha sido superior a la media (Fig. n\u00ba 3).<\/p>\n<p class=\"rtecenter\">\n<p class=\"rtejustify\"><strong>CONCLUSIONES<\/strong><\/p>\n<p class=\"rtejustify\">La poblaci\u00f3n reproductora sufri\u00f3 una alarmante y continua disminuci\u00f3n desde el a\u00f1o 1999, quedando reducida al 30% en el a\u00f1o 2003. A partir del 2004, con altibajos,&nbsp; se observa un ligero incremento que en el a\u00f1o 2008 volvi\u00f3 a reducirse al 38,5 %. En el a\u00f1o 2009 se observ\u00f3 un esperanzador incremento para situarse en el 45 %, teniendo como referencia de partida la media de los a\u00f1os 1998\/2000, niveles que se confirman durante el presente a\u00f1o 2010.<\/p>\n<p class=\"rtejustify\">Estos datos confirman la estabilizaci\u00f3n de la poblaci\u00f3n en bajos niveles, sin embargo, y coincidiendo con el segundo a\u00f1o que el Arroyo de Calamocarro goza de la figura de <strong>Reserva de Caza<\/strong>, se observa como el incremento importante de la poblaci\u00f3n reproductora de 7 puntos observado en el a\u00f1o 2009 se mantiene en el presente, as\u00ed como una productividad ligeramente superior a la media, estimando que la adopci\u00f3n de la medida de protecci\u00f3n, y a la espera de obtener resultados en a\u00f1os venideros, es <strong>altamente favorable<\/strong> para las especies establecidas en la zona.<\/p>\n<p class=\"rtejustify\">Se observa asimismo un cambio en las especies m\u00e1s representativas, que en principio eran el Pinz\u00f3n Vulgar, el Verdecillo y la Curruca Cabecinegra, y en la actualidad \u00e9sta \u00faltima especie ha sido reemplazada por la Curruca Capirotada, que se convierte en la tercera especie. El Verdecillo vuelve a recuperarse despu\u00e9s de a\u00f1os de tendencia negativa.<\/p>\n<p class=\"rtejustify\">Apuntar que se sigue practicando ilegalmente el motocross.<\/p>\n<div class=\"pvc_clear\"><\/div>\n<p id=\"pvc_stats_430\" class=\"pvc_stats all  \" data-element-id=\"430\" style=\"\"><i class=\"pvc-stats-icon medium\" aria-hidden=\"true\"><svg aria-hidden=\"true\" focusable=\"false\" data-prefix=\"far\" data-icon=\"chart-bar\" role=\"img\" xmlns=\"http:\/\/www.w3.org\/2000\/svg\" viewBox=\"0 0 512 512\" class=\"svg-inline--fa fa-chart-bar fa-w-16 fa-2x\"><path fill=\"currentColor\" d=\"M396.8 352h22.4c6.4 0 12.8-6.4 12.8-12.8V108.8c0-6.4-6.4-12.8-12.8-12.8h-22.4c-6.4 0-12.8 6.4-12.8 12.8v230.4c0 6.4 6.4 12.8 12.8 12.8zm-192 0h22.4c6.4 0 12.8-6.4 12.8-12.8V140.8c0-6.4-6.4-12.8-12.8-12.8h-22.4c-6.4 0-12.8 6.4-12.8 12.8v198.4c0 6.4 6.4 12.8 12.8 12.8zm96 0h22.4c6.4 0 12.8-6.4 12.8-12.8V204.8c0-6.4-6.4-12.8-12.8-12.8h-22.4c-6.4 0-12.8 6.4-12.8 12.8v134.4c0 6.4 6.4 12.8 12.8 12.8zM496 400H48V80c0-8.84-7.16-16-16-16H16C7.16 64 0 71.16 0 80v336c0 17.67 14.33 32 32 32h464c8.84 0 16-7.16 16-16v-16c0-8.84-7.16-16-16-16zm-387.2-48h22.4c6.4 0 12.8-6.4 12.8-12.8v-70.4c0-6.4-6.4-12.8-12.8-12.8h-22.4c-6.4 0-12.8 6.4-12.8 12.8v70.4c0 6.4 6.4 12.8 12.8 12.8z\" class=\"\"><\/path><\/svg><\/i> <img decoding=\"async\" width=\"16\" height=\"16\" alt=\"Loading\" src=\"https:\/\/www.seoceuta.es\/wordpress\/wp-content\/plugins\/page-views-count\/ajax-loader-2x.gif\" border=0 \/><\/p>\n<div class=\"pvc_clear\"><\/div>\n","protected":false},"excerpt":{"rendered":"<p>El grupo de anillamiento CHAGRA, de SEO-CEUTA, entre el 10<\/p>\n<div class=\"pvc_clear\"><\/div>\n<p id=\"pvc_stats_430\" class=\"pvc_stats all  \" data-element-id=\"430\" style=\"\"><i class=\"pvc-stats-icon medium\" aria-hidden=\"true\"><svg aria-hidden=\"true\" focusable=\"false\" data-prefix=\"far\" data-icon=\"chart-bar\" role=\"img\" xmlns=\"http:\/\/www.w3.org\/2000\/svg\" viewBox=\"0 0 512 512\" class=\"svg-inline--fa fa-chart-bar fa-w-16 fa-2x\"><path fill=\"currentColor\" d=\"M396.8 352h22.4c6.4 0 12.8-6.4 12.8-12.8V108.8c0-6.4-6.4-12.8-12.8-12.8h-22.4c-6.4 0-12.8 6.4-12.8 12.8v230.4c0 6.4 6.4 12.8 12.8 12.8zm-192 0h22.4c6.4 0 12.8-6.4 12.8-12.8V140.8c0-6.4-6.4-12.8-12.8-12.8h-22.4c-6.4 0-12.8 6.4-12.8 12.8v198.4c0 6.4 6.4 12.8 12.8 12.8zm96 0h22.4c6.4 0 12.8-6.4 12.8-12.8V204.8c0-6.4-6.4-12.8-12.8-12.8h-22.4c-6.4 0-12.8 6.4-12.8 12.8v134.4c0 6.4 6.4 12.8 12.8 12.8zM496 400H48V80c0-8.84-7.16-16-16-16H16C7.16 64 0 71.16 0 80v336c0 17.67 14.33 32 32 32h464c8.84 0 16-7.16 16-16v-16c0-8.84-7.16-16-16-16zm-387.2-48h22.4c6.4 0 12.8-6.4 12.8-12.8v-70.4c0-6.4-6.4-12.8-12.8-12.8h-22.4c-6.4 0-12.8 6.4-12.8 12.8v70.4c0 6.4 6.4 12.8 12.8 12.8z\" class=\"\"><\/path><\/svg><\/i> <img decoding=\"async\" width=\"16\" height=\"16\" alt=\"Loading\" src=\"https:\/\/www.seoceuta.es\/wordpress\/wp-content\/plugins\/page-views-count\/ajax-loader-2x.gif\" border=0 \/><\/p>\n<div class=\"pvc_clear\"><\/div>\n","protected":false},"author":1,"featured_media":0,"parent":0,"menu_order":0,"comment_status":"closed","ping_status":"closed","template":"","meta":{"advgb_blocks_editor_width":"","advgb_blocks_columns_visual_guide":"","ngg_post_thumbnail":0,"footnotes":""},"class_list":["post-430","page","type-page","status-publish","hentry"],"a3_pvc":{"activated":true,"total_views":0,"today_views":0},"coauthors":[],"author_meta":{"author_link":"https:\/\/www.seoceuta.es\/wordpress\/author\/ajcambelo\/","display_name":"SeoCeuta"},"relative_dates":{"created":"Publicado 10 a\u00f1os hace","modified":"Actualizado 1 a\u00f1o hace"},"absolute_dates":{"created":"Publicado el 20 de noviembre de 2015","modified":"Actualizado el 2 de febrero de 2025"},"absolute_dates_time":{"created":"Publicado el 20 de noviembre de 2015 10:56","modified":"Actualizado el 2 de febrero de 2025 01:40"},"featured_img_caption":"","featured_img":false,"series_order":"","_links":{"self":[{"href":"https:\/\/www.seoceuta.es\/wordpress\/wp-json\/wp\/v2\/pages\/430","targetHints":{"allow":["GET"]}}],"collection":[{"href":"https:\/\/www.seoceuta.es\/wordpress\/wp-json\/wp\/v2\/pages"}],"about":[{"href":"https:\/\/www.seoceuta.es\/wordpress\/wp-json\/wp\/v2\/types\/page"}],"author":[{"embeddable":true,"href":"https:\/\/www.seoceuta.es\/wordpress\/wp-json\/wp\/v2\/users\/1"}],"replies":[{"embeddable":true,"href":"https:\/\/www.seoceuta.es\/wordpress\/wp-json\/wp\/v2\/comments?post=430"}],"version-history":[{"count":4,"href":"https:\/\/www.seoceuta.es\/wordpress\/wp-json\/wp\/v2\/pages\/430\/revisions"}],"predecessor-version":[{"id":1345,"href":"https:\/\/www.seoceuta.es\/wordpress\/wp-json\/wp\/v2\/pages\/430\/revisions\/1345"}],"wp:attachment":[{"href":"https:\/\/www.seoceuta.es\/wordpress\/wp-json\/wp\/v2\/media?parent=430"}],"curies":[{"name":"wp","href":"https:\/\/api.w.org\/{rel}","templated":true}]}}