{"id":439,"date":"2015-11-20T13:45:14","date_gmt":"2015-11-20T12:45:14","guid":{"rendered":"https:\/\/seoceuta.es\/wordpress\/programa-paser-campana-2011\/"},"modified":"2025-02-02T01:40:51","modified_gmt":"2025-02-02T00:40:51","slug":"programa-paser-campana-2011","status":"publish","type":"page","link":"https:\/\/www.seoceuta.es\/wordpress\/programa-paser-campana-2011\/","title":{"rendered":"PROGRAMA PASER. CAMPA\u00d1A 2011."},"content":{"rendered":"<p class=\"rtejustify\">El grupo de anillamiento CHAGRA, entre el 1 de mayo y el 20 de julio, ha realizado 10 jornadas de anillamiento correspondientes a la XIV edici\u00f3n del programa PASER (Plan de Anillamiento para el Seguimiento de Especies Reproductoras). Este programa se inici\u00f3 en 1998 en el arroyo de Calamocarro, en la\u00a0 ZEPA (Zona de especial protecci\u00f3n para las aves) de Benz\u00fa-Calamocarro, realiz\u00e1ndose un seguimiento de la evoluci\u00f3n de la avifauna nidificante en esta important\u00edsima zona. Los objetivos y la metodolog\u00eda han quedado expuestos en los n\u00fameros 1 al 6 de esta revista.<\/p>\n<p class=\"rtejustify\"><strong>RESULTADOS<\/strong><\/p>\n<p class=\"rtejustify\">Se han capturado\u00a0 125 aves adultas y 243 j\u00f3venes (nacidos durante dicho periodo reproductor), correspondientes a 15 especies diferentes. No se han tenido en cuenta las especies consideradas\u00a0 en migraci\u00f3n en el momento de su captura.<\/p>\n<p class=\"rtejustify\">El n\u00famero de parejas reproductoras ha aumentado 4 puntos porcentuales con respecto a 2010. Entre las especies m\u00e1s beneficiadas se encuentran el Choch\u00edn, el Petirrojo, el Ruise\u00f1or Com\u00fan y la Curruca Cabecinegra, asimismo otras han visto mermado ligeramente su n\u00famero, como el Zarcero com\u00fan, el Papamoscas Gris, el Herrerillo Africano y el Escribano sote\u00f1o.<\/p>\n<p class=\"rtejustify\">La poblaci\u00f3n actual de adultos reproductores se sit\u00faa en el 48,9%\u00a0 con respecto a la poblaci\u00f3n inicial observada en los a\u00f1os 1998\/2000, primeros a\u00f1os de estudio (Fig. n\u00ba 1).<\/p>\n<p class=\"rtecenter\"><\/p>\n<p class=\"rtejustify\">El \u00edndice de productividad (porcentaje de j\u00f3venes) ha sido del 65,4%, 10 puntos por encima de la media hist\u00f3rica.<\/p>\n<p class=\"rtecenter\"><\/p>\n<p class=\"rtejustify\">La tasa de recuperaci\u00f3n de adultos ha sido del 41%, 20 puntos por encima de la media.<\/p>\n<p class=\"rtecenter\"><\/p>\n<p class=\"rtejustify\"><strong>CONCLUSIONES<\/strong><\/p>\n<p class=\"rtejustify\">La poblaci\u00f3n reproductora sufri\u00f3 una alarmante y continua disminuci\u00f3n desde el a\u00f1o 1999, quedando reducida al 30% en el a\u00f1o 2003 (teniendo como referencia de partida la media de los a\u00f1os 1998\/2000). En el a\u00f1o 2011 ha alcanzando el 48,9 %, confirmando la recuperaci\u00f3n iniciada a partir de 2009, asimismo se ha observado una productividad de las m\u00e1s altas.<\/p>\n<p class=\"rtejustify\">Es importante resaltar que, desde la declaraci\u00f3n de\u00a0 <strong>Reserva de Caza<\/strong>\u00a0 del arroyo de Calamocarro en 2009, la avifauna reproductora ha aumentado en 10 puntos porcentuales, por lo que se estima que la adopci\u00f3n de tal medida de protecci\u00f3n ha sido <strong>altamente favorable<\/strong> para las especies establecidas en la zona.<\/p>\n<p class=\"rtejustify\">El Verdecillo vuelve a ser una de las especies m\u00e1s representativas, junto con la Curruca Capirotada y el Choch\u00edn.<\/p>\n\n<div class=\"taxonomy-post_tag wp-block-post-terms has-medium-font-size\"><a href=\"https:\/\/www.seoceuta.es\/wordpress\/tag\/programapaser\/\" rel=\"tag\">Programa Paser<\/a><\/div>\n\n\n<p><\/p>\n<div class=\"pvc_clear\"><\/div><p id=\"pvc_stats_439\" class=\"pvc_stats all  \" data-element-id=\"439\" style=\"\"><i class=\"pvc-stats-icon medium\" aria-hidden=\"true\"><svg aria-hidden=\"true\" focusable=\"false\" data-prefix=\"far\" data-icon=\"chart-bar\" role=\"img\" xmlns=\"http:\/\/www.w3.org\/2000\/svg\" viewBox=\"0 0 512 512\" class=\"svg-inline--fa fa-chart-bar fa-w-16 fa-2x\"><path fill=\"currentColor\" d=\"M396.8 352h22.4c6.4 0 12.8-6.4 12.8-12.8V108.8c0-6.4-6.4-12.8-12.8-12.8h-22.4c-6.4 0-12.8 6.4-12.8 12.8v230.4c0 6.4 6.4 12.8 12.8 12.8zm-192 0h22.4c6.4 0 12.8-6.4 12.8-12.8V140.8c0-6.4-6.4-12.8-12.8-12.8h-22.4c-6.4 0-12.8 6.4-12.8 12.8v198.4c0 6.4 6.4 12.8 12.8 12.8zm96 0h22.4c6.4 0 12.8-6.4 12.8-12.8V204.8c0-6.4-6.4-12.8-12.8-12.8h-22.4c-6.4 0-12.8 6.4-12.8 12.8v134.4c0 6.4 6.4 12.8 12.8 12.8zM496 400H48V80c0-8.84-7.16-16-16-16H16C7.16 64 0 71.16 0 80v336c0 17.67 14.33 32 32 32h464c8.84 0 16-7.16 16-16v-16c0-8.84-7.16-16-16-16zm-387.2-48h22.4c6.4 0 12.8-6.4 12.8-12.8v-70.4c0-6.4-6.4-12.8-12.8-12.8h-22.4c-6.4 0-12.8 6.4-12.8 12.8v70.4c0 6.4 6.4 12.8 12.8 12.8z\" class=\"\"><\/path><\/svg><\/i> <img decoding=\"async\" width=\"16\" height=\"16\" alt=\"Loading\" src=\"https:\/\/www.seoceuta.es\/wordpress\/wp-content\/plugins\/page-views-count\/ajax-loader-2x.gif\" border=0 \/><\/p><div class=\"pvc_clear\"><\/div>","protected":false},"excerpt":{"rendered":"<p>El grupo de anillamiento CHAGRA, entre el 1 de mayo<\/p>\n<div class=\"pvc_clear\"><\/div>\n<p id=\"pvc_stats_439\" class=\"pvc_stats all  \" data-element-id=\"439\" style=\"\"><i class=\"pvc-stats-icon medium\" aria-hidden=\"true\"><svg aria-hidden=\"true\" focusable=\"false\" data-prefix=\"far\" data-icon=\"chart-bar\" role=\"img\" xmlns=\"http:\/\/www.w3.org\/2000\/svg\" viewBox=\"0 0 512 512\" class=\"svg-inline--fa fa-chart-bar fa-w-16 fa-2x\"><path fill=\"currentColor\" d=\"M396.8 352h22.4c6.4 0 12.8-6.4 12.8-12.8V108.8c0-6.4-6.4-12.8-12.8-12.8h-22.4c-6.4 0-12.8 6.4-12.8 12.8v230.4c0 6.4 6.4 12.8 12.8 12.8zm-192 0h22.4c6.4 0 12.8-6.4 12.8-12.8V140.8c0-6.4-6.4-12.8-12.8-12.8h-22.4c-6.4 0-12.8 6.4-12.8 12.8v198.4c0 6.4 6.4 12.8 12.8 12.8zm96 0h22.4c6.4 0 12.8-6.4 12.8-12.8V204.8c0-6.4-6.4-12.8-12.8-12.8h-22.4c-6.4 0-12.8 6.4-12.8 12.8v134.4c0 6.4 6.4 12.8 12.8 12.8zM496 400H48V80c0-8.84-7.16-16-16-16H16C7.16 64 0 71.16 0 80v336c0 17.67 14.33 32 32 32h464c8.84 0 16-7.16 16-16v-16c0-8.84-7.16-16-16-16zm-387.2-48h22.4c6.4 0 12.8-6.4 12.8-12.8v-70.4c0-6.4-6.4-12.8-12.8-12.8h-22.4c-6.4 0-12.8 6.4-12.8 12.8v70.4c0 6.4 6.4 12.8 12.8 12.8z\" class=\"\"><\/path><\/svg><\/i> <img decoding=\"async\" width=\"16\" height=\"16\" alt=\"Loading\" src=\"https:\/\/www.seoceuta.es\/wordpress\/wp-content\/plugins\/page-views-count\/ajax-loader-2x.gif\" border=0 \/><\/p>\n<div class=\"pvc_clear\"><\/div>\n","protected":false},"author":1,"featured_media":0,"parent":0,"menu_order":0,"comment_status":"closed","ping_status":"closed","template":"","meta":{"advgb_blocks_editor_width":"","advgb_blocks_columns_visual_guide":"","ngg_post_thumbnail":0,"footnotes":""},"class_list":["post-439","page","type-page","status-publish","hentry"],"a3_pvc":{"activated":true,"total_views":0,"today_views":0},"coauthors":[],"author_meta":{"author_link":"https:\/\/www.seoceuta.es\/wordpress\/author\/ajcambelo\/","display_name":"SeoCeuta"},"relative_dates":{"created":"Publicado 10 a\u00f1os hace","modified":"Actualizado 1 a\u00f1o hace"},"absolute_dates":{"created":"Publicado el 20 de noviembre de 2015","modified":"Actualizado el 2 de febrero de 2025"},"absolute_dates_time":{"created":"Publicado el 20 de noviembre de 2015 13:45","modified":"Actualizado el 2 de febrero de 2025 01:40"},"featured_img_caption":"","featured_img":false,"series_order":"","_links":{"self":[{"href":"https:\/\/www.seoceuta.es\/wordpress\/wp-json\/wp\/v2\/pages\/439","targetHints":{"allow":["GET"]}}],"collection":[{"href":"https:\/\/www.seoceuta.es\/wordpress\/wp-json\/wp\/v2\/pages"}],"about":[{"href":"https:\/\/www.seoceuta.es\/wordpress\/wp-json\/wp\/v2\/types\/page"}],"author":[{"embeddable":true,"href":"https:\/\/www.seoceuta.es\/wordpress\/wp-json\/wp\/v2\/users\/1"}],"replies":[{"embeddable":true,"href":"https:\/\/www.seoceuta.es\/wordpress\/wp-json\/wp\/v2\/comments?post=439"}],"version-history":[{"count":7,"href":"https:\/\/www.seoceuta.es\/wordpress\/wp-json\/wp\/v2\/pages\/439\/revisions"}],"predecessor-version":[{"id":1353,"href":"https:\/\/www.seoceuta.es\/wordpress\/wp-json\/wp\/v2\/pages\/439\/revisions\/1353"}],"wp:attachment":[{"href":"https:\/\/www.seoceuta.es\/wordpress\/wp-json\/wp\/v2\/media?parent=439"}],"curies":[{"name":"wp","href":"https:\/\/api.w.org\/{rel}","templated":true}]}}