{"id":443,"date":"2015-11-21T00:31:09","date_gmt":"2015-11-20T23:31:09","guid":{"rendered":"https:\/\/seoceuta.es\/wordpress\/estacion-paser-campana-2014\/"},"modified":"2025-02-02T01:40:53","modified_gmt":"2025-02-02T00:40:53","slug":"estacion-paser-campana-2014","status":"publish","type":"page","link":"https:\/\/www.seoceuta.es\/wordpress\/estacion-paser-campana-2014\/","title":{"rendered":"ESTACI\u00d3N PASER. CAMPA\u00d1A 2014"},"content":{"rendered":"<p class=\"rtejustify\">El grupo de anillamiento CHAGRA, entre el 30 de abril y el 20 de julio, ha realizado 10 jornadas de anillamiento correspondientes al PASER (Programa de Anillamiento para el Seguimiento de Especies Reproductoras). Este programa se inici\u00f3 en 1998 en el arroyo de Calamocarro, situado en la\u00a0 ZEPA (Zona de especial protecci\u00f3n para las aves) de Benz\u00fa-Calamocarro, llevando 17 campa\u00f1as ininterrumpidas y realizando un seguimiento de la avifauna nidificante en esta important\u00edsima zona. Los objetivos y la metodolog\u00eda han quedado expuestos en los n\u00fameros 1 al 6 de esta revista, tambi\u00e9n se pueden consultar en el siguiente enlace: http:\/\/www.seo.org\/2012\/04\/12\/5865\/<\/p>\n<p class=\"rtejustify\">La publicaci\u00f3n de este art\u00edculo en la Revista Alcud\u00f3n, ha contado con una subvenci\u00f3n de la Consejer\u00eda de Medio Ambiente de Ceuta.<\/p>\n<p class=\"rtejustify\"><strong>RESULTADOS<\/strong><\/p>\n<p class=\"rtejustify\">Se han capturado 179 aves adultas y 217 j\u00f3venes correspondientes a 18 especies diferentes. No se han tenido en cuenta las especies consideradas\u00a0 en migraci\u00f3n en el momento de su captura.<\/p>\n<p class=\"rtejustify\">El n\u00famero de adultos reproductores casi ha duplicado al de 2013, la mayor\u00eda de las especies \u00a0han visto incrementado su n\u00famero, destacando el Papamoscas Gris, el Verdecillo, el Pinz\u00f3n Vulgar, la Curruca Cabecinegra,\u00a0 el Zarcero Com\u00fan, el Herrerillo Africano, el Petirrojo, el Mirlo y la Curruca Capirotada. Se ha observado una leve reducci\u00f3n en el Ruise\u00f1or Com\u00fan y en el Choch\u00edn.<\/p>\n<p class=\"rtejustify\">El n\u00famero de capturas actual se sit\u00faa en el 71 %\u00a0 con respecto a las capturas iniciales (media a\u00f1os 1998\/2000)(Fig. n\u00ba 1).\u00a0 \u00a0<\/p>\n<p class=\"rtecenter\"><\/p>\n<p class=\"rtejustify\">El \u00edndice de productividad (porcentaje de j\u00f3venes) ha sido del 54,9 %, ligeramente por debajo a la media hist\u00f3rica del proyecto (56,9%).<\/p>\n<p class=\"rtecenter\"><\/p>\n<p class=\"rtejustify\">Los adultos reproductores recuperados en posteriores campa\u00f1as\u00a0del programa alcanzan una tasa del 24,2 % y los j\u00f3venes que son recuperados posteriormente como reproductores el 8,4 %.<\/p>\n<p class=\"rtecenter\"><\/p>\n<p class=\"rtejustify\">En esta temporada se ha obtenido un incremento de capturas de adultos reproductores, tras el vertiginoso descenso observado en 2013 que romp\u00eda la tendencia al alza observada en los a\u00f1os precedentes (2011-2012). La cota m\u00e1s baja se obtuvo en 2003, cuando las capturas quedaron reducidas al 30% en relaci\u00f3n a las capturas de origen (media a\u00f1os 1998\/2000).<\/p>\n<p class=\"rtejustify\">El Verdecillo vuelve a ser la especie m\u00e1s abundante, junto a la Curruca Cabecinegra , el Herrerillo Africano, el Pinz\u00f3n Vulgar y la Curruca Capirotada.<\/p>\n<p class=\"rtejustify\">En la tabla n\u00ba 1 se resumen los datos de las especies habituales obtenidos a lo largo del programa.<\/p>\n<p class=\"rtecenter\"><\/p>\n<p class=\"rtejustify\">El d\u00eda 9 de julio se produjo un incendio en el Arroyo de Calamocarro, a 2 km. de distancia de la estaci\u00f3n PASER, que calcin\u00f3 50 hect\u00e1reas de arboleda y matorral, sin embargo este lamentable suceso no afect\u00f3 al n\u00famero de capturas en la \u00faltima jornada PASER (11 de julio \u2013 55 capturas) llevada a cabo tan s\u00f3lo 2 d\u00edas despu\u00e9s, siendo similar al obtenido en la jornada precedente (3 julio &#8211;\u00a062 capturas)<\/p>\n\n<div class=\"taxonomy-post_tag wp-block-post-terms has-medium-font-size\"><a href=\"https:\/\/www.seoceuta.es\/wordpress\/tag\/programapaser\/\" rel=\"tag\">Programa Paser<\/a><\/div>\n\n\n<p><\/p>\n<div class=\"pvc_clear\"><\/div><p id=\"pvc_stats_443\" class=\"pvc_stats all  \" data-element-id=\"443\" style=\"\"><i class=\"pvc-stats-icon medium\" aria-hidden=\"true\"><svg aria-hidden=\"true\" focusable=\"false\" data-prefix=\"far\" data-icon=\"chart-bar\" role=\"img\" xmlns=\"http:\/\/www.w3.org\/2000\/svg\" viewBox=\"0 0 512 512\" class=\"svg-inline--fa fa-chart-bar fa-w-16 fa-2x\"><path fill=\"currentColor\" d=\"M396.8 352h22.4c6.4 0 12.8-6.4 12.8-12.8V108.8c0-6.4-6.4-12.8-12.8-12.8h-22.4c-6.4 0-12.8 6.4-12.8 12.8v230.4c0 6.4 6.4 12.8 12.8 12.8zm-192 0h22.4c6.4 0 12.8-6.4 12.8-12.8V140.8c0-6.4-6.4-12.8-12.8-12.8h-22.4c-6.4 0-12.8 6.4-12.8 12.8v198.4c0 6.4 6.4 12.8 12.8 12.8zm96 0h22.4c6.4 0 12.8-6.4 12.8-12.8V204.8c0-6.4-6.4-12.8-12.8-12.8h-22.4c-6.4 0-12.8 6.4-12.8 12.8v134.4c0 6.4 6.4 12.8 12.8 12.8zM496 400H48V80c0-8.84-7.16-16-16-16H16C7.16 64 0 71.16 0 80v336c0 17.67 14.33 32 32 32h464c8.84 0 16-7.16 16-16v-16c0-8.84-7.16-16-16-16zm-387.2-48h22.4c6.4 0 12.8-6.4 12.8-12.8v-70.4c0-6.4-6.4-12.8-12.8-12.8h-22.4c-6.4 0-12.8 6.4-12.8 12.8v70.4c0 6.4 6.4 12.8 12.8 12.8z\" class=\"\"><\/path><\/svg><\/i> <img decoding=\"async\" width=\"16\" height=\"16\" alt=\"Loading\" src=\"https:\/\/www.seoceuta.es\/wordpress\/wp-content\/plugins\/page-views-count\/ajax-loader-2x.gif\" border=0 \/><\/p><div class=\"pvc_clear\"><\/div>","protected":false},"excerpt":{"rendered":"<p>El grupo de anillamiento CHAGRA, entre el 30 de abril<\/p>\n<div class=\"pvc_clear\"><\/div>\n<p id=\"pvc_stats_443\" class=\"pvc_stats all  \" data-element-id=\"443\" style=\"\"><i class=\"pvc-stats-icon medium\" aria-hidden=\"true\"><svg aria-hidden=\"true\" focusable=\"false\" data-prefix=\"far\" data-icon=\"chart-bar\" role=\"img\" xmlns=\"http:\/\/www.w3.org\/2000\/svg\" viewBox=\"0 0 512 512\" class=\"svg-inline--fa fa-chart-bar fa-w-16 fa-2x\"><path fill=\"currentColor\" d=\"M396.8 352h22.4c6.4 0 12.8-6.4 12.8-12.8V108.8c0-6.4-6.4-12.8-12.8-12.8h-22.4c-6.4 0-12.8 6.4-12.8 12.8v230.4c0 6.4 6.4 12.8 12.8 12.8zm-192 0h22.4c6.4 0 12.8-6.4 12.8-12.8V140.8c0-6.4-6.4-12.8-12.8-12.8h-22.4c-6.4 0-12.8 6.4-12.8 12.8v198.4c0 6.4 6.4 12.8 12.8 12.8zm96 0h22.4c6.4 0 12.8-6.4 12.8-12.8V204.8c0-6.4-6.4-12.8-12.8-12.8h-22.4c-6.4 0-12.8 6.4-12.8 12.8v134.4c0 6.4 6.4 12.8 12.8 12.8zM496 400H48V80c0-8.84-7.16-16-16-16H16C7.16 64 0 71.16 0 80v336c0 17.67 14.33 32 32 32h464c8.84 0 16-7.16 16-16v-16c0-8.84-7.16-16-16-16zm-387.2-48h22.4c6.4 0 12.8-6.4 12.8-12.8v-70.4c0-6.4-6.4-12.8-12.8-12.8h-22.4c-6.4 0-12.8 6.4-12.8 12.8v70.4c0 6.4 6.4 12.8 12.8 12.8z\" class=\"\"><\/path><\/svg><\/i> <img decoding=\"async\" width=\"16\" height=\"16\" alt=\"Loading\" src=\"https:\/\/www.seoceuta.es\/wordpress\/wp-content\/plugins\/page-views-count\/ajax-loader-2x.gif\" border=0 \/><\/p>\n<div class=\"pvc_clear\"><\/div>\n","protected":false},"author":1,"featured_media":0,"parent":0,"menu_order":0,"comment_status":"closed","ping_status":"closed","template":"","meta":{"advgb_blocks_editor_width":"","advgb_blocks_columns_visual_guide":"","ngg_post_thumbnail":0,"footnotes":""},"class_list":["post-443","page","type-page","status-publish","hentry"],"a3_pvc":{"activated":true,"total_views":0,"today_views":0},"coauthors":[],"author_meta":{"author_link":"https:\/\/www.seoceuta.es\/wordpress\/author\/ajcambelo\/","display_name":"SeoCeuta"},"relative_dates":{"created":"Publicado 10 a\u00f1os hace","modified":"Actualizado 1 a\u00f1o hace"},"absolute_dates":{"created":"Publicado el 21 de noviembre de 2015","modified":"Actualizado el 2 de febrero de 2025"},"absolute_dates_time":{"created":"Publicado el 21 de noviembre de 2015 00:31","modified":"Actualizado el 2 de febrero de 2025 01:40"},"featured_img_caption":"","featured_img":false,"series_order":"","_links":{"self":[{"href":"https:\/\/www.seoceuta.es\/wordpress\/wp-json\/wp\/v2\/pages\/443","targetHints":{"allow":["GET"]}}],"collection":[{"href":"https:\/\/www.seoceuta.es\/wordpress\/wp-json\/wp\/v2\/pages"}],"about":[{"href":"https:\/\/www.seoceuta.es\/wordpress\/wp-json\/wp\/v2\/types\/page"}],"author":[{"embeddable":true,"href":"https:\/\/www.seoceuta.es\/wordpress\/wp-json\/wp\/v2\/users\/1"}],"replies":[{"embeddable":true,"href":"https:\/\/www.seoceuta.es\/wordpress\/wp-json\/wp\/v2\/comments?post=443"}],"version-history":[{"count":9,"href":"https:\/\/www.seoceuta.es\/wordpress\/wp-json\/wp\/v2\/pages\/443\/revisions"}],"predecessor-version":[{"id":1359,"href":"https:\/\/www.seoceuta.es\/wordpress\/wp-json\/wp\/v2\/pages\/443\/revisions\/1359"}],"wp:attachment":[{"href":"https:\/\/www.seoceuta.es\/wordpress\/wp-json\/wp\/v2\/media?parent=443"}],"curies":[{"name":"wp","href":"https:\/\/api.w.org\/{rel}","templated":true}]}}