{"id":445,"date":"2015-11-21T22:21:09","date_gmt":"2015-11-21T21:21:09","guid":{"rendered":"https:\/\/seoceuta.es\/wordpress\/programa-paser-campana-2012\/"},"modified":"2025-02-02T01:40:55","modified_gmt":"2025-02-02T00:40:55","slug":"programa-paser-campana-2012","status":"publish","type":"page","link":"https:\/\/www.seoceuta.es\/wordpress\/programa-paser-campana-2012\/","title":{"rendered":"PROGRAMA PASER. CAMPA\u00d1A 2012."},"content":{"rendered":"<p class=\"rtejustify\">El grupo de anillamiento CHAGRA, entre el 1 de mayo y el 20 de julio, ha realizado 10 jornadas de anillamiento correspondientes a la XV edici\u00f3n del programa PASER (Plan de Anillamiento para el Seguimiento de Especies Reproductoras). Este programa se inici\u00f3 en 1998 en el arroyo de Calamocarro, en la&nbsp; ZEPA (Zona de especial protecci\u00f3n para las aves) de Benz\u00fa-Calamocarro, realiz\u00e1ndose un seguimiento de la evoluci\u00f3n de la avifauna nidificante en esta important\u00edsima zona. Los objetivos y la metodolog\u00eda han quedado expuestos en los n\u00fameros 1 al 6 de esta revista, tambi\u00e9n se pueden consultar a trav\u00e9s del siguiente enlace:<\/p>\n<p class=\"rtejustify\">http:\/\/www.seo.org\/programa_seccion_ficha.cfm?idPrograma=6&#038;idArticulo=246<\/p>\n<p class=\"rtejustify\"><strong>RESULTADOS<\/strong><\/p>\n<p class=\"rtejustify\">Se ha obtenido un \u00edndice de 230 aves adultas y 296 j\u00f3venes (nacidos durante dicho periodo reproductor), correspondientes a 20 especies diferentes. No se han tenido en cuenta las especies consideradas&nbsp; en migraci\u00f3n en el momento de su captura.<\/p>\n<p class=\"rtejustify\">El n\u00famero de parejas reproductoras ha aumentado 45 puntos porcentuales con respecto a 2010. Entre las especies m\u00e1s beneficiadas se encuentran el Petirrojo, el Ruise\u00f1or Com\u00fan, las Currucas Cabecinegra y Capirotada, el Papamoscas Gris, el Herrerillo Africano y el Verder\u00f3n com\u00fan. Asimismo otras especies han visto mermado ligeramente su n\u00famero, como el Choch\u00edn, el Pinz\u00f3n Vulgar y el Verdecillo.<\/p>\n<p class=\"rtejustify\">La poblaci\u00f3n actual de adultos reproductores se sit\u00faa en el 94 %&nbsp; con respecto a la poblaci\u00f3n inicial observada en los a\u00f1os 1998\/2000, primeros a\u00f1os de estudio (Fig. n\u00ba 1).<\/p>\n<p class=\"rtecenter\">\n<p>El \u00edndice de productividad (porcentaje de j\u00f3venes) ha sido del 56 %, tan s\u00f3lo 1 punto por debajo de la media hist\u00f3rica.<\/p>\n<p class=\"rtecenter\">\n<p>La tasa de recuperaci\u00f3n de adultos ha sido del 36%, 11 puntos por encima de la media.<\/p>\n<p class=\"rtecenter\">\n<p><strong>CONCLUSIONES<\/strong><\/p>\n<p class=\"rtejustify\">Con este aumento de la poblaci\u00f3n reproductora se confirma la tendencia de la t\u00edmida y esperanzadora recuperaci\u00f3n observada en 2010 y 2011, rompiendo de esta forma la alarmante y continua disminuci\u00f3n observada desde el a\u00f1o 1999 hasta el 2009, que alcanz\u00f3 la cota m\u00e1s baja en 2003, a\u00f1o que qued\u00f3 reducida al 30% (teniendo como referencia de partida la media de los a\u00f1os 1998\/2000).<\/p>\n<p class=\"rtejustify\">La productividad se encuentra en unos niveles aceptables, en torno a la media hist\u00f3rica de la zona.<\/p>\n<p class=\"rtejustify\">El \u00edndice de recuperaci\u00f3n de adultos ha sido muy alto, confirmando la permanencia en la zona de aves reproductoras.<\/p>\n<p class=\"rtejustify\">Es importante resaltar que, desde la declaraci\u00f3n de&nbsp; <strong>Reserva de Caza<\/strong>&nbsp; del arroyo de Calamocarro en 2009, la avifauna reproductora ha aumentado en 49 puntos porcentuales, por lo que se estima que la adopci\u00f3n de tal medida de protecci\u00f3n ha sido <strong>altamente favorable<\/strong> para las especies establecidas en la zona.<\/p>\n<p class=\"rtejustify\">El Verdecillo vuelve a ser la especie m\u00e1s representativa, junto con el Petirrojo, la Curruca Capirotada, la &nbsp;Curruca Cabecinegra , el Herrerillo Africano y el Pinz\u00f3n Vulgar.<\/p>\n<div class=\"pvc_clear\"><\/div>\n<p id=\"pvc_stats_445\" class=\"pvc_stats all  \" data-element-id=\"445\" style=\"\"><i class=\"pvc-stats-icon medium\" aria-hidden=\"true\"><svg aria-hidden=\"true\" focusable=\"false\" data-prefix=\"far\" data-icon=\"chart-bar\" role=\"img\" xmlns=\"http:\/\/www.w3.org\/2000\/svg\" viewBox=\"0 0 512 512\" class=\"svg-inline--fa fa-chart-bar fa-w-16 fa-2x\"><path fill=\"currentColor\" d=\"M396.8 352h22.4c6.4 0 12.8-6.4 12.8-12.8V108.8c0-6.4-6.4-12.8-12.8-12.8h-22.4c-6.4 0-12.8 6.4-12.8 12.8v230.4c0 6.4 6.4 12.8 12.8 12.8zm-192 0h22.4c6.4 0 12.8-6.4 12.8-12.8V140.8c0-6.4-6.4-12.8-12.8-12.8h-22.4c-6.4 0-12.8 6.4-12.8 12.8v198.4c0 6.4 6.4 12.8 12.8 12.8zm96 0h22.4c6.4 0 12.8-6.4 12.8-12.8V204.8c0-6.4-6.4-12.8-12.8-12.8h-22.4c-6.4 0-12.8 6.4-12.8 12.8v134.4c0 6.4 6.4 12.8 12.8 12.8zM496 400H48V80c0-8.84-7.16-16-16-16H16C7.16 64 0 71.16 0 80v336c0 17.67 14.33 32 32 32h464c8.84 0 16-7.16 16-16v-16c0-8.84-7.16-16-16-16zm-387.2-48h22.4c6.4 0 12.8-6.4 12.8-12.8v-70.4c0-6.4-6.4-12.8-12.8-12.8h-22.4c-6.4 0-12.8 6.4-12.8 12.8v70.4c0 6.4 6.4 12.8 12.8 12.8z\" class=\"\"><\/path><\/svg><\/i> <img decoding=\"async\" width=\"16\" height=\"16\" alt=\"Loading\" src=\"https:\/\/www.seoceuta.es\/wordpress\/wp-content\/plugins\/page-views-count\/ajax-loader-2x.gif\" border=0 \/><\/p>\n<div class=\"pvc_clear\"><\/div>\n","protected":false},"excerpt":{"rendered":"<p>El grupo de anillamiento CHAGRA, entre el 1 de mayo<\/p>\n<div class=\"pvc_clear\"><\/div>\n<p id=\"pvc_stats_445\" class=\"pvc_stats all  \" data-element-id=\"445\" style=\"\"><i class=\"pvc-stats-icon medium\" aria-hidden=\"true\"><svg aria-hidden=\"true\" focusable=\"false\" data-prefix=\"far\" data-icon=\"chart-bar\" role=\"img\" xmlns=\"http:\/\/www.w3.org\/2000\/svg\" viewBox=\"0 0 512 512\" class=\"svg-inline--fa fa-chart-bar fa-w-16 fa-2x\"><path fill=\"currentColor\" d=\"M396.8 352h22.4c6.4 0 12.8-6.4 12.8-12.8V108.8c0-6.4-6.4-12.8-12.8-12.8h-22.4c-6.4 0-12.8 6.4-12.8 12.8v230.4c0 6.4 6.4 12.8 12.8 12.8zm-192 0h22.4c6.4 0 12.8-6.4 12.8-12.8V140.8c0-6.4-6.4-12.8-12.8-12.8h-22.4c-6.4 0-12.8 6.4-12.8 12.8v198.4c0 6.4 6.4 12.8 12.8 12.8zm96 0h22.4c6.4 0 12.8-6.4 12.8-12.8V204.8c0-6.4-6.4-12.8-12.8-12.8h-22.4c-6.4 0-12.8 6.4-12.8 12.8v134.4c0 6.4 6.4 12.8 12.8 12.8zM496 400H48V80c0-8.84-7.16-16-16-16H16C7.16 64 0 71.16 0 80v336c0 17.67 14.33 32 32 32h464c8.84 0 16-7.16 16-16v-16c0-8.84-7.16-16-16-16zm-387.2-48h22.4c6.4 0 12.8-6.4 12.8-12.8v-70.4c0-6.4-6.4-12.8-12.8-12.8h-22.4c-6.4 0-12.8 6.4-12.8 12.8v70.4c0 6.4 6.4 12.8 12.8 12.8z\" class=\"\"><\/path><\/svg><\/i> <img decoding=\"async\" width=\"16\" height=\"16\" alt=\"Loading\" src=\"https:\/\/www.seoceuta.es\/wordpress\/wp-content\/plugins\/page-views-count\/ajax-loader-2x.gif\" border=0 \/><\/p>\n<div class=\"pvc_clear\"><\/div>\n","protected":false},"author":1,"featured_media":0,"parent":0,"menu_order":0,"comment_status":"closed","ping_status":"closed","template":"","meta":{"advgb_blocks_editor_width":"","advgb_blocks_columns_visual_guide":"","ngg_post_thumbnail":0,"footnotes":""},"class_list":["post-445","page","type-page","status-publish","hentry"],"a3_pvc":{"activated":true,"total_views":0,"today_views":0},"coauthors":[],"author_meta":{"author_link":"https:\/\/www.seoceuta.es\/wordpress\/author\/ajcambelo\/","display_name":"SeoCeuta"},"relative_dates":{"created":"Publicado 10 a\u00f1os hace","modified":"Actualizado 1 a\u00f1o hace"},"absolute_dates":{"created":"Publicado el 21 de noviembre de 2015","modified":"Actualizado el 2 de febrero de 2025"},"absolute_dates_time":{"created":"Publicado el 21 de noviembre de 2015 22:21","modified":"Actualizado el 2 de febrero de 2025 01:40"},"featured_img_caption":"","featured_img":false,"series_order":"","_links":{"self":[{"href":"https:\/\/www.seoceuta.es\/wordpress\/wp-json\/wp\/v2\/pages\/445","targetHints":{"allow":["GET"]}}],"collection":[{"href":"https:\/\/www.seoceuta.es\/wordpress\/wp-json\/wp\/v2\/pages"}],"about":[{"href":"https:\/\/www.seoceuta.es\/wordpress\/wp-json\/wp\/v2\/types\/page"}],"author":[{"embeddable":true,"href":"https:\/\/www.seoceuta.es\/wordpress\/wp-json\/wp\/v2\/users\/1"}],"replies":[{"embeddable":true,"href":"https:\/\/www.seoceuta.es\/wordpress\/wp-json\/wp\/v2\/comments?post=445"}],"version-history":[{"count":4,"href":"https:\/\/www.seoceuta.es\/wordpress\/wp-json\/wp\/v2\/pages\/445\/revisions"}],"predecessor-version":[{"id":1362,"href":"https:\/\/www.seoceuta.es\/wordpress\/wp-json\/wp\/v2\/pages\/445\/revisions\/1362"}],"wp:attachment":[{"href":"https:\/\/www.seoceuta.es\/wordpress\/wp-json\/wp\/v2\/media?parent=445"}],"curies":[{"name":"wp","href":"https:\/\/api.w.org\/{rel}","templated":true}]}}