{"id":448,"date":"2015-11-21T22:42:00","date_gmt":"2015-11-21T21:42:00","guid":{"rendered":"https:\/\/seoceuta.es\/wordpress\/programa-paser-campana-2013\/"},"modified":"2025-02-02T01:40:55","modified_gmt":"2025-02-02T00:40:55","slug":"programa-paser-campana-2013","status":"publish","type":"page","link":"https:\/\/www.seoceuta.es\/wordpress\/programa-paser-campana-2013\/","title":{"rendered":"PROGRAMA PASER. CAMPA\u00d1A 2013."},"content":{"rendered":"<p class=\"rtejustify\">El grupo de anillamiento CHAGRA, entre el 1 de mayo y el 20 de julio, ha realizado 10 jornadas de anillamiento correspondientes a la XVI edici\u00f3n del programa PASER (Plan de Anillamiento para el Seguimiento de Especies Reproductoras). Este programa se inici\u00f3 en 1998 en el arroyo de Calamocarro, en la&nbsp; ZEPA (Zona de especial protecci\u00f3n para las aves) de Benz\u00fa-Calamocarro, realiz\u00e1ndose un seguimiento de la evoluci\u00f3n de la avifauna nidificante en esta important\u00edsima zona. Los objetivos y la metodolog\u00eda han quedado expuestos en los n\u00fameros 1 al 6 de esta revista, tambi\u00e9n se pueden consultar a trav\u00e9s del siguiente enlace:<\/p>\n<p class=\"rtejustify\">http:\/\/www.seo.org\/2012\/04\/12\/5865\/<\/p>\n<p class=\"rtejustify\">La publicaci\u00f3n de este art\u00edculo en la Revista Alcud\u00f3n, ha contado con una subvenci\u00f3n de la Consejer\u00eda de Medio Ambiente de Ceuta.<\/p>\n<p class=\"rtejustify\"><strong>RESULTADOS<\/strong><\/p>\n<p class=\"rtejustify\">Se ha obtenido un \u00edndice de 90 aves adultas y 200 j\u00f3venes (nacidos durante dicho periodo reproductor) correspondientes a 17 especies diferentes. No se han tenido en cuenta las especies consideradas&nbsp; en migraci\u00f3n en el momento de su captura.<\/p>\n<p class=\"rtejustify\">El n\u00famero de parejas reproductoras ha disminuido 57 puntos porcentuales con respecto a 2012. Esta reducci\u00f3n ha alcanzado a casi todas las especies habituales en la zona, como el Petirrojo, el Ruise\u00f1or Com\u00fan, el Mirlo, el Zarcero Com\u00fan, las Currucas Cabecinegra y Capirotada, el Herrerillo Africano, el Carbonero Com\u00fan, el Pinz\u00f3n Vulgar, el Verdecillo y el Verder\u00f3n com\u00fan. Tan s\u00f3lo el Choch\u00edn y el Papamoscas Gris han visto aumentar ligeramente su n\u00famero.<\/p>\n<p class=\"rtejustify\">La poblaci\u00f3n actual de adultos reproductores se sit\u00faa en el 37 %&nbsp; con respecto a la poblaci\u00f3n inicial observada en los a\u00f1os 1998\/2000, primeros a\u00f1os de estudio (Fig. n\u00ba 1).<\/p>\n<p class=\"rtecenter\">\n<p>El \u00edndice de productividad (porcentaje de j\u00f3venes) ha sido del 69 %, muy alto, 14 puntos por encima de la media hist\u00f3rica.<\/p>\n<p class=\"rtecenter\">\n<p>La tasa de recuperaci\u00f3n de adultos ha sido del 55%, tambi\u00e9n muy alta, 22 puntos por encima de la media hist\u00f3rica.<\/p>\n<p class=\"rtecenter\">\n<p><strong>CONCLUSIONES<\/strong><\/p>\n<p>Esta vertiginosa ca\u00edda de la poblaci\u00f3n reproductora ha roto la tendencia al alza observada en los a\u00f1os precedentes (2011-2012), volviendo a los \u00edndices m\u00ednimos anteriores (2002-2010). La cota m\u00e1s baja se obtuvo en 2003, que qued\u00f3 reducida la poblaci\u00f3n al 30% (teniendo como referencia de partida la media de los a\u00f1os 1998\/2000).<\/p>\n<p>Por el contrario la productividad ha sido la m\u00e1s alta hasta la fecha, sobre todo en el Petirrojo, las Currucas Cabecinegra y Capirotada, el Pinz\u00f3n Vuglar y el Verdecillo.<\/p>\n<p>El \u00edndice de recuperaci\u00f3n de adultos tambi\u00e9n ha sido el m\u00e1s alto hasta la fecha, corrobor\u00e1ndose tanto en especies con alto grado de sedentarismo como el Choch\u00edn, la Curruca Cebecinegra y el Pinz\u00f3n Vulgar, en especies migradoras parciales como el Verdecillo, y en especies estivales como el Zarcero com\u00fan y el Papamoscas Gris.<\/p>\n<p>El Verdecillo vuelve a ser la especie m\u00e1s representativa, junto con el Petirrojo, la Curruca Capirotada, la &nbsp;Curruca Cabecinegra , el Herrerillo Africano y el Pinz\u00f3n Vulgar.<\/p>\n<div class=\"pvc_clear\"><\/div>\n<p id=\"pvc_stats_448\" class=\"pvc_stats all  \" data-element-id=\"448\" style=\"\"><i class=\"pvc-stats-icon medium\" aria-hidden=\"true\"><svg aria-hidden=\"true\" focusable=\"false\" data-prefix=\"far\" data-icon=\"chart-bar\" role=\"img\" xmlns=\"http:\/\/www.w3.org\/2000\/svg\" viewBox=\"0 0 512 512\" class=\"svg-inline--fa fa-chart-bar fa-w-16 fa-2x\"><path fill=\"currentColor\" d=\"M396.8 352h22.4c6.4 0 12.8-6.4 12.8-12.8V108.8c0-6.4-6.4-12.8-12.8-12.8h-22.4c-6.4 0-12.8 6.4-12.8 12.8v230.4c0 6.4 6.4 12.8 12.8 12.8zm-192 0h22.4c6.4 0 12.8-6.4 12.8-12.8V140.8c0-6.4-6.4-12.8-12.8-12.8h-22.4c-6.4 0-12.8 6.4-12.8 12.8v198.4c0 6.4 6.4 12.8 12.8 12.8zm96 0h22.4c6.4 0 12.8-6.4 12.8-12.8V204.8c0-6.4-6.4-12.8-12.8-12.8h-22.4c-6.4 0-12.8 6.4-12.8 12.8v134.4c0 6.4 6.4 12.8 12.8 12.8zM496 400H48V80c0-8.84-7.16-16-16-16H16C7.16 64 0 71.16 0 80v336c0 17.67 14.33 32 32 32h464c8.84 0 16-7.16 16-16v-16c0-8.84-7.16-16-16-16zm-387.2-48h22.4c6.4 0 12.8-6.4 12.8-12.8v-70.4c0-6.4-6.4-12.8-12.8-12.8h-22.4c-6.4 0-12.8 6.4-12.8 12.8v70.4c0 6.4 6.4 12.8 12.8 12.8z\" class=\"\"><\/path><\/svg><\/i> <img decoding=\"async\" width=\"16\" height=\"16\" alt=\"Loading\" src=\"https:\/\/www.seoceuta.es\/wordpress\/wp-content\/plugins\/page-views-count\/ajax-loader-2x.gif\" border=0 \/><\/p>\n<div class=\"pvc_clear\"><\/div>\n","protected":false},"excerpt":{"rendered":"<p>El grupo de anillamiento CHAGRA, entre el 1 de mayo<\/p>\n<div class=\"pvc_clear\"><\/div>\n<p id=\"pvc_stats_448\" class=\"pvc_stats all  \" data-element-id=\"448\" style=\"\"><i class=\"pvc-stats-icon medium\" aria-hidden=\"true\"><svg aria-hidden=\"true\" focusable=\"false\" data-prefix=\"far\" data-icon=\"chart-bar\" role=\"img\" xmlns=\"http:\/\/www.w3.org\/2000\/svg\" viewBox=\"0 0 512 512\" class=\"svg-inline--fa fa-chart-bar fa-w-16 fa-2x\"><path fill=\"currentColor\" d=\"M396.8 352h22.4c6.4 0 12.8-6.4 12.8-12.8V108.8c0-6.4-6.4-12.8-12.8-12.8h-22.4c-6.4 0-12.8 6.4-12.8 12.8v230.4c0 6.4 6.4 12.8 12.8 12.8zm-192 0h22.4c6.4 0 12.8-6.4 12.8-12.8V140.8c0-6.4-6.4-12.8-12.8-12.8h-22.4c-6.4 0-12.8 6.4-12.8 12.8v198.4c0 6.4 6.4 12.8 12.8 12.8zm96 0h22.4c6.4 0 12.8-6.4 12.8-12.8V204.8c0-6.4-6.4-12.8-12.8-12.8h-22.4c-6.4 0-12.8 6.4-12.8 12.8v134.4c0 6.4 6.4 12.8 12.8 12.8zM496 400H48V80c0-8.84-7.16-16-16-16H16C7.16 64 0 71.16 0 80v336c0 17.67 14.33 32 32 32h464c8.84 0 16-7.16 16-16v-16c0-8.84-7.16-16-16-16zm-387.2-48h22.4c6.4 0 12.8-6.4 12.8-12.8v-70.4c0-6.4-6.4-12.8-12.8-12.8h-22.4c-6.4 0-12.8 6.4-12.8 12.8v70.4c0 6.4 6.4 12.8 12.8 12.8z\" class=\"\"><\/path><\/svg><\/i> <img decoding=\"async\" width=\"16\" height=\"16\" alt=\"Loading\" src=\"https:\/\/www.seoceuta.es\/wordpress\/wp-content\/plugins\/page-views-count\/ajax-loader-2x.gif\" border=0 \/><\/p>\n<div class=\"pvc_clear\"><\/div>\n","protected":false},"author":1,"featured_media":0,"parent":0,"menu_order":0,"comment_status":"closed","ping_status":"closed","template":"","meta":{"advgb_blocks_editor_width":"","advgb_blocks_columns_visual_guide":"","ngg_post_thumbnail":0,"footnotes":""},"class_list":["post-448","page","type-page","status-publish","hentry"],"a3_pvc":{"activated":true,"total_views":0,"today_views":0},"coauthors":[],"author_meta":{"author_link":"https:\/\/www.seoceuta.es\/wordpress\/author\/ajcambelo\/","display_name":"SeoCeuta"},"relative_dates":{"created":"Publicado 10 a\u00f1os hace","modified":"Actualizado 1 a\u00f1o hace"},"absolute_dates":{"created":"Publicado el 21 de noviembre de 2015","modified":"Actualizado el 2 de febrero de 2025"},"absolute_dates_time":{"created":"Publicado el 21 de noviembre de 2015 22:42","modified":"Actualizado el 2 de febrero de 2025 01:40"},"featured_img_caption":"","featured_img":false,"series_order":"","_links":{"self":[{"href":"https:\/\/www.seoceuta.es\/wordpress\/wp-json\/wp\/v2\/pages\/448","targetHints":{"allow":["GET"]}}],"collection":[{"href":"https:\/\/www.seoceuta.es\/wordpress\/wp-json\/wp\/v2\/pages"}],"about":[{"href":"https:\/\/www.seoceuta.es\/wordpress\/wp-json\/wp\/v2\/types\/page"}],"author":[{"embeddable":true,"href":"https:\/\/www.seoceuta.es\/wordpress\/wp-json\/wp\/v2\/users\/1"}],"replies":[{"embeddable":true,"href":"https:\/\/www.seoceuta.es\/wordpress\/wp-json\/wp\/v2\/comments?post=448"}],"version-history":[{"count":5,"href":"https:\/\/www.seoceuta.es\/wordpress\/wp-json\/wp\/v2\/pages\/448\/revisions"}],"predecessor-version":[{"id":1365,"href":"https:\/\/www.seoceuta.es\/wordpress\/wp-json\/wp\/v2\/pages\/448\/revisions\/1365"}],"wp:attachment":[{"href":"https:\/\/www.seoceuta.es\/wordpress\/wp-json\/wp\/v2\/media?parent=448"}],"curies":[{"name":"wp","href":"https:\/\/api.w.org\/{rel}","templated":true}]}}