{"id":455,"date":"2015-11-22T22:19:01","date_gmt":"2015-11-22T21:19:01","guid":{"rendered":"https:\/\/seoceuta.es\/wordpress\/introduccion\/"},"modified":"2025-02-02T01:41:11","modified_gmt":"2025-02-02T00:41:11","slug":"introduccion","status":"publish","type":"page","link":"https:\/\/www.seoceuta.es\/wordpress\/introduccion\/","title":{"rendered":"INTRODUCCI\u00d3N"},"content":{"rendered":"<p class=\"rtecenter\"><strong>INTRODUCCI\u00d3N<\/strong><\/p>\n<p class=\"rtejustify\">Este proyecto est\u00e1 dirigido por el Grupo de Anillamiento Chagra, y cuenta con la colaboraci\u00f3n de la Consejer\u00eda de Medio Ambiente de Ceuta. El \u00e1mbito geogr\u00e1fico de actuaci\u00f3n es la <strong>Ciudad Aut\u00f3noma de Ceuta<\/strong>, situada en la orilla sur del Estrecho de Gibraltar, entorno geogr\u00e1fico privilegiado que justifica doblemente el estudio: una, por encontrarse en una zona de gran paso migratorio; y otra, por la escasez de proyectos de este tipo en la vertiente africana del Mar Mediterr\u00e1neo.<\/p>\n<p class=\"rtecenter\"><strong>METODOLOG\u00cdA<\/strong><\/p>\n<p class=\"rtecenter\"><strong>M\u00c9TODOS DE TRAMPEO Y FECHAS DE ACTUACI\u00d3N<\/strong><\/p>\n<p class=\"rtejustify\">El proyecto consiste en marcar los ejemplares capturados con una anilla met\u00e1lica en el tarso derecho, y una <strong>anilla de PVC blanca<\/strong>, con <strong>c\u00f3digo negro<\/strong> en el izquierdo<strong>. <\/strong>En el a\u00f1o 2014 se ha terminado con la serie<strong> \u201cN:1LL\u201d<\/strong>, iniciada en 2013, y se ha empezado con la <strong>\u201cN:2LL\u201d<\/strong> , d\u00f3nde LL son dos letras.<\/p>\n<p class=\"rtecenter\">\n<p class=\"rtecenter\">\n<p class=\"rtecenter\">\n<p class=\"rtejustify\">Este a\u00f1o los m\u00e9todos m\u00e1s utilizados han sido el anillamiento en nido y la captura de pollos volantones, recogidos con la mano en diversos lugares de la ciudad. Por el contrario, nos vimos obligados a renunciar a otro sistema que en 2013 nos proporcion\u00f3 numerosas capturas, la trampa con lazos corredizos (similares a ball-chatri), debido a que las gaviotas parec\u00edan haber aprendido el enga\u00f1o (solo una captura en el mes de febrero). Los volantones anillados han sido recogidos tanto por personal de Obimasa, empresa municipal encargada del protocolo de retirada de nidos de <em>Larus michahellis<\/em> de los edificios y zonas urbanas en la Ciudad de Ceuta, como por avisos directos de particulares que comunicaban la presencia de pollos atrapados en viviendas o que deambulaban por las calles de la ciudad. Por \u00faltimo, existe un peque\u00f1o n\u00famero de ejemplares recogidos enfermos, y que han sido anillados y puestos en libertad tras su recuperaci\u00f3n.<\/p>\n<p class=\"rtejustify\">Adem\u00e1s de la singularidad de la situaci\u00f3n geogr\u00e1fica de la Ciudad de Ceuta, como colonia de cr\u00eda de Gaviota patiamarilla <em>(Larus michahellis)<\/em> presenta tambi\u00e9n caracter\u00edsticas que la hacen diferente. Las gaviotas, que durante a\u00f1os tuvieron una fuente segura de alimento en el vertedero de Santa Catalina, con la clausura del mismo fueron abandonando progresivamente la colonia de cr\u00eda de la ZEPA de los acantilados del Monte Hacho, colindante con el citado vertedero, para convertir la totalidad del casco urbano como lugar preferido para su reproducci\u00f3n. Esta circunstancia ha supuesto un esfuerzo adicional para los anilladores: buscar los nidos edificio por edificio; y&nbsp; gestionar las autorizaciones pertinentes para acceder a centros p\u00fablicos y viviendas privadas.<\/p>\n<p class=\"rtecenter\"><strong>PLAN DE TRABAJO: OBJETIVOS Y JUSTIFICACI\u00d3N<\/strong><\/p>\n<p class=\"rtejustify\">La experiencia nos ha demostrado que el objetivo cuantitativo inicial era totalmente insuficiente, ya que es necesario el marcaje de muchos ejemplares para obtener resultados significativos. Tal vez la cifra qued\u00f3 condicionada por el escaso n\u00famero de anillamientos de <em>Larus michahellis <\/em>que se hab\u00edan llevado a cabo en nuestra ciudad antes de iniciar el proyecto, que nos hizo ser excesivamente prudentes a la hora de estimar nuestra capacidad de anillamiento.<\/p>\n<p class=\"rtejustify\">Por lo tanto, el nuevo objetivo consiste en marcar una media de 100 ejemplares anuales durante un periodo de 5 a\u00f1os.<\/p>\n<p class=\"rtejustify\">Los principales objetivos, a los efectos de obtener informaci\u00f3n, que se plantearon fueron:<\/p>\n<p class=\"rtejustify\">a) Analizar los movimientos de la poblaci\u00f3n residente de la Gaviota Patiamarilla <em>(Larus michahellis)<\/em> a lo largo de la costa ceut\u00ed, tanto en el periodo reproductor, como fuera del mismo, utilizando como herramienta de trabajo fundamental para el seguimiento de individuos el anillamiento y marcaje con anillas de lectura a distancia.<\/p>\n<p class=\"rtejustify\">b) Estudiar y determinar la dispersi\u00f3n post-reproductora de los ejemplares juveniles tanto a nivel local como fuera de la ciudad de Ceuta.<\/p>\n<p class=\"rtejustify\">c) Analizar los cambios de comportamiento poblacional de la especie en los pr\u00f3ximos a\u00f1os, condicionados por la dr\u00e1stica alteraci\u00f3n en sus lugares de alimentaci\u00f3n y colonias de reproducci\u00f3n<\/p>\n<p class=\"rtejustify\">d) Determinar los lugares y h\u00e1bitos tr\u00f3ficos de la poblaci\u00f3n reproductora.<\/p>\n<p class=\"rtejustify\">e) Analizar los efectos de&nbsp; las medidas de control llevadas a cabo por el gobierno local sobre&nbsp; la poblaci\u00f3n residente.<\/p>\n<p class=\"rtejustify\">A pesar del que el proyecto est\u00e1 todav\u00eda en su fase inicial, ya se van consiguiendo datos significativos que nos dan la posibilidad de ir planteando las primeras hip\u00f3tesis, que, por supuesto, tendr\u00e1n que ir siendo confirmadas en a\u00f1os posteriores.<\/p>\n<div class=\"pvc_clear\"><\/div>\n<p id=\"pvc_stats_455\" class=\"pvc_stats all  \" data-element-id=\"455\" style=\"\"><i class=\"pvc-stats-icon medium\" aria-hidden=\"true\"><svg aria-hidden=\"true\" focusable=\"false\" data-prefix=\"far\" data-icon=\"chart-bar\" role=\"img\" xmlns=\"http:\/\/www.w3.org\/2000\/svg\" viewBox=\"0 0 512 512\" class=\"svg-inline--fa fa-chart-bar fa-w-16 fa-2x\"><path fill=\"currentColor\" d=\"M396.8 352h22.4c6.4 0 12.8-6.4 12.8-12.8V108.8c0-6.4-6.4-12.8-12.8-12.8h-22.4c-6.4 0-12.8 6.4-12.8 12.8v230.4c0 6.4 6.4 12.8 12.8 12.8zm-192 0h22.4c6.4 0 12.8-6.4 12.8-12.8V140.8c0-6.4-6.4-12.8-12.8-12.8h-22.4c-6.4 0-12.8 6.4-12.8 12.8v198.4c0 6.4 6.4 12.8 12.8 12.8zm96 0h22.4c6.4 0 12.8-6.4 12.8-12.8V204.8c0-6.4-6.4-12.8-12.8-12.8h-22.4c-6.4 0-12.8 6.4-12.8 12.8v134.4c0 6.4 6.4 12.8 12.8 12.8zM496 400H48V80c0-8.84-7.16-16-16-16H16C7.16 64 0 71.16 0 80v336c0 17.67 14.33 32 32 32h464c8.84 0 16-7.16 16-16v-16c0-8.84-7.16-16-16-16zm-387.2-48h22.4c6.4 0 12.8-6.4 12.8-12.8v-70.4c0-6.4-6.4-12.8-12.8-12.8h-22.4c-6.4 0-12.8 6.4-12.8 12.8v70.4c0 6.4 6.4 12.8 12.8 12.8z\" class=\"\"><\/path><\/svg><\/i> <img decoding=\"async\" width=\"16\" height=\"16\" alt=\"Loading\" src=\"https:\/\/www.seoceuta.es\/wordpress\/wp-content\/plugins\/page-views-count\/ajax-loader-2x.gif\" border=0 \/><\/p>\n<div class=\"pvc_clear\"><\/div>\n","protected":false},"excerpt":{"rendered":"<p>INTRODUCCI\u00d3N Este proyecto est\u00e1 dirigido por el Grupo de Anillamiento<\/p>\n<div class=\"pvc_clear\"><\/div>\n<p id=\"pvc_stats_455\" class=\"pvc_stats all  \" data-element-id=\"455\" style=\"\"><i class=\"pvc-stats-icon medium\" aria-hidden=\"true\"><svg aria-hidden=\"true\" focusable=\"false\" data-prefix=\"far\" data-icon=\"chart-bar\" role=\"img\" xmlns=\"http:\/\/www.w3.org\/2000\/svg\" viewBox=\"0 0 512 512\" class=\"svg-inline--fa fa-chart-bar fa-w-16 fa-2x\"><path fill=\"currentColor\" d=\"M396.8 352h22.4c6.4 0 12.8-6.4 12.8-12.8V108.8c0-6.4-6.4-12.8-12.8-12.8h-22.4c-6.4 0-12.8 6.4-12.8 12.8v230.4c0 6.4 6.4 12.8 12.8 12.8zm-192 0h22.4c6.4 0 12.8-6.4 12.8-12.8V140.8c0-6.4-6.4-12.8-12.8-12.8h-22.4c-6.4 0-12.8 6.4-12.8 12.8v198.4c0 6.4 6.4 12.8 12.8 12.8zm96 0h22.4c6.4 0 12.8-6.4 12.8-12.8V204.8c0-6.4-6.4-12.8-12.8-12.8h-22.4c-6.4 0-12.8 6.4-12.8 12.8v134.4c0 6.4 6.4 12.8 12.8 12.8zM496 400H48V80c0-8.84-7.16-16-16-16H16C7.16 64 0 71.16 0 80v336c0 17.67 14.33 32 32 32h464c8.84 0 16-7.16 16-16v-16c0-8.84-7.16-16-16-16zm-387.2-48h22.4c6.4 0 12.8-6.4 12.8-12.8v-70.4c0-6.4-6.4-12.8-12.8-12.8h-22.4c-6.4 0-12.8 6.4-12.8 12.8v70.4c0 6.4 6.4 12.8 12.8 12.8z\" class=\"\"><\/path><\/svg><\/i> <img decoding=\"async\" width=\"16\" height=\"16\" alt=\"Loading\" src=\"https:\/\/www.seoceuta.es\/wordpress\/wp-content\/plugins\/page-views-count\/ajax-loader-2x.gif\" border=0 \/><\/p>\n<div class=\"pvc_clear\"><\/div>\n","protected":false},"author":1,"featured_media":456,"parent":0,"menu_order":0,"comment_status":"closed","ping_status":"closed","template":"","meta":{"advgb_blocks_editor_width":"","advgb_blocks_columns_visual_guide":"","ngg_post_thumbnail":0,"footnotes":""},"class_list":["post-455","page","type-page","status-publish","has-post-thumbnail","hentry"],"a3_pvc":{"activated":true,"total_views":0,"today_views":0},"coauthors":[],"author_meta":{"author_link":"https:\/\/www.seoceuta.es\/wordpress\/author\/ajcambelo\/","display_name":"SeoCeuta"},"relative_dates":{"created":"Publicado 10 a\u00f1os hace","modified":"Actualizado 1 a\u00f1o hace"},"absolute_dates":{"created":"Publicado el 22 de noviembre de 2015","modified":"Actualizado el 2 de febrero de 2025"},"absolute_dates_time":{"created":"Publicado el 22 de noviembre de 2015 22:19","modified":"Actualizado el 2 de febrero de 2025 01:41"},"featured_img_caption":"","featured_img":"https:\/\/www.seoceuta.es\/wordpress\/wp-content\/uploads\/2015\/11\/miguel-a.-y-joaquin-anillando.JPG","series_order":"","_links":{"self":[{"href":"https:\/\/www.seoceuta.es\/wordpress\/wp-json\/wp\/v2\/pages\/455","targetHints":{"allow":["GET"]}}],"collection":[{"href":"https:\/\/www.seoceuta.es\/wordpress\/wp-json\/wp\/v2\/pages"}],"about":[{"href":"https:\/\/www.seoceuta.es\/wordpress\/wp-json\/wp\/v2\/types\/page"}],"author":[{"embeddable":true,"href":"https:\/\/www.seoceuta.es\/wordpress\/wp-json\/wp\/v2\/users\/1"}],"replies":[{"embeddable":true,"href":"https:\/\/www.seoceuta.es\/wordpress\/wp-json\/wp\/v2\/comments?post=455"}],"version-history":[{"count":5,"href":"https:\/\/www.seoceuta.es\/wordpress\/wp-json\/wp\/v2\/pages\/455\/revisions"}],"predecessor-version":[{"id":1379,"href":"https:\/\/www.seoceuta.es\/wordpress\/wp-json\/wp\/v2\/pages\/455\/revisions\/1379"}],"wp:featuredmedia":[{"embeddable":true,"href":"https:\/\/www.seoceuta.es\/wordpress\/wp-json\/wp\/v2\/media\/456"}],"wp:attachment":[{"href":"https:\/\/www.seoceuta.es\/wordpress\/wp-json\/wp\/v2\/media?parent=455"}],"curies":[{"name":"wp","href":"https:\/\/api.w.org\/{rel}","templated":true}]}}