{"id":820,"date":"2025-01-22T10:03:55","date_gmt":"2025-01-22T09:03:55","guid":{"rendered":"https:\/\/seoceuta.es\/wordpress\/?page_id=820"},"modified":"2025-01-30T16:47:42","modified_gmt":"2025-01-30T15:47:42","slug":"donde-observar-aves-en-ceuta","status":"publish","type":"page","link":"https:\/\/www.seoceuta.es\/wordpress\/donde-observar-aves-en-ceuta\/","title":{"rendered":"DONDE OBSERVAR AVES EN CEUTA"},"content":{"rendered":"\n<figure class=\"wp-block-image\"><img fetchpriority=\"high\" decoding=\"async\" width=\"760\" height=\"506\" src=\"https:\/\/seoceuta.es\/wordpress\/wp-content\/uploads\/2025\/01\/mapa20observaciones20copy.jpg\" alt=\"Mapa lugares donde observar aves en Ceuta.\" class=\"wp-image-830\" srcset=\"https:\/\/www.seoceuta.es\/wordpress\/wp-content\/uploads\/2025\/01\/mapa20observaciones20copy.jpg 760w, https:\/\/www.seoceuta.es\/wordpress\/wp-content\/uploads\/2025\/01\/mapa20observaciones20copy-300x200.jpg 300w\" sizes=\"(max-width: 760px) 100vw, 760px\" \/><\/figure>\n\n\n\n<p class=\"has-text-align-center\">En el mapa del territorio de Ceuta, se muestran los principales puntos de observaci\u00f3n tanto de aves planeadoras (aves rapaces, Cig\u00fce\u00f1as, etc.) como de aves marinas (Alcatraces, Pardelas, etc.). Tambi\u00e9n podemos ver los principales recorridos para observar aves. Abajo se describen los diferentes observatorios y rutas.<\/p>\n\n\n\n<p class=\"has-text-align-center has-luminous-vivid-amber-color has-text-color has-link-color wp-elements-19358dca9cc1b919bdc998c063529e7a\"><strong>O-1. OBSERVATORIO DEL MONTE DEL RENEGADO<\/strong><\/p>\n\n\n\n<figure class=\"wp-block-image is-resized\"><img decoding=\"async\" width=\"408\" height=\"306\" src=\"https:\/\/seoceuta.es\/wordpress\/wp-content\/uploads\/2025\/01\/tortuga1.jpg\" alt=\"Monte del Renegado\" class=\"wp-image-822\" style=\"width:719px;height:auto\" srcset=\"https:\/\/www.seoceuta.es\/wordpress\/wp-content\/uploads\/2025\/01\/tortuga1.jpg 408w, https:\/\/www.seoceuta.es\/wordpress\/wp-content\/uploads\/2025\/01\/tortuga1-300x225.jpg 300w\" sizes=\"(max-width: 408px) 100vw, 408px\" \/><\/figure>\n\n\n\n<figure class=\"wp-block-image is-resized\"><img decoding=\"async\" src=\"https:\/\/www.seoceuta.es\/antigua%20web\/observatorios\/fotos%20monte%20renegado\/DSC04745.JPG\" alt=\"Vista de Ceuta desde el monte de la Tortuga\" style=\"width:728px;height:auto\"\/><\/figure>\n\n\n\n<p class=\"has-text-align-center\">Popularmente llamado \u00abLa Tortuga\u00bb por el observatorio militar que corona este monte y que recuerda por su forma a este reptil. Este punto de observaci\u00f3n es recomendable durante la migraci\u00f3n postnupcial de aves planeadoras con vientos de componente Oeste y durante la migraci\u00f3n prenupcial en cualquier situaci\u00f3n.<\/p>\n\n\n\n<p class=\"has-text-align-center has-luminous-vivid-amber-color has-text-color has-link-color wp-elements-bc09fceadf553e89c0ab85b64c8c421f\"><strong>O-4. OBSERVATORIO FUERTE SAN FRANCISCO DE AS\u00cdS<\/strong><\/p>\n\n\n\n<figure class=\"wp-block-image is-resized\"><img decoding=\"async\" width=\"408\" height=\"306\" src=\"https:\/\/seoceuta.es\/wordpress\/wp-content\/uploads\/2025\/01\/asis1.jpg\" alt=\"Fuerte de San Francisco de As\u00eds\" class=\"wp-image-823\" style=\"width:717px;height:auto\" srcset=\"https:\/\/www.seoceuta.es\/wordpress\/wp-content\/uploads\/2025\/01\/asis1.jpg 408w, https:\/\/www.seoceuta.es\/wordpress\/wp-content\/uploads\/2025\/01\/asis1-300x225.jpg 300w\" sizes=\"(max-width: 408px) 100vw, 408px\" \/><\/figure>\n\n\n\n<p class=\"has-text-align-center\">Observatorio elevado situado junto a esta fortificaci\u00f3n defensiva fronteriza, construida tras la Guerra con Marruecos de 1859-60. Punto de especial interes para situar un observatorio permanente de la migraci\u00f3n de las aves. Esta torre ha sido propuesta por los grupos locales para ser destinado a tal fin.<\/p>\n\n\n\n<p class=\"has-text-align-center\">Este punto de observaci\u00f3n es recomendable durante la migraci\u00f3n postnupcial de aves planeadoras con vientos de componente Oeste y durante la migraci\u00f3n prenupcial en cualquier situaci\u00f3n.<\/p>\n\n\n\n<p class=\"has-text-align-center has-luminous-vivid-amber-color has-text-color has-link-color wp-elements-7a5e1019950c6d55b5d5f15905734713\"><strong>O-6. OBSERVATORIO MIRADOR DE BENZ\u00da<\/strong><\/p>\n\n\n\n<figure class=\"wp-block-image is-resized\"><img loading=\"lazy\" decoding=\"async\" width=\"408\" height=\"306\" src=\"https:\/\/seoceuta.es\/wordpress\/wp-content\/uploads\/2025\/01\/benzu1.jpg\" alt=\"Mirador de Benz\u00fa\" class=\"wp-image-824\" style=\"width:724px;height:auto\" srcset=\"https:\/\/www.seoceuta.es\/wordpress\/wp-content\/uploads\/2025\/01\/benzu1.jpg 408w, https:\/\/www.seoceuta.es\/wordpress\/wp-content\/uploads\/2025\/01\/benzu1-300x225.jpg 300w\" sizes=\"(max-width: 408px) 100vw, 408px\" \/><\/figure>\n\n\n\n<p class=\"has-text-align-center\">Punto alto situado en el vertice noroccidental del territorio ceut\u00ed, esta situado junto a una cantera de piedra, en \u00faltima fase de explotaci\u00f3n. Desde este observatorio, tenemos una privilegiada vista de la bahia de Beliounex ya en territorio de Marruecos y las estribaciones del Yebel Musa \u00abla Mujer Muerta\u00bb. Este punto de observaci\u00f3n es recomendable durante la migraci\u00f3n postnupcial de aves planeadoras con vientos de componente Oeste y durante la migraci\u00f3n prenupcial en cualquier situaci\u00f3n.<\/p>\n\n\n\n<p class=\"has-text-align-center has-vivid-cyan-blue-color has-text-color has-link-color wp-elements-178bb07e1ec6ea4c732ec2d28f5fe4a5\"><strong>M-1. OBSERVATORIO DE&nbsp;PUNTA DEL DESNARIGADO<\/strong><\/p>\n\n\n\n<figure class=\"wp-block-image is-resized\"><img loading=\"lazy\" decoding=\"async\" width=\"408\" height=\"306\" src=\"https:\/\/seoceuta.es\/wordpress\/wp-content\/uploads\/2025\/01\/desnarigado1.jpg\" alt=\"\" class=\"wp-image-825\" style=\"width:732px;height:auto\" srcset=\"https:\/\/www.seoceuta.es\/wordpress\/wp-content\/uploads\/2025\/01\/desnarigado1.jpg 408w, https:\/\/www.seoceuta.es\/wordpress\/wp-content\/uploads\/2025\/01\/desnarigado1-300x225.jpg 300w\" sizes=\"(max-width: 408px) 100vw, 408px\" \/><\/figure>\n\n\n\n<p class=\"has-text-align-center\">La Punta del Desnarigado se encuentra en la escarpada&nbsp;costa Este del Monte Hacho, su situaci\u00f3n estrategicamente privilegiada la convierte en uno de los principales puntos para la observaci\u00f3n de aves marinas (Pardelas, Alcatraces, Charranes, alguna especie de gaviotas, etc.), especialmente para la realizaci\u00f3n de conteos de las Pardelas en los movimientos migratorios de entrada o salida del Mediterr\u00e1neo.<\/p>\n\n\n\n<p class=\"has-text-align-center\">Ha sido durante los \u00faltimos conteos realizados dentro del ambito del Programa de la Fundaci\u00f3n Migres Aves Marinas, cuando se ha podido comprobar el aumento de la poblaci\u00f3n de Pardela cenicienta (<em>Calonectris diomedea<\/em>) que se estima en 677.857 aves en el periodo del 14 de Octubre al 15 de Noviembre de 2006.<\/p>\n\n\n\n<p class=\"has-text-align-center has-vivid-cyan-blue-color has-text-color has-link-color wp-elements-0610238b6ec473c6a5b849edb6c27970\"><strong>M-2. OBSERVATORIO DE PUNTA ALMINA<\/strong><\/p>\n\n\n\n<figure class=\"wp-block-image is-resized\"><img loading=\"lazy\" decoding=\"async\" width=\"300\" height=\"199\" src=\"https:\/\/seoceuta.es\/wordpress\/wp-content\/uploads\/2025\/01\/puntaalmina.jpg\" alt=\"Punta Almina\" class=\"wp-image-826\" style=\"width:731px;height:auto\"\/><\/figure>\n\n\n\n<p class=\"has-text-align-center\">Al igual que la Punta del Desnarigado, Punta Almina es un observatorio privilegiado para la observaci\u00f3n de los movimientos de entrada y salida de aves marinas por el Estrecho de Gibraltar. Este es un lugar id\u00f3neo para establecer un futuro observatorio de aves marinas, tambien desde aqui podemos observar en epoca de cria a la colonia de Gaviota patiamarilla que nidifica en los cantiles de la pr\u00f3xima Bah\u00eda del Odi\u00f3n.<\/p>\n\n\n\n<p class=\"has-text-align-center has-vivid-cyan-blue-color has-text-color has-link-color wp-elements-7be7bcabf162790e33a88441d10b5f3e\"><strong>M-4. OBSERVATORIO DE PUNTA BLANCA<\/strong><\/p>\n\n\n\n<figure class=\"wp-block-image is-resized\"><img loading=\"lazy\" decoding=\"async\" width=\"408\" height=\"306\" src=\"https:\/\/seoceuta.es\/wordpress\/wp-content\/uploads\/2025\/01\/puntablanca1.jpg\" alt=\"Punta Blanca\" class=\"wp-image-827\" style=\"width:734px;height:auto\" srcset=\"https:\/\/www.seoceuta.es\/wordpress\/wp-content\/uploads\/2025\/01\/puntablanca1.jpg 408w, https:\/\/www.seoceuta.es\/wordpress\/wp-content\/uploads\/2025\/01\/puntablanca1-300x225.jpg 300w\" sizes=\"(max-width: 408px) 100vw, 408px\" \/><\/figure>\n\n\n\n<p class=\"has-text-align-center\">Situado en la costa norte del campo exterior del territorio ceut\u00ed, esta punta rocosa es un observatorio idoneo para el estudio de las aves marinas que entran y salen al Mediterr\u00e1neo, desde este accidente costero podremos observar los movimientos de Alcatraces, Gaviotas, Charranes, etc. tambi\u00e9n los movimientos de las especies de lim\u00edcolas en migraci\u00f3n y invernantes como Vuelvepiedras, Zarapitos, Chorlitejos, Andarrios, etc.<\/p>\n\n\n\n<p class=\"has-text-align-center has-vivid-red-color has-text-color has-link-color wp-elements-46d46235e6c6cd205944b3e7ac13140a\"><strong>R-1 y R-2. ARROYO DE CALAMOCARRO<\/strong><\/p>\n\n\n\n<figure class=\"wp-block-image is-resized\"><img loading=\"lazy\" decoding=\"async\" width=\"408\" height=\"306\" src=\"https:\/\/seoceuta.es\/wordpress\/wp-content\/uploads\/2025\/01\/vista1.jpg\" alt=\"Panor\u00e1mica del Arroyo de Calamocarro\" class=\"wp-image-821\" style=\"width:735px;height:auto\" srcset=\"https:\/\/www.seoceuta.es\/wordpress\/wp-content\/uploads\/2025\/01\/vista1.jpg 408w, https:\/\/www.seoceuta.es\/wordpress\/wp-content\/uploads\/2025\/01\/vista1-300x225.jpg 300w\" sizes=\"(max-width: 408px) 100vw, 408px\" \/><\/figure>\n\n\n\n<p class=\"has-text-align-center\">Parte primordial de la ZEPA (Zona de Especial Protecci\u00f3n para las Aves) Benz\u00fa-Calamocarro, en el Arroyo de Calamocarro, podemos realizar al menos tres trayectos: el mas interesante es el que sigue todo su cauce desde el nacimiento hasta su desembocadura (R-1). Otro es el que sigue la pista que une Calamocarro con la carretera Benz\u00fa-Mirador de Isabel II (R-2) y el tercero es el que dicurre por la pista de La Lastra y que bordea toda la cabecera del arroyo.<\/p>\n\n\n\n<p class=\"has-text-align-center\">En esta zona tenemos la posibilidad de observar pr\u00e1cticamente todas las especies y subespecies propias de la avifauna ceut\u00ed. Estos recorridos son recomendables todas las epocas del a\u00f1o.<\/p>\n\n\n\n<p class=\"has-text-align-center has-vivid-red-color has-text-color has-link-color wp-elements-f5ae912d9df73fa4589f5afc62c89c91\"><strong>R-4. ARROYO DEL INFIERNO<\/strong><\/p>\n\n\n\n<figure class=\"wp-block-image is-resized\"><img loading=\"lazy\" decoding=\"async\" width=\"408\" height=\"306\" src=\"https:\/\/seoceuta.es\/wordpress\/wp-content\/uploads\/2025\/01\/vistalejanapantanillo.jpg\" alt=\"\" class=\"wp-image-828\" style=\"width:732px;height:auto\" srcset=\"https:\/\/www.seoceuta.es\/wordpress\/wp-content\/uploads\/2025\/01\/vistalejanapantanillo.jpg 408w, https:\/\/www.seoceuta.es\/wordpress\/wp-content\/uploads\/2025\/01\/vistalejanapantanillo-300x225.jpg 300w\" sizes=\"(max-width: 408px) 100vw, 408px\" \/><\/figure>\n\n\n\n<p class=\"has-text-align-center\">Este recorrido comienza siguiendo el cauce del Arroyo del Infierno y a continuaci\u00f3n la pista que rodea del embalse del mismo nombre (R-4). Especialmente interesante en invierno y sobretodo en epoca de migraciones. Se pueden observar algunas aves comunes del embalse, como Gaviotas, Garcetas comunes, Garzas reales, etc.<\/p>\n\n\n\n<p class=\"has-text-align-center\">Especial interes ofrece en peque\u00f1o embalse para el bombeo de agua al embalse del Renegado, ya que es el unico lugar del territorio ceut\u00ed, donde se desarrolla vegetaci\u00f3n palustre, siendo de especial importancia como refugio durante la migraci\u00f3n de las aves ligadas a estos habitats, pudiendo observarse Carriceros, Mart\u00edn pescador, Garcilla cangrejera, Garza real, etc.<\/p>\n\n\n\n<p class=\"has-text-align-center has-vivid-red-color has-text-color has-link-color wp-elements-01d036eb79c9486b69dcfd2e531ffe97\"><strong>R-5. ARROYO DEL RENEGADO<\/strong><\/p>\n\n\n\n<figure class=\"wp-block-image is-resized\"><img loading=\"lazy\" decoding=\"async\" width=\"408\" height=\"306\" src=\"https:\/\/seoceuta.es\/wordpress\/wp-content\/uploads\/2025\/01\/pantanorenegado4.jpg\" alt=\"\" class=\"wp-image-829\" style=\"width:733px;height:auto\" srcset=\"https:\/\/www.seoceuta.es\/wordpress\/wp-content\/uploads\/2025\/01\/pantanorenegado4.jpg 408w, https:\/\/www.seoceuta.es\/wordpress\/wp-content\/uploads\/2025\/01\/pantanorenegado4-300x225.jpg 300w\" sizes=\"(max-width: 408px) 100vw, 408px\" \/><\/figure>\n\n\n\n<p class=\"has-text-align-center\">En este recorrido partimos del Mirador de Isabel II y descendemos por la pista que nos lleva hasta el Pantano del Renegado, antes de llegar a este, bajamos al cauce del Arroyo del Renegado y recorremos la parte final de este.<\/p>\n\n\n\n<p class=\"has-text-align-center\">El trayecto esta especialmente indicado realizarlo en las epocas de migraci\u00f3n y particularmente en el paso prenupcial, donde podemos observar gran variedad de especies de aves que se sedimentan en esta zona. La proximidad del embalse (aunque este por sus pronunciadas orillas no reune las condiciones idoneas para el cobijo de las especies palustres) aumenta la posibilidad de ver otras especies como Garzas reales, anatidas, limicolas, etc.<\/p>\n\n\n\n<p class=\"has-text-align-center has-vivid-red-color has-text-color has-link-color wp-elements-84c234109ac00229b90bc5cc5fb13b13\"><strong>R-6. MONTE HACHO<\/strong><\/p>\n\n\n\n<figure class=\"wp-block-image is-resized\"><img loading=\"lazy\" decoding=\"async\" width=\"408\" height=\"306\" src=\"https:\/\/seoceuta.es\/wordpress\/wp-content\/uploads\/2025\/01\/fortaleza4.jpg\" alt=\"Monte Hacho\" class=\"wp-image-831\" style=\"width:733px;height:auto\" srcset=\"https:\/\/www.seoceuta.es\/wordpress\/wp-content\/uploads\/2025\/01\/fortaleza4.jpg 408w, https:\/\/www.seoceuta.es\/wordpress\/wp-content\/uploads\/2025\/01\/fortaleza4-300x225.jpg 300w\" sizes=\"(max-width: 408px) 100vw, 408px\" \/><\/figure>\n\n\n\n<p class=\"has-text-align-center\">Este recorrido comienza en la pista que sube del campo de f\u00fatbol \u00abJose Martinez Pirri\u00bb a la Fortaleza del Hacho y continua alrededor de esta (R-6). Es recomendable sobre todo en migraci\u00f3n postnupcial con vientos de componente este (Levante).<\/p>\n\n\n\n\n\n<p><\/p>\n<div class=\"pvc_clear\"><\/div><p id=\"pvc_stats_820\" class=\"pvc_stats all  \" data-element-id=\"820\" style=\"\"><i class=\"pvc-stats-icon medium\" aria-hidden=\"true\"><svg aria-hidden=\"true\" focusable=\"false\" data-prefix=\"far\" data-icon=\"chart-bar\" role=\"img\" xmlns=\"http:\/\/www.w3.org\/2000\/svg\" viewBox=\"0 0 512 512\" class=\"svg-inline--fa fa-chart-bar fa-w-16 fa-2x\"><path fill=\"currentColor\" d=\"M396.8 352h22.4c6.4 0 12.8-6.4 12.8-12.8V108.8c0-6.4-6.4-12.8-12.8-12.8h-22.4c-6.4 0-12.8 6.4-12.8 12.8v230.4c0 6.4 6.4 12.8 12.8 12.8zm-192 0h22.4c6.4 0 12.8-6.4 12.8-12.8V140.8c0-6.4-6.4-12.8-12.8-12.8h-22.4c-6.4 0-12.8 6.4-12.8 12.8v198.4c0 6.4 6.4 12.8 12.8 12.8zm96 0h22.4c6.4 0 12.8-6.4 12.8-12.8V204.8c0-6.4-6.4-12.8-12.8-12.8h-22.4c-6.4 0-12.8 6.4-12.8 12.8v134.4c0 6.4 6.4 12.8 12.8 12.8zM496 400H48V80c0-8.84-7.16-16-16-16H16C7.16 64 0 71.16 0 80v336c0 17.67 14.33 32 32 32h464c8.84 0 16-7.16 16-16v-16c0-8.84-7.16-16-16-16zm-387.2-48h22.4c6.4 0 12.8-6.4 12.8-12.8v-70.4c0-6.4-6.4-12.8-12.8-12.8h-22.4c-6.4 0-12.8 6.4-12.8 12.8v70.4c0 6.4 6.4 12.8 12.8 12.8z\" class=\"\"><\/path><\/svg><\/i> <img loading=\"lazy\" decoding=\"async\" width=\"16\" height=\"16\" alt=\"Loading\" src=\"https:\/\/www.seoceuta.es\/wordpress\/wp-content\/plugins\/page-views-count\/ajax-loader-2x.gif\" border=0 \/><\/p><div class=\"pvc_clear\"><\/div>","protected":false},"excerpt":{"rendered":"<p>En el mapa del territorio de Ceuta, se muestran los<\/p>\n<div class=\"pvc_clear\"><\/div>\n<p id=\"pvc_stats_820\" class=\"pvc_stats all  \" data-element-id=\"820\" style=\"\"><i class=\"pvc-stats-icon medium\" aria-hidden=\"true\"><svg aria-hidden=\"true\" focusable=\"false\" data-prefix=\"far\" data-icon=\"chart-bar\" role=\"img\" xmlns=\"http:\/\/www.w3.org\/2000\/svg\" viewBox=\"0 0 512 512\" class=\"svg-inline--fa fa-chart-bar fa-w-16 fa-2x\"><path fill=\"currentColor\" d=\"M396.8 352h22.4c6.4 0 12.8-6.4 12.8-12.8V108.8c0-6.4-6.4-12.8-12.8-12.8h-22.4c-6.4 0-12.8 6.4-12.8 12.8v230.4c0 6.4 6.4 12.8 12.8 12.8zm-192 0h22.4c6.4 0 12.8-6.4 12.8-12.8V140.8c0-6.4-6.4-12.8-12.8-12.8h-22.4c-6.4 0-12.8 6.4-12.8 12.8v198.4c0 6.4 6.4 12.8 12.8 12.8zm96 0h22.4c6.4 0 12.8-6.4 12.8-12.8V204.8c0-6.4-6.4-12.8-12.8-12.8h-22.4c-6.4 0-12.8 6.4-12.8 12.8v134.4c0 6.4 6.4 12.8 12.8 12.8zM496 400H48V80c0-8.84-7.16-16-16-16H16C7.16 64 0 71.16 0 80v336c0 17.67 14.33 32 32 32h464c8.84 0 16-7.16 16-16v-16c0-8.84-7.16-16-16-16zm-387.2-48h22.4c6.4 0 12.8-6.4 12.8-12.8v-70.4c0-6.4-6.4-12.8-12.8-12.8h-22.4c-6.4 0-12.8 6.4-12.8 12.8v70.4c0 6.4 6.4 12.8 12.8 12.8z\" class=\"\"><\/path><\/svg><\/i> <img loading=\"lazy\" decoding=\"async\" width=\"16\" height=\"16\" alt=\"Loading\" src=\"https:\/\/www.seoceuta.es\/wordpress\/wp-content\/plugins\/page-views-count\/ajax-loader-2x.gif\" border=0 \/><\/p>\n<div class=\"pvc_clear\"><\/div>\n","protected":false},"author":1,"featured_media":824,"parent":0,"menu_order":0,"comment_status":"closed","ping_status":"closed","template":"","meta":{"advgb_blocks_editor_width":"","advgb_blocks_columns_visual_guide":"","ngg_post_thumbnail":0,"footnotes":""},"class_list":["post-820","page","type-page","status-publish","has-post-thumbnail","hentry"],"a3_pvc":{"activated":true,"total_views":1,"today_views":1},"coauthors":[],"author_meta":{"author_link":"https:\/\/www.seoceuta.es\/wordpress\/author\/ajcambelo\/","display_name":"SeoCeuta"},"relative_dates":{"created":"Publicado 1 a\u00f1o hace","modified":"Actualizado 1 a\u00f1o hace"},"absolute_dates":{"created":"Publicado el 22 de enero de 2025","modified":"Actualizado el 30 de enero de 2025"},"absolute_dates_time":{"created":"Publicado el 22 de enero de 2025 10:03","modified":"Actualizado el 30 de enero de 2025 16:47"},"featured_img_caption":"","featured_img":"https:\/\/www.seoceuta.es\/wordpress\/wp-content\/uploads\/2025\/01\/benzu1.jpg","series_order":"","_links":{"self":[{"href":"https:\/\/www.seoceuta.es\/wordpress\/wp-json\/wp\/v2\/pages\/820","targetHints":{"allow":["GET"]}}],"collection":[{"href":"https:\/\/www.seoceuta.es\/wordpress\/wp-json\/wp\/v2\/pages"}],"about":[{"href":"https:\/\/www.seoceuta.es\/wordpress\/wp-json\/wp\/v2\/types\/page"}],"author":[{"embeddable":true,"href":"https:\/\/www.seoceuta.es\/wordpress\/wp-json\/wp\/v2\/users\/1"}],"replies":[{"embeddable":true,"href":"https:\/\/www.seoceuta.es\/wordpress\/wp-json\/wp\/v2\/comments?post=820"}],"version-history":[{"count":3,"href":"https:\/\/www.seoceuta.es\/wordpress\/wp-json\/wp\/v2\/pages\/820\/revisions"}],"predecessor-version":[{"id":1293,"href":"https:\/\/www.seoceuta.es\/wordpress\/wp-json\/wp\/v2\/pages\/820\/revisions\/1293"}],"wp:featuredmedia":[{"embeddable":true,"href":"https:\/\/www.seoceuta.es\/wordpress\/wp-json\/wp\/v2\/media\/824"}],"wp:attachment":[{"href":"https:\/\/www.seoceuta.es\/wordpress\/wp-json\/wp\/v2\/media?parent=820"}],"curies":[{"name":"wp","href":"https:\/\/api.w.org\/{rel}","templated":true}]}}